{"id":10661,"date":"2019-10-04T09:02:59","date_gmt":"2019-10-04T09:02:59","guid":{"rendered":"https:\/\/heavens-furniture.com\/?page_id=10661"},"modified":"2023-07-25T09:12:39","modified_gmt":"2023-07-25T09:12:39","slug":"matraci","status":"publish","type":"page","link":"https:\/\/heavens-furniture.com\/lv\/matraci\/","title":{"rendered":"Matra\u010di"},"content":{"rendered":"\t\t<div data-elementor-type=\"wp-post\" data-elementor-id=\"10661\" class=\"elementor elementor-10661\" data-elementor-post-type=\"page\">\n\t\t\t\t\t\t<section class=\"elementor-section elementor-top-section elementor-element elementor-element-56e4942 elementor-section-height-full elementor-section-items-bottom elementor-section-stretched elementor-section-boxed elementor-section-height-default\" data-id=\"56e4942\" data-element_type=\"section\" data-settings=\"{&quot;background_background&quot;:&quot;video&quot;,&quot;stretch_section&quot;:&quot;section-stretched&quot;}\">\n\t\t\t\t\t\t\t<div class=\"elementor-background-overlay\"><\/div>\n\t\t\t\t\t\t\t<div class=\"elementor-container elementor-column-gap-no\">\n\t\t\t\t\t<div class=\"elementor-column elementor-col-100 elementor-top-column elementor-element elementor-element-3fc584b\" data-id=\"3fc584b\" data-element_type=\"column\">\n\t\t\t<div class=\"elementor-widget-wrap elementor-element-populated\">\n\t\t\t\t\t\t<div class=\"elementor-element elementor-element-9f3619e elementor-widget elementor-widget-heading\" data-id=\"9f3619e\" data-element_type=\"widget\" data-widget_type=\"heading.default\">\n\t\t\t\t<div class=\"elementor-widget-container\">\n\t\t\t\t\t<h5 class=\"elementor-heading-title elementor-size-default\">CILV\u0112KS VID\u0112JI 26 GADUS SAVAS DZ\u012aVES PAVADA MIEG\u0100 UN PAPILDUS 2 GADUS CEN\u0160OTIES AIZMIGT. TAS NOZ\u012aM\u0112, KA GULT\u0100 TIEK PAVAD\u012aTI 28 GADI NO CILV\u0112KA DZ\u012aVES!\n\n<\/h5>\t\t\t\t<\/div>\n\t\t\t\t<\/div>\n\t\t\t\t<div class=\"elementor-element elementor-element-c953c98 elementor-hidden-desktop elementor-hidden-tablet elementor-widget elementor-widget-spacer\" data-id=\"c953c98\" data-element_type=\"widget\" data-widget_type=\"spacer.default\">\n\t\t\t\t<div class=\"elementor-widget-container\">\n\t\t\t\t\t\t\t<div class=\"elementor-spacer\">\n\t\t\t<div class=\"elementor-spacer-inner\"><\/div>\n\t\t<\/div>\n\t\t\t\t\t\t<\/div>\n\t\t\t\t<\/div>\n\t\t\t\t<div class=\"elementor-element elementor-element-089b131 elementor-widget elementor-widget-text-editor\" data-id=\"089b131\" data-element_type=\"widget\" data-widget_type=\"text-editor.default\">\n\t\t\t\t<div class=\"elementor-widget-container\">\n\t\t\t\t\t\t\t\t\t<p><span style=\"font-weight: 400;\">Atlasot da\u017e\u0101dus m\u012bkstos materi\u0101lus un str\u0101d\u0101jot pie ergonomisko kabat-atsperu pilnveido\u0161anas, ir rad\u012btas tr\u012bs da\u017e\u0101das matra\u010du kolekcijas &#8211; <\/span><span style=\"font-weight: 400;\">\u201cPils Matra\u010di\u201d, \u201cStay\u201d un \u201cHeavens\u201d.<\/span><\/p>\t\t\t\t\t\t\t\t<\/div>\n\t\t\t\t<\/div>\n\t\t\t\t<section class=\"elementor-section elementor-inner-section elementor-element elementor-element-e9a2424 elementor-hidden-phone elementor-section-boxed elementor-section-height-default elementor-section-height-default\" data-id=\"e9a2424\" data-element_type=\"section\">\n\t\t\t\t\t\t<div class=\"elementor-container elementor-column-gap-default\">\n\t\t\t\t\t<div class=\"elementor-column elementor-col-33 elementor-inner-column elementor-element elementor-element-dc3fb08\" data-id=\"dc3fb08\" data-element_type=\"column\" data-settings=\"{&quot;background_background&quot;:&quot;classic&quot;}\">\n\t\t\t<div class=\"elementor-widget-wrap elementor-element-populated\">\n\t\t\t\t\t\t<div class=\"elementor-element elementor-element-9e62adb elementor-widget elementor-widget-image\" data-id=\"9e62adb\" data-element_type=\"widget\" data-widget_type=\"image.default\">\n\t\t\t\t<div class=\"elementor-widget-container\">\n\t\t\t\t\t\t\t\t\t\t\t\t\t\t\t\t<a href=\"\/stay-matraci\/\">\n\t\t\t\t\t\t\t<img decoding=\"async\" src=\"https:\/\/heavens-furniture.com\/wp-content\/uploads\/elementor\/thumbs\/stay_logo-qt7jyggsfbz7f6io5j24vp2u3yqqjo38q7tj6nblds.png\" title=\"stay_logo\" alt=\"stay_logo\" loading=\"lazy\" \/>\t\t\t\t\t\t\t\t<\/a>\n\t\t\t\t\t\t\t\t\t\t\t\t\t\t\t<\/div>\n\t\t\t\t<\/div>\n\t\t\t\t\t<\/div>\n\t\t<\/div>\n\t\t\t\t<div class=\"elementor-column elementor-col-33 elementor-inner-column elementor-element elementor-element-7f69192\" data-id=\"7f69192\" data-element_type=\"column\" data-settings=\"{&quot;background_background&quot;:&quot;classic&quot;}\">\n\t\t\t<div class=\"elementor-widget-wrap elementor-element-populated\">\n\t\t\t\t\t\t<div class=\"elementor-element elementor-element-a08ba5e elementor-widget elementor-widget-image\" data-id=\"a08ba5e\" data-element_type=\"widget\" data-widget_type=\"image.default\">\n\t\t\t\t<div class=\"elementor-widget-container\">\n\t\t\t\t\t\t\t\t\t\t\t\t\t\t\t\t<a href=\"\/pils-matraci\/\">\n\t\t\t\t\t\t\t<img decoding=\"async\" src=\"https:\/\/heavens-furniture.com\/wp-content\/uploads\/elementor\/thumbs\/pils_matraci-qt7jz232sisqsjwu7ojb4c1fqfxrc49y7u9x0ps1kw.png\" title=\"pils_matraci\" alt=\"pils_matraci\" loading=\"lazy\" \/>\t\t\t\t\t\t\t\t<\/a>\n\t\t\t\t\t\t\t\t\t\t\t\t\t\t\t<\/div>\n\t\t\t\t<\/div>\n\t\t\t\t\t<\/div>\n\t\t<\/div>\n\t\t\t\t<div class=\"elementor-column elementor-col-33 elementor-inner-column elementor-element elementor-element-e86829f\" data-id=\"e86829f\" data-element_type=\"column\" data-settings=\"{&quot;background_background&quot;:&quot;classic&quot;}\">\n\t\t\t<div class=\"elementor-widget-wrap elementor-element-populated\">\n\t\t\t\t\t\t<div class=\"elementor-element elementor-element-917e5d5 elementor-widget elementor-widget-image\" data-id=\"917e5d5\" data-element_type=\"widget\" data-widget_type=\"image.default\">\n\t\t\t\t<div class=\"elementor-widget-container\">\n\t\t\t\t\t\t\t\t\t\t\t\t\t\t\t\t<a href=\"\/heavens\/\">\n\t\t\t\t\t\t\t<img decoding=\"async\" src=\"https:\/\/heavens-furniture.com\/wp-content\/uploads\/elementor\/thumbs\/heavens_logo-1-qt7jzon7cjnlid4uu5cqctjzyzxcwk5y69nofpiuio.png\" title=\"heavens_logo\" alt=\"heavens_logo\" loading=\"lazy\" \/>\t\t\t\t\t\t\t\t<\/a>\n\t\t\t\t\t\t\t\t\t\t\t\t\t\t\t<\/div>\n\t\t\t\t<\/div>\n\t\t\t\t\t<\/div>\n\t\t<\/div>\n\t\t\t\t\t<\/div>\n\t\t<\/section>\n\t\t\t\t\t<\/div>\n\t\t<\/div>\n\t\t\t\t\t<\/div>\n\t\t<\/section>\n\t\t\t\t<section class=\"elementor-section elementor-inner-section elementor-element elementor-element-bca5986 elementor-hidden-desktop elementor-hidden-tablet elementor-section-boxed elementor-section-height-default elementor-section-height-default\" data-id=\"bca5986\" data-element_type=\"section\">\n\t\t\t\t\t\t<div class=\"elementor-container elementor-column-gap-default\">\n\t\t\t\t\t<div class=\"elementor-column elementor-col-33 elementor-inner-column elementor-element elementor-element-efe63bd\" data-id=\"efe63bd\" data-element_type=\"column\" data-settings=\"{&quot;background_background&quot;:&quot;classic&quot;}\">\n\t\t\t<div class=\"elementor-widget-wrap elementor-element-populated\">\n\t\t\t\t\t\t<div class=\"elementor-element elementor-element-244ba90 elementor-widget elementor-widget-image\" data-id=\"244ba90\" data-element_type=\"widget\" data-widget_type=\"image.default\">\n\t\t\t\t<div class=\"elementor-widget-container\">\n\t\t\t\t\t\t\t\t\t\t\t\t\t\t\t\t<a href=\"\/stay-matraci\/\">\n\t\t\t\t\t\t\t<img decoding=\"async\" src=\"https:\/\/heavens-furniture.com\/wp-content\/uploads\/elementor\/thumbs\/stay_logo-qt7jyggsfbz7f6io5j24vp2u3yqqjo38q7tj6nblds.png\" title=\"stay_logo\" alt=\"stay_logo\" loading=\"lazy\" \/>\t\t\t\t\t\t\t\t<\/a>\n\t\t\t\t\t\t\t\t\t\t\t\t\t\t\t<\/div>\n\t\t\t\t<\/div>\n\t\t\t\t\t<\/div>\n\t\t<\/div>\n\t\t\t\t<div class=\"elementor-column elementor-col-33 elementor-inner-column elementor-element elementor-element-fd7423a\" data-id=\"fd7423a\" data-element_type=\"column\" data-settings=\"{&quot;background_background&quot;:&quot;classic&quot;}\">\n\t\t\t<div class=\"elementor-widget-wrap elementor-element-populated\">\n\t\t\t\t\t\t<div class=\"elementor-element elementor-element-4f38b2b elementor-widget elementor-widget-image\" data-id=\"4f38b2b\" data-element_type=\"widget\" data-widget_type=\"image.default\">\n\t\t\t\t<div class=\"elementor-widget-container\">\n\t\t\t\t\t\t\t\t\t\t\t\t\t\t\t\t<a href=\"\/pils-matraci\/\">\n\t\t\t\t\t\t\t<img decoding=\"async\" src=\"https:\/\/heavens-furniture.com\/wp-content\/uploads\/elementor\/thumbs\/pils_matraci-qt7jz232sisqsjwu7ojb4c1fqfxrc49y7u9x0ps1kw.png\" title=\"pils_matraci\" alt=\"pils_matraci\" loading=\"lazy\" \/>\t\t\t\t\t\t\t\t<\/a>\n\t\t\t\t\t\t\t\t\t\t\t\t\t\t\t<\/div>\n\t\t\t\t<\/div>\n\t\t\t\t\t<\/div>\n\t\t<\/div>\n\t\t\t\t<div class=\"elementor-column elementor-col-33 elementor-inner-column elementor-element elementor-element-3b4ad6b\" data-id=\"3b4ad6b\" data-element_type=\"column\" data-settings=\"{&quot;background_background&quot;:&quot;classic&quot;}\">\n\t\t\t<div class=\"elementor-widget-wrap elementor-element-populated\">\n\t\t\t\t\t\t<div class=\"elementor-element elementor-element-8fa2758 elementor-widget elementor-widget-image\" data-id=\"8fa2758\" data-element_type=\"widget\" data-widget_type=\"image.default\">\n\t\t\t\t<div class=\"elementor-widget-container\">\n\t\t\t\t\t\t\t\t\t\t\t\t\t\t\t\t<a href=\"\/heavens\/\">\n\t\t\t\t\t\t\t<img decoding=\"async\" src=\"https:\/\/heavens-furniture.com\/wp-content\/uploads\/elementor\/thumbs\/heavens_logo-1-qt7jzon7cjnlid4uu5cqctjzyzxcwk5y69nofpiuio.png\" title=\"heavens_logo\" alt=\"heavens_logo\" loading=\"lazy\" \/>\t\t\t\t\t\t\t\t<\/a>\n\t\t\t\t\t\t\t\t\t\t\t\t\t\t\t<\/div>\n\t\t\t\t<\/div>\n\t\t\t\t\t<\/div>\n\t\t<\/div>\n\t\t\t\t\t<\/div>\n\t\t<\/section>\n\t\t\t\t<\/div>\n\t\t","protected":false},"excerpt":{"rendered":"<p>CILV\u0112KS VID\u0112JI 26 GADUS SAVAS DZ\u012aVES PAVADA MIEG\u0100 UN PAPILDUS 2 GADUS CEN\u0160OTIES AIZMIGT. TAS NOZ\u012aM\u0112, KA GULT\u0100 TIEK PAVAD\u012aTI 28 GADI NO CILV\u0112KA DZ\u012aVES! Atlasot da\u017e\u0101dus m\u012bkstos materi\u0101lus un str\u0101d\u0101jot pie ergonomisko kabat-atsperu pilnveido\u0161anas, ir rad\u012btas tr\u012bs da\u017e\u0101das matra\u010du kolekcijas &#8211; \u201cPils Matra\u010di\u201d, \u201cStay\u201d un \u201cHeavens\u201d.<\/p>\n","protected":false},"author":2,"featured_media":0,"parent":0,"menu_order":21,"comment_status":"closed","ping_status":"closed","template":"elementor_header_footer","meta":{"_acf_changed":false,"iawp_total_views":60,"footnotes":""},"class_list":["post-10661","page","type-page","status-publish","hentry"],"acf":[],"_links":{"self":[{"href":"https:\/\/heavens-furniture.com\/lv\/wp-json\/wp\/v2\/pages\/10661\/"}],"collection":[{"href":"https:\/\/heavens-furniture.com\/lv\/wp-json\/wp\/v2\/pages\/"}],"about":[{"href":"https:\/\/heavens-furniture.com\/lv\/wp-json\/wp\/v2\/types\/page\/"}],"author":[{"embeddable":true,"href":"https:\/\/heavens-furniture.com\/lv\/wp-json\/wp\/v2\/users\/2\/"}],"replies":[{"embeddable":true,"href":"https:\/\/heavens-furniture.com\/lv\/wp-json\/wp\/v2\/comments\/?post=10661"}],"version-history":[{"count":36,"href":"https:\/\/heavens-furniture.com\/lv\/wp-json\/wp\/v2\/pages\/10661\/revisions\/"}],"predecessor-version":[{"id":12123,"href":"https:\/\/heavens-furniture.com\/lv\/wp-json\/wp\/v2\/pages\/10661\/revisions\/12123\/"}],"wp:attachment":[{"href":"https:\/\/heavens-furniture.com\/lv\/wp-json\/wp\/v2\/media\/?parent=10661"}],"curies":[{"name":"wp","href":"https:\/\/api.w.org\/{rel}","templated":true}]}}