{"id":11554,"date":"2019-10-18T14:53:38","date_gmt":"2019-10-18T14:53:38","guid":{"rendered":"https:\/\/heavens-furniture.com\/?page_id=11554"},"modified":"2023-07-25T09:12:26","modified_gmt":"2023-07-25T09:12:26","slug":"datu-aizsardziba","status":"publish","type":"page","link":"https:\/\/heavens-furniture.com\/lv\/datu-aizsardziba\/","title":{"rendered":"Datu aizsardz\u012bba"},"content":{"rendered":"\t\t<div data-elementor-type=\"wp-post\" data-elementor-id=\"11554\" class=\"elementor elementor-11554\" data-elementor-post-type=\"page\">\n\t\t\t\t\t\t<section class=\"elementor-section elementor-top-section elementor-element elementor-element-301c20bf elementor-section-boxed elementor-section-height-default elementor-section-height-default\" data-id=\"301c20bf\" data-element_type=\"section\">\n\t\t\t\t\t\t<div class=\"elementor-container elementor-column-gap-default\">\n\t\t\t\t\t<div class=\"elementor-column elementor-col-100 elementor-top-column elementor-element elementor-element-ffaba6a\" data-id=\"ffaba6a\" data-element_type=\"column\">\n\t\t\t<div class=\"elementor-widget-wrap elementor-element-populated\">\n\t\t\t\t\t\t<div class=\"elementor-element elementor-element-9469a67 elementor-widget elementor-widget-text-editor\" data-id=\"9469a67\" data-element_type=\"widget\" data-widget_type=\"text-editor.default\">\n\t\t\t\t<div class=\"elementor-widget-container\">\n\t\t\t\t\t\t\t\t\t<p class=\"p1\"><span class=\"s1\">PRIV\u0100TUMA POLITIKA<\/span><\/p>\n<p class=\"p2\"><span class=\"s2\">Priv\u0101tuma politikas m\u0113r\u0137is ir sniegt fiziskajai personai (datu subjektam) inform\u0101ciju par fizisk\u0101s personas personas datu apstr\u0101des m\u0113r\u0137i, nol\u016bku, apjomu, dro\u0161\u012bbu, aizsardz\u012bbu, k\u0101 ar\u012b sniegt citu inform\u0101ciju par personas datu apstr\u0101di.<\/span><\/p>\n<p class=\"p4\"><span class=\"s2\">PERSONAS DATI<\/span><\/p>\n<p class=\"p2\"><span class=\"s2\">Personas dati ir jebk\u0101da inform\u0101cija, kas attiecas uz identific\u0113tu vai identific\u0113jamu fizisko personu.<\/span><\/p>\n<p class=\"p6\"><span class=\"s2\">1) K\u0100DU INFORM\u0100CIJU M\u0112S IEV\u0100CAM?<\/span><\/p>\n<p class=\"p7\"><span class=\"s2\">Mums ir ties\u012bbas iev\u0101kt, uzglab\u0101t un izmantot \u0161\u0101da veida personas datus:<br>1.1.) J\u016bsu datora datus un datus par J\u016bsu apmekl\u0113jumiem un \u0161\u012bs vietnes lieto\u0161anu (tostarp J\u016bsu IP adresi, \u0123eogr\u0101fisko atra\u0161an\u0101s vietu, p\u0101rl\u016bkprogrammas veidu un versiju, oper\u0113t\u0101jsist\u0113mu, apmekl\u0113juma laiku, lapu skat\u012bjumus un vietnes navig\u0101ciju);<br>1.2.) datus saist\u012bb\u0101 ar jebk\u0101diem dar\u012bjumiem, kas notiek starp Jums un mums vai ar\u012b saist\u012bb\u0101 ar \u0161o vietni;(V\u0101rds, Uzv\u0101rds , adreses, t\u0101lru\u0146a numurs , e \u2013 pasts, personas kods gad\u012bjumos , ja to pieperasa likumdo\u0161ana)<br>1,3.) datus, kurus mums sniedzat, lai re\u0123istr\u0113tos m\u016bsu vietn\u0113;<br>1.4.) datus, kurus mums sniedzat, lai pierakst\u012btos uz m\u016bsu t\u012bmek\u013ca vietnes pakalpojumiem, e-pasta pazi\u0146ojumiem un jaunumiem;<br>1.5.) jebk\u0101du citu inform\u0101ciju, kuru J\u016bs pa\u0161i esat izv\u0113l\u0113ju\u0161ies mums pazi\u0146ot.<\/span><\/p>\n<p class=\"p8\"><span class=\"s2\">2) S\u012aKDATNES<\/span><\/p>\n<p class=\"p9\"><span class=\"s2\">www.naktsmebeles.lv vietn\u0113 tiek izmantotas s\u012bkdatnes (ang\u013cu valod\u0101 \u201ccookies\u201c).<\/span><\/p>\n<p class=\"p7\"><span class=\"s2\">S\u012bkdatne satur inform\u0101ciju, kuru t\u012bmek\u013ca serveris nos\u016bta t\u012bmek\u013ca p\u0101rl\u016bkprogrammai, lai t\u0101 to saglab\u0101tu. P\u0113c tam \u0161\u012b inform\u0101cija tiek nos\u016bt\u012bta atpaka\u013c serverim ik reizi, kad p\u0101rl\u016bkprogramma pieprasa lapu serverim. Tas \u013cauj t\u012bmek\u013ca serverim identific\u0113t un izsekot t\u012bmek\u013ca p\u0101rl\u016bkprogrammu.<br>M\u0113s sav\u0101 t\u012bmek\u013ca vietn\u0113 izmantojam gan \u201esesijas\u201d s\u012bkdatnes, gan \u201epast\u0101v\u012bg\u0101s\u201d s\u012bkdatnes. Sesijas S\u012bkdatnes m\u0113s izmantojam, lai izsekotu J\u016bsu p\u0101rvieto\u0161anos m\u016bsu t\u012bmek\u013ca vietn\u0113.<br>Sesijas s\u012bkdatnes tiek dz\u0113stas no J\u016bsu datora mirkl\u012b, kad aizverat p\u0101rl\u016bkprogrammu. Past\u0101v\u012bg\u0101s s\u012bkdatnes saglab\u0101jas J\u016bsu dator\u0101 l\u012bdz br\u012bdim, kad tie tiek izdz\u0113sti vai l\u012bdz tie sasniedz k\u0101du noteiktu izbeig\u0161an\u0101s termi\u0146u.<br>\u0160\u012bs t\u012bmek\u013ca vietnes anal\u012bzei m\u0113s izmantojam Google Analytics. Google Analytics \u0123ener\u0113 statistikas un citu inform\u0101ciju par t\u012bmek\u013ca vietnes lieto\u0161anu, izmantojot s\u012bkdatnes, kas saglab\u0101jas lietot\u0101ju datoros. Ar m\u016bsu t\u012bmek\u013ca vietni saist\u012bt\u0101 inform\u0101cija tiek izmantota, lai sagatavotu zi\u0146ojumus par vietnes lieto\u0161anu. \u0160o inform\u0101ciju uzglab\u0101 Google. Google priv\u0101tuma politika ir pieejama \u0161eit:&nbsp;<a href=\"https:\/\/www.google.com\/privacypolicy.html\"><span class=\"s3\">https:\/\/www.google.com\/privacypolicy.html<\/span><\/a>.<br>Vairums p\u0101rl\u016bkprogrammu \u013cauj Jums atteikties no s\u012bkdat\u0146u izmanto\u0161anas, kam\u0113r da\u017ei at\u013cauj tikai tre\u0161o personu s\u012bkdat\u0146u noraid\u012b\u0161anu. Piem\u0113ram, ar Internet Explorer varat atteikties no visu s\u012bkdat\u0146u izmanto\u0161anas, klik\u0161\u0137inot uz \u201eTools\u201d, \u201eInternet Options\u201d, \u201ePrivacy\u201d un izv\u0113loties \u201eBlock all cookies\u201d ar atlas\u012bt\u0101ja pal\u012bdz\u012bbu. Tom\u0113r visu s\u012bkdat\u0146u blo\u0137\u0113\u0161ana var negat\u012bvi ietekm\u0113t daudzu t\u012bmek\u013ca viet\u0146u izmantojam\u012bbu.<\/span><span class=\"s4\"> Papildu inform\u0101ciju par s\u012bkdatn\u0113m, k\u0101 ar\u012b k\u0101 t\u0101s iesp\u0113jams p\u0101rvald\u012bt vai izdz\u0113st, varat ieg\u016bt m\u0101jaslap\u0101 <a href=\"http:\/\/www.aboutcookies.org\"><span class=\"s5\">www.aboutcookies.org<\/span><\/a><\/span><\/p>\n<p class=\"p8\"><span class=\"s2\">3) PERSONAS DATU IZMANTO\u0160ANA<\/span><\/p>\n<p class=\"p7\"><span class=\"s2\">No Jums sa\u0146emtie personas datii tiks izmantoti \u0161aj\u0101 priv\u0101tuma politik\u0101 vai attiec\u012bgaj\u0101s vietnes da\u013c\u0101s noteiktajiem m\u0113r\u0137iem.<br>Mums ir ties\u012bbas izmantot J\u016bsu personas datus, lai:<\/span><\/p>\n<p class=\"p7\"><span class=\"s2\">3.1.) nodro\u0161in\u0101tu savstarp\u0113jo saist\u012bbu izpildi, kas izrie no m\u016bsu starp\u0101 nosl\u0113gto l\u012bgumu nosac\u012bjumiem.<span class=\"Apple-converted-space\">&nbsp; &nbsp; &nbsp; &nbsp; &nbsp; &nbsp; &nbsp; &nbsp; &nbsp; &nbsp; &nbsp; &nbsp; &nbsp; &nbsp; &nbsp; &nbsp; &nbsp; &nbsp; &nbsp; &nbsp; &nbsp; &nbsp; &nbsp; &nbsp; &nbsp; &nbsp; &nbsp; &nbsp; &nbsp; &nbsp; &nbsp; &nbsp; &nbsp; &nbsp; &nbsp; &nbsp; &nbsp; &nbsp; &nbsp; &nbsp; &nbsp; &nbsp; &nbsp; &nbsp; &nbsp; &nbsp; &nbsp; &nbsp; &nbsp; &nbsp; &nbsp; &nbsp; &nbsp; &nbsp; &nbsp; &nbsp; &nbsp; &nbsp; &nbsp; &nbsp; &nbsp; &nbsp; <\/span>3.2.) lai izpild\u012btu likum\u0101 noteikt\u0101s pras\u012bbas attiec\u012bb\u0101 uz valsts instit\u016bcij\u0101m.<br>3.3.) administr\u0113tu t\u012bmek\u013ca vietni;<br>3.4.) uzlabotu J\u016bsu p\u0101rl\u016bko\u0161anas iesp\u0113jas, personaliz\u0113jot vietni;<br>3.5.) dotu Jums iesp\u0113ju izmantot vietn\u0113 pieejamos pakalpojumus;<br>3.6) nos\u016bt\u012btu Jums visp\u0101r\u012bga rakstura (ne rekl\u0101mas nol\u016bkos) komerci\u0101lus pazi\u0146ojumus;<br>6.7.) nos\u016bt\u012btu Jums J\u016bsu konkr\u0113ti piepras\u012btos e-pasta pazi\u0146ojumus;<br><\/span><span class=\"s4\">3.8.) nos\u016bt\u012btu Jums m\u016bsu jaunumu lapu un citu rekl\u0101mas inform\u0101ciju saist\u012bb\u0101 ar m\u016bsu uz\u0146\u0113m\u0113jdarb\u012bbu vai r\u016bp\u012bgi izv\u0113l\u0113tu tre\u0161o personu, kuras p\u0113c m\u016bsu dom\u0101m Jums var\u0113tu \u0161\u0137ist interesantas, uz\u0146\u0113m\u0113jdarb\u012bbu \u2013 pa pastu , e-pastu, vai ar l\u012bdz\u012bg\u0101m tehnolo\u0123ij\u0101m, ja J\u016bs esat tam nep\u0101rprotami piekritu\u0161i (Jums ir iesp\u0113jams jebkur\u0101 laik\u0101 pazi\u0146ot mums, ja vairs nev\u0113laties sa\u0146emt m\u016bsu rekl\u0101mas pazi\u0146ojumus);<\/span><span class=\"s2\"><br>3.9.) sniegtu tre\u0161aj\u0101m person\u0101m statistikas inform\u0101ciju par m\u016bsu lietot\u0101jiem, ta\u010du \u0161\u012b inform\u0101cija netiek izmantota individu\u0101lu lietot\u0101ju identific\u0113\u0161anai;<br>3.10) risin\u0101tu J\u016bsu vai par Jums iesniegtus jaut\u0101jumus un s\u016bdz\u012bbas attiec\u012bb\u0101 uz t\u012bmek\u013ca vietni.<\/span><\/p>\n<p class=\"p7\"><span class=\"s2\">Ja J\u016bs iesniedzat personas datus publisko\u0161anai m\u016bsu t\u012bmek\u013ca vietn\u0113, m\u0113s public\u0113jam, k\u0101 ar\u012b cit\u0101di izmantojam \u0161os datus saska\u0146\u0101 ar J\u016bsu mums pie\u0161\u0137irto pilnvarojumu.<br>Bez J\u016bsu skaidri izteiktas piekri\u0161anas m\u0113s nesniedzam J\u016bsu personas datus tre\u0161aj\u0101m person\u0101m izmanto\u0161anai rekl\u0101mas nol\u016bkos.<\/span><\/p>\n<p class=\"p8\"><span class=\"s2\">4) DATU ATKL\u0100\u0160ANA<\/span><\/p>\n<p class=\"p7\"><span class=\"s2\">Mums ir ties\u012bbas atkl\u0101t inform\u0101ciju par Jums m\u016bsu darbiniekiem, amatperson\u0101m, pilnvarotajiem, pieg\u0101d\u0101t\u0101jiem vai apak\u0161uz\u0146\u0113m\u0113jiem tikt\u0101l, cikt\u0101l tas ir pamatoti nepiecie\u0161ams \u0161aj\u0101 priv\u0101tuma politik\u0101 noteiktajiem m\u0113r\u0137iem.<br>Papildus mums ir ar\u012b ties\u012bbas atkl\u0101t J\u016bsu personas datus:<br>4.1.) valsts instit\u016bcij\u0101m t\u0101d\u0101 apm\u0113r\u0101, k\u0101d\u0101 mums to nosaka likums;<br>4.2.) saist\u012bb\u0101 ar jebk\u0101du tiesved\u012bbu vai iesp\u0113jamu tiesved\u012bbu;<br>4.3.) lai noteiktu, izmantotu vai izst\u0101v\u0113tu m\u016bsu likum\u012bg\u0101s ties\u012bbas (tostarp inform\u0101cijas snieg\u0161ana cit\u0101m person\u0101m, lai nov\u0113rstu kr\u0101p\u0161anu un samazin\u0101tu kred\u012btrisku);<br>4.4) jebkurai personai, kura p\u0113c m\u016bsu pamatota uzskata var\u0113tu v\u0113rsties ties\u0101 vai cit\u0101 kompetent\u0101 iest\u0101d\u0113 \u0161\u0101du personas datu atkl\u0101\u0161anas nol\u016bkos, gad\u012bjumos, kad p\u0113c m\u016bsu pamatota ieskata \u0161\u0101da tiesa vai iest\u0101de var\u0113tu pamatoti piepras\u012bt min\u0113to personas datu atkl\u0101\u0161anu.<br>Iz\u0146emot \u0161aj\u0101 priv\u0101tuma politik\u0101 nor\u0101d\u012btajos gad\u012bjums, m\u0113s neatkl\u0101jam J\u016bsu datus nek\u0101d\u0101m tre\u0161aj\u0101m person\u0101m.<\/span><\/p>\n<p class=\"p8\"><span class=\"s2\">5) STARPTAUTISK\u0100 DATU P\u0100RS\u016aT\u012a\u0160ANA<\/span><\/p>\n<p class=\"p7\"><span class=\"s2\">Mums ir ties\u012bbas iev\u0101kto inform\u0101ciju uzglab\u0101t, apstr\u0101d\u0101t un p\u0101rs\u016bt\u012bt uz jebkuru valsti, kur\u0101 m\u0113s darbojamies, lai mums b\u016btu iesp\u0113jams izmantot \u0161o inform\u0101ciju saska\u0146\u0101 ar \u0161o priv\u0101tuma politiku.<br>J\u016bsu sniegtie dati var tikt p\u0101rs\u016bt\u012bti uz valst\u012bm, kuru datu aizsardz\u012bbas likumdo\u0161anas akti nav l\u012bdzv\u0113rt\u012bgi Eiropas Ekonomiskaj\u0101 zon\u0101 sp\u0113k\u0101 eso\u0161ajiem.<br>Turkl\u0101t personas dati, kurus J\u016bs iesniedzat public\u0113\u0161anai t\u012bmek\u013ca vietn\u0113, tiek publiskoti internet\u0101 un ar interneta starpniec\u012bbu var k\u013c\u016bt pieejami vis\u0101 pasaul\u0113. Mums nav iesp\u0113jams nov\u0113rst citu personu veiktu \u0161\u0101das inform\u0101cijas izmanto\u0161anu vai \u013caunpr\u0101t\u012bgu izmanto\u0161anu.<br>J\u016bs skaidri izsak\u0101t savu piekri\u0161anu \u0161\u0101dai personas datu p\u0101rs\u016bt\u012b\u0161anai.<\/span><\/p>\n<p class=\"p8\"><span class=\"s2\">6) J\u016aSU PERSONAS DATU DRO\u0160\u012aBA<\/span><\/p>\n<p class=\"p7\"><span class=\"s2\">M\u0113s veicam sapr\u0101t\u012bgus tehniskus un organizatoriskus pas\u0101kumus, lai nov\u0113rstu J\u016bsu personas datu zudumu, \u013caunpr\u0101t\u012bgu izmanto\u0161anu vai izmain\u012b\u0161anu. Visus J\u016bsu sniegtos personas datus m\u0113s uzglab\u0101jam dro\u0161os (ar parol\u0113m un ugunsm\u016briem aizsarg\u0101tos) serveros. Protams, datu p\u0101rraide internet\u0101 pati par sevi ir nedro\u0161a, un m\u0113s nevaram garant\u0113t dro\u0161\u012bbu ar interneta starpniec\u012bbu p\u0101rs\u016bt\u012btajiem datiem.<\/span><\/p>\n<p class=\"p8\"><span class=\"s2\">7) POLITIKAS GROZ\u012aJUMI<\/span><\/p>\n<p class=\"p7\"><span class=\"s2\">Mums ir ties\u012bbas jebkur\u0101 laik\u0101 atjaunin\u0101t \u0161o priv\u0101tuma politiku, public\u0113jot t\u0101s jauno versiju m\u016bsu t\u012bmek\u013ca vietn\u0113. Jums vajadz\u0113tu reiz\u0113m p\u0101rbaud\u012bt \u0161o lapu, lai p\u0101rliecin\u0101tos, ka izdar\u012btie groz\u012bjumi J\u016bs apmierina.<\/span><\/p>\n<p class=\"p11\"><span class=\"s2\">8) PERSONAS DATU GLAB\u0100\u0160ANAS LAIKA POSMS<\/span><\/p>\n<p class=\"p12\"><span class=\"s2\">M\u0113s esamr ties\u012bgi apstr\u0101d\u0101t un glab\u0101t personas datus l\u012bdz personas datu izmanto\u0161anas m\u0113r\u0137a&nbsp;sasnieg\u0161anai, kas&nbsp;noteikta&nbsp;&nbsp;to sa\u0146em\u0161anas&nbsp;br\u012bd\u012b., tai skait\u0101 ::<\/span><\/p>\n<p class=\"p12\"><span class=\"s2\">8.1.) Kam\u0113r nav atsaukta klienta piekri\u0161ana personas datu apstr\u0101dei;<\/span><\/p>\n<p class=\"p12\"><span class=\"s2\">8.2.) Tik ilgi cik npiecie\u0161ams m\u016bsu le\u0123it\u012bmo intere\u0161u realiz\u0101cijai un aizsardz\u012bbai;<\/span><\/p>\n<p class=\"p12\"><span class=\"s2\">8.3.) Tik ilgi cik personas datu glab\u0101\u0161an\u0101s termi\u0146\u0161 ir noteikts normat\u012bvajos aktos;<\/span><\/p>\n<p class=\"p12\"><span class=\"s2\">8.4.)kam\u0113r sp\u0113k\u0101 m\u016bsu un J\u016bsu starp\u0101 nosl\u0113gt\u0101s l\u012bgumsaist\u012bbas;<\/span><\/p>\n<p class=\"p8\"><span class=\"s2\">9) J\u016aSU TIES\u012aBAS<\/span><\/p>\n<p class=\"p7\"><span class=\"s2\">Faktiski J\u016bs vai nu vienm\u0113r jau iepriek\u0161 skaidri piekr\u012btat tam, ka m\u0113s izmantojam J\u016bsu personas datus rekl\u0101mas nol\u016bkos, vai ar\u012b m\u0113s Jums nodro\u0161in\u0101m ties\u012bbas :<\/span><\/p>\n<p class=\"p12\"><span class=\"s6\">9.1.) <\/span><span class=\"s2\">jebkur\u0101 br\u012bd\u012b atteikties no komercpazi\u0146ojumu sa\u0146em\u0161anas un iebilst pret savu personas datu profil\u0113\u0161anu; Piekri\u0161anas atsaukums neietekm\u0113 personas datu apstr\u0101des likum\u012bbu un\/vai sa\u0146emto pakalpojumu kvalit\u0101ti, kas pamatojas uz piekri\u0161anu pirms atsaukuma;<\/span><\/p>\n<p class=\"p7\"><span class=\"s2\">9.2.) piepras\u012bt mums sniegt Jums jebk\u0101du personas inform\u0101ciju, k\u0101da ir m\u016bsu r\u012bc\u012bb\u0101 attiec\u012bb\u0101 uz Jums. M\u0113s varam Jums nesniegt \u0161\u0101du inform\u0101ciju t\u0101d\u0101 apm\u0113r\u0101, k\u0101d\u0101 to pie\u013cauj likums.<\/span><\/p>\n<p class=\"p12\"><span class=\"s2\">9.3.) labot visus m\u016bsu r\u012bc\u012bb\u0101 eso\u0161os personas datus par sevi;<\/span><\/p>\n<p class=\"p12\"><span class=\"s2\">9.4.) piepras\u012bt dz\u0113st vai ierobe\u017eot to personas datu apstr\u0101di, kuru apstr\u0101de vairs nav nepiecie\u0161ama saska\u0146\u0101 ar nol\u016bkiem, k\u0101diem tie tika v\u0101kti un apstr\u0101d\u0101ti (ties\u012bbas \u201cTikt aizmirstam\u201d), sniedzot iesniegumu.<\/span><\/p>\n<p class=\"p8\"><span class=\"s2\">10) TRE\u0160O PERSONU T\u012aMEK\u013bA VIETNES<\/span><\/p>\n<p class=\"p7\"><span class=\"s2\">\u0160aj\u0101 t\u012bmek\u013ca vietn\u0113 var b\u016bt saites uz cit\u0101m vietn\u0113m. M\u0113s neesam atbild\u012bgi par tre\u0161o personu t\u012bmek\u013ca viet\u0146u priv\u0101tuma politiku vai praksi.<\/span><\/p>\n<p class=\"p8\"><span class=\"s2\">11) INFORM\u0100CIJAS ATJAUNO\u0160ANA<\/span><\/p>\n<p class=\"p7\"><span class=\"s2\">L\u016bdzam pazi\u0146ot mums, ja nepiecie\u0161ama m\u016bsu r\u012bc\u012bb\u0101 par Jums eso\u0161o personas datu labo\u0161ana vai atjaunin\u0101\u0161ana.<\/span><\/p>\t\t\t\t\t\t\t\t<\/div>\n\t\t\t\t<\/div>\n\t\t\t\t\t<\/div>\n\t\t<\/div>\n\t\t\t\t\t<\/div>\n\t\t<\/section>\n\t\t\t\t<\/div>\n\t\t","protected":false},"excerpt":{"rendered":"<p>PRIV\u0100TUMA POLITIKA Priv\u0101tuma politikas m\u0113r\u0137is ir sniegt fiziskajai personai (datu subjektam) inform\u0101ciju par fizisk\u0101s personas personas datu apstr\u0101des m\u0113r\u0137i, nol\u016bku, apjomu, dro\u0161\u012bbu, aizsardz\u012bbu, k\u0101 ar\u012b sniegt citu inform\u0101ciju par personas datu apstr\u0101di. PERSONAS DATI Personas dati ir jebk\u0101da inform\u0101cija, kas attiecas uz identific\u0113tu vai identific\u0113jamu fizisko personu. 1) K\u0100DU INFORM\u0100CIJU M\u0112S IEV\u0100CAM? Mums ir ties\u012bbas [&hellip;]<\/p>\n","protected":false},"author":2,"featured_media":0,"parent":0,"menu_order":8,"comment_status":"closed","ping_status":"closed","template":"elementor_header_footer","meta":{"_acf_changed":false,"iawp_total_views":1,"footnotes":""},"class_list":["post-11554","page","type-page","status-publish","hentry"],"acf":[],"_links":{"self":[{"href":"https:\/\/heavens-furniture.com\/lv\/wp-json\/wp\/v2\/pages\/11554\/"}],"collection":[{"href":"https:\/\/heavens-furniture.com\/lv\/wp-json\/wp\/v2\/pages\/"}],"about":[{"href":"https:\/\/heavens-furniture.com\/lv\/wp-json\/wp\/v2\/types\/page\/"}],"author":[{"embeddable":true,"href":"https:\/\/heavens-furniture.com\/lv\/wp-json\/wp\/v2\/users\/2\/"}],"replies":[{"embeddable":true,"href":"https:\/\/heavens-furniture.com\/lv\/wp-json\/wp\/v2\/comments\/?post=11554"}],"version-history":[{"count":3,"href":"https:\/\/heavens-furniture.com\/lv\/wp-json\/wp\/v2\/pages\/11554\/revisions\/"}],"predecessor-version":[{"id":12162,"href":"https:\/\/heavens-furniture.com\/lv\/wp-json\/wp\/v2\/pages\/11554\/revisions\/12162\/"}],"wp:attachment":[{"href":"https:\/\/heavens-furniture.com\/lv\/wp-json\/wp\/v2\/media\/?parent=11554"}],"curies":[{"name":"wp","href":"https:\/\/api.w.org\/{rel}","templated":true}]}}