{"id":11557,"date":"2019-10-18T14:55:45","date_gmt":"2019-10-18T14:55:45","guid":{"rendered":"https:\/\/heavens-furniture.com\/?page_id=11557"},"modified":"2023-07-25T09:12:46","modified_gmt":"2023-07-25T09:12:46","slug":"piegades-nosacijumi","status":"publish","type":"page","link":"https:\/\/heavens-furniture.com\/lv\/piegades-nosacijumi\/","title":{"rendered":"Pieg\u0101des nosac\u012bjumi"},"content":{"rendered":"\t\t<div data-elementor-type=\"wp-post\" data-elementor-id=\"11557\" class=\"elementor elementor-11557\" data-elementor-post-type=\"page\">\n\t\t\t\t\t\t<section class=\"elementor-section elementor-top-section elementor-element elementor-element-6dd12f89 elementor-section-boxed elementor-section-height-default elementor-section-height-default\" data-id=\"6dd12f89\" data-element_type=\"section\">\n\t\t\t\t\t\t<div class=\"elementor-container elementor-column-gap-default\">\n\t\t\t\t\t<div class=\"elementor-column elementor-col-100 elementor-top-column elementor-element elementor-element-e2d384c\" data-id=\"e2d384c\" data-element_type=\"column\">\n\t\t\t<div class=\"elementor-widget-wrap elementor-element-populated\">\n\t\t\t\t\t\t<div class=\"elementor-element elementor-element-f1931c6 elementor-widget elementor-widget-text-editor\" data-id=\"f1931c6\" data-element_type=\"widget\" data-widget_type=\"text-editor.default\">\n\t\t\t\t<div class=\"elementor-widget-container\">\n\t\t\t\t\t\t\t\t\t\n<p><br>1. Pieg\u0101des noteikumi.<\/p>\n\n\n\n<p>1.1. Pieg\u0101de tiek veikta 2 &#8211; 6 kalend\u0101ro ned\u0113\u013cu laik\u0101 p\u0113c avansa iemaksas, ja puses nav vienoju\u0161\u0101s cit\u0101di.<\/p>\n\n\n\n<p>1.2. Par prec\u012bzu pre\u010du pieg\u0101des un\/vai uzst\u0101d\u012b\u0161anas dienu un laiku p\u0101rdev\u0113js inform\u0113 pirc\u0113ju vismaz 1 dienu iepriek\u0161. \u0145emot v\u0113r\u0101 main\u012bgo satiksmes intensit\u0101ti norun\u0101tais pieg\u0101des laiks ir uzskat\u0101ms k\u0101 aptuvens un var sv\u0101rst\u012bties 1 &#8211; 2 stundu ietvaros.<\/p>\n\n\n\n<p>1.3.Ja p\u0101rdev\u0113js nevar preci pieg\u0101d\u0101t l\u012bdz norun\u0101t\u0101 termi\u0146a beig\u0101m, pirc\u0113js ir ties\u012bgs pras\u012bt p\u0101rdev\u0113jam l\u012bgumsodu 0,5 % apm\u0113r\u0101 no dar\u012bjuma v\u0113rt\u012bbas par katru nokav\u0113to dienu no neizpild\u012bt\u0101s l\u012bguma da\u013cas.<\/p>\n\n\n\n<p>1.4. Pirc\u0113jam ir pien\u0101kums:<\/p>\n\n\n\n<p>&#8211; norun\u0101taj\u0101 pieg\u0101des dien\u0101 pie\u0146emt preci, uzr\u0101d\u012bt preces apmaksas dokumentus un parakst\u012bt pre\u010du pieg\u0101des pavadz\u012bmi;<\/p>\n\n\n\n<p>&#8211; nodro\u0161in\u0101t pieg\u0101des transporta piek\u013cuvi preces uzst\u0101d\u012b\u0161anas vai nodo\u0161anas vietai vismaz 50 metru att\u0101lum\u0101 un segt visas LR likumdo\u0161an\u0101 noteikt\u0101s ar to saist\u012bt\u0101s izmaksas (iebrauk\u0161anas at\u013caujas, caurlaides);<\/p>\n\n\n\n<p>&#8211; nodro\u0161in\u0101t atbilsto\u0161us apst\u0101k\u013cus dro\u0161ai preces uzst\u0101d\u012b\u0161anai (veco m\u0113be\u013cu demont\u0101\u017ea un utiliz\u0113\u0161ana nav ietverta pakalpojuma cen\u0101) un segt visus papildus izdevumus, kas \u0161aj\u0101 sakar\u0101 radu\u0161ies p\u0101rdev\u0113jam;<\/p>\n\n\n\n<p>&#8211; nodro\u0161in\u0101t pietieko\u0161u cilv\u0113ku skaits (atbilsto\u0161i preces gabar\u012btiem un svaram) preces sa\u0146em\u0161anai no salona telp\u0101m, ja pirc\u0113js neizv\u0113las p\u0101rdev\u0113ja pieg\u0101des pakalpojumus un v\u0113las sa\u0146emt preci k\u0101d\u0101 no &#8220;Nakts M\u0113beles&#8221; saloniem, k\u0101 ar\u012b iev\u0113rot pre\u010du izsnieg\u0161anas laikus, par kuriem inform\u0113 p\u0101rdev\u0113js.<\/p>\n\t\t\t\t\t\t\t\t<\/div>\n\t\t\t\t<\/div>\n\t\t\t\t\t<\/div>\n\t\t<\/div>\n\t\t\t\t\t<\/div>\n\t\t<\/section>\n\t\t\t\t<\/div>\n\t\t","protected":false},"excerpt":{"rendered":"<p>1. Pieg\u0101des noteikumi. 1.1. Pieg\u0101de tiek veikta 2 &#8211; 6 kalend\u0101ro ned\u0113\u013cu laik\u0101 p\u0113c avansa iemaksas, ja puses nav vienoju\u0161\u0101s cit\u0101di. 1.2. Par prec\u012bzu pre\u010du pieg\u0101des un\/vai uzst\u0101d\u012b\u0161anas dienu un laiku p\u0101rdev\u0113js inform\u0113 pirc\u0113ju vismaz 1 dienu iepriek\u0161. \u0145emot v\u0113r\u0101 main\u012bgo satiksmes intensit\u0101ti norun\u0101tais pieg\u0101des laiks ir uzskat\u0101ms k\u0101 aptuvens un var sv\u0101rst\u012bties 1 &#8211; [&hellip;]<\/p>\n","protected":false},"author":2,"featured_media":0,"parent":0,"menu_order":26,"comment_status":"closed","ping_status":"closed","template":"elementor_header_footer","meta":{"_acf_changed":false,"iawp_total_views":3,"footnotes":""},"class_list":["post-11557","page","type-page","status-publish","hentry"],"acf":[],"_links":{"self":[{"href":"https:\/\/heavens-furniture.com\/lv\/wp-json\/wp\/v2\/pages\/11557\/"}],"collection":[{"href":"https:\/\/heavens-furniture.com\/lv\/wp-json\/wp\/v2\/pages\/"}],"about":[{"href":"https:\/\/heavens-furniture.com\/lv\/wp-json\/wp\/v2\/types\/page\/"}],"author":[{"embeddable":true,"href":"https:\/\/heavens-furniture.com\/lv\/wp-json\/wp\/v2\/users\/2\/"}],"replies":[{"embeddable":true,"href":"https:\/\/heavens-furniture.com\/lv\/wp-json\/wp\/v2\/comments\/?post=11557"}],"version-history":[{"count":2,"href":"https:\/\/heavens-furniture.com\/lv\/wp-json\/wp\/v2\/pages\/11557\/revisions\/"}],"predecessor-version":[{"id":12160,"href":"https:\/\/heavens-furniture.com\/lv\/wp-json\/wp\/v2\/pages\/11557\/revisions\/12160\/"}],"wp:attachment":[{"href":"https:\/\/heavens-furniture.com\/lv\/wp-json\/wp\/v2\/media\/?parent=11557"}],"curies":[{"name":"wp","href":"https:\/\/api.w.org\/{rel}","templated":true}]}}