{"id":11560,"date":"2019-10-18T15:02:50","date_gmt":"2019-10-18T15:02:50","guid":{"rendered":"https:\/\/heavens-furniture.com\/?page_id=11560"},"modified":"2023-07-25T09:12:38","modified_gmt":"2023-07-25T09:12:38","slug":"liaa","status":"publish","type":"page","link":"https:\/\/heavens-furniture.com\/lv\/liaa\/","title":{"rendered":"LIAA"},"content":{"rendered":"\t\t<div data-elementor-type=\"wp-post\" data-elementor-id=\"11560\" class=\"elementor elementor-11560\" data-elementor-post-type=\"page\">\n\t\t\t\t\t\t<section class=\"elementor-section elementor-top-section elementor-element elementor-element-70daac11 elementor-section-boxed elementor-section-height-default elementor-section-height-default\" data-id=\"70daac11\" data-element_type=\"section\">\n\t\t\t\t\t\t<div class=\"elementor-container elementor-column-gap-default\">\n\t\t\t\t\t<div class=\"elementor-column elementor-col-100 elementor-top-column elementor-element elementor-element-5ce35622\" data-id=\"5ce35622\" data-element_type=\"column\">\n\t\t\t<div class=\"elementor-widget-wrap elementor-element-populated\">\n\t\t\t\t\t\t<div class=\"elementor-element elementor-element-40b9b697 elementor-widget elementor-widget-text-editor\" data-id=\"40b9b697\" data-element_type=\"widget\" data-widget_type=\"text-editor.default\">\n\t\t\t\t<div class=\"elementor-widget-container\">\n\t\t\t\t\t\t\t\t\t\n<h5 class=\"wp-block-heading\">SIA MARKS M&nbsp;ir nosl\u0113dzis&nbsp;2016.gada 13.apr\u012bl\u012b&nbsp;l\u012bgumu Nr<em>.<\/em>SKV-L-2016\/31&nbsp;ar Latvijas Invest\u012bciju un att\u012bst\u012bbas a\u0123ent\u016bru<br>par atbalsta sa\u0146em\u0161anu pas\u0101kuma \u201cStarptautisk\u0101s konkur\u0113tsp\u0113jas veicin\u0101\u0161ana\u201d ietvaros, ko l\u012bdzfinans\u0113 Eiropas Re\u0123ion\u0101l\u0101s att\u012bst\u012bbas fonds.<\/h5>\n\n\n\n<h5 class=\"wp-block-heading\">SIA MARKS M ir nosl\u0113dzis 2019. gada 6. august\u0101 l\u012bgumu Nr. VP-L2019\/49 ar Latvijas Invest\u012bciju un att\u012bst\u012bbas a\u0123ent\u016bru<br>par atbalsta sa\u0146emsanu pas\u0101kuma &#8220;R\u016bpniecisk\u0101 \u012bpa\u0161\u016bma ties\u012bbu nostiprin\u0101sana&#8221;, ko l\u012bdzfinans\u0113 Eiropas Re\u0123ion\u0101l\u0101s att\u012bst\u012bbas fonds.<\/h5>\n\n\n\n<figure class=\"wp-block-image\"><a href=\"https:\/\/www.naktsmebeles.lv\/upload\/Logo\/liaa.jpg\"><img decoding=\"async\" src=\"https:\/\/www.naktsmebeles.lv\/upload\/Logo\/liaa.jpg\" alt=\"\"\/><\/a><\/figure>\n\t\t\t\t\t\t\t\t<\/div>\n\t\t\t\t<\/div>\n\t\t\t\t\t<\/div>\n\t\t<\/div>\n\t\t\t\t\t<\/div>\n\t\t<\/section>\n\t\t\t\t<\/div>\n\t\t","protected":false},"excerpt":{"rendered":"<p>SIA MARKS M&nbsp;ir nosl\u0113dzis&nbsp;2016.gada 13.apr\u012bl\u012b&nbsp;l\u012bgumu Nr.SKV-L-2016\/31&nbsp;ar Latvijas Invest\u012bciju un att\u012bst\u012bbas a\u0123ent\u016brupar atbalsta sa\u0146em\u0161anu pas\u0101kuma \u201cStarptautisk\u0101s konkur\u0113tsp\u0113jas veicin\u0101\u0161ana\u201d ietvaros, ko l\u012bdzfinans\u0113 Eiropas Re\u0123ion\u0101l\u0101s att\u012bst\u012bbas fonds. SIA MARKS M ir nosl\u0113dzis 2019. gada 6. august\u0101 l\u012bgumu Nr. VP-L2019\/49 ar Latvijas Invest\u012bciju un att\u012bst\u012bbas a\u0123ent\u016brupar atbalsta sa\u0146emsanu pas\u0101kuma &#8220;R\u016bpniecisk\u0101 \u012bpa\u0161\u016bma ties\u012bbu nostiprin\u0101sana&#8221;, ko l\u012bdzfinans\u0113 Eiropas Re\u0123ion\u0101l\u0101s att\u012bst\u012bbas fonds.<\/p>\n","protected":false},"author":2,"featured_media":0,"parent":0,"menu_order":20,"comment_status":"closed","ping_status":"closed","template":"elementor_header_footer","meta":{"_acf_changed":false,"iawp_total_views":2,"footnotes":""},"class_list":["post-11560","page","type-page","status-publish","hentry"],"acf":[],"_links":{"self":[{"href":"https:\/\/heavens-furniture.com\/lv\/wp-json\/wp\/v2\/pages\/11560\/"}],"collection":[{"href":"https:\/\/heavens-furniture.com\/lv\/wp-json\/wp\/v2\/pages\/"}],"about":[{"href":"https:\/\/heavens-furniture.com\/lv\/wp-json\/wp\/v2\/types\/page\/"}],"author":[{"embeddable":true,"href":"https:\/\/heavens-furniture.com\/lv\/wp-json\/wp\/v2\/users\/2\/"}],"replies":[{"embeddable":true,"href":"https:\/\/heavens-furniture.com\/lv\/wp-json\/wp\/v2\/comments\/?post=11560"}],"version-history":[{"count":2,"href":"https:\/\/heavens-furniture.com\/lv\/wp-json\/wp\/v2\/pages\/11560\/revisions\/"}],"predecessor-version":[{"id":12163,"href":"https:\/\/heavens-furniture.com\/lv\/wp-json\/wp\/v2\/pages\/11560\/revisions\/12163\/"}],"wp:attachment":[{"href":"https:\/\/heavens-furniture.com\/lv\/wp-json\/wp\/v2\/media\/?parent=11560"}],"curies":[{"name":"wp","href":"https:\/\/api.w.org\/{rel}","templated":true}]}}