{"id":14,"date":"2019-06-18T13:56:55","date_gmt":"2019-06-18T13:56:55","guid":{"rendered":"https:\/\/heavens-furniture.com\/?page_id=14"},"modified":"2019-10-28T14:26:39","modified_gmt":"2019-10-28T14:26:39","slug":"kontakti","status":"publish","type":"page","link":"https:\/\/heavens-furniture.com\/lv\/kontakti\/","title":{"rendered":"Kontakti"},"content":{"rendered":"\t\t<div data-elementor-type=\"wp-post\" data-elementor-id=\"14\" class=\"elementor elementor-14\" data-elementor-post-type=\"page\">\n\t\t\t\t\t\t<section class=\"elementor-section elementor-top-section elementor-element elementor-element-4d2a4d1 elementor-section-boxed elementor-section-height-default elementor-section-height-default\" data-id=\"4d2a4d1\" data-element_type=\"section\">\n\t\t\t\t\t\t<div class=\"elementor-container elementor-column-gap-default\">\n\t\t\t\t\t<div class=\"elementor-column elementor-col-100 elementor-top-column elementor-element elementor-element-6150961\" data-id=\"6150961\" data-element_type=\"column\">\n\t\t\t<div class=\"elementor-widget-wrap elementor-element-populated\">\n\t\t\t\t\t\t<div class=\"elementor-element elementor-element-b6db64d elementor-widget elementor-widget-heading\" data-id=\"b6db64d\" data-element_type=\"widget\" data-widget_type=\"heading.default\">\n\t\t\t\t<div class=\"elementor-widget-container\">\n\t\t\t\t\t<h2 class=\"elementor-heading-title elementor-size-default\">Saloni Latvij\u0101<\/h2>\t\t\t\t<\/div>\n\t\t\t\t<\/div>\n\t\t\t\t\t<\/div>\n\t\t<\/div>\n\t\t\t\t\t<\/div>\n\t\t<\/section>\n\t\t\t\t<section class=\"elementor-section elementor-top-section elementor-element elementor-element-2ea7181 elementor-section-boxed elementor-section-height-default elementor-section-height-default\" data-id=\"2ea7181\" data-element_type=\"section\">\n\t\t\t\t\t\t<div class=\"elementor-container elementor-column-gap-default\">\n\t\t\t\t\t<div class=\"elementor-column elementor-col-50 elementor-top-column elementor-element elementor-element-5021f70\" data-id=\"5021f70\" data-element_type=\"column\">\n\t\t\t<div class=\"elementor-widget-wrap elementor-element-populated\">\n\t\t\t\t\t\t<div class=\"elementor-element elementor-element-24c437c elementor-widget elementor-widget-image\" data-id=\"24c437c\" data-element_type=\"widget\" data-widget_type=\"image.default\">\n\t\t\t\t<div class=\"elementor-widget-container\">\n\t\t\t\t\t\t\t\t\t\t\t\t\t\t\t<img fetchpriority=\"high\" decoding=\"async\" width=\"768\" height=\"512\" src=\"https:\/\/heavens-furniture.com\/wp-content\/uploads\/2019\/10\/IMG_5921_small.jpg\" class=\"attachment-medium_large size-medium_large wp-image-11302\" alt=\"\" \/>\t\t\t\t\t\t\t\t\t\t\t\t\t\t\t<\/div>\n\t\t\t\t<\/div>\n\t\t\t\t<div class=\"elementor-element elementor-element-0f3cb6a elementor-widget elementor-widget-heading\" data-id=\"0f3cb6a\" data-element_type=\"widget\" data-widget_type=\"heading.default\">\n\t\t\t\t<div class=\"elementor-widget-container\">\n\t\t\t\t\t<h2 class=\"elementor-heading-title elementor-size-default\">NM Spice Home<\/h2>\t\t\t\t<\/div>\n\t\t\t\t<\/div>\n\t\t\t\t<div class=\"elementor-element elementor-element-8992fbb elementor-widget elementor-widget-text-editor\" data-id=\"8992fbb\" data-element_type=\"widget\" data-widget_type=\"text-editor.default\">\n\t\t\t\t<div class=\"elementor-widget-container\">\n\t\t\t\t\t\t\t\t\t<div class=\"contacts\"><p>T\u0101lr.: +371 67798164<\/p><p>Adrese: Jaunmoku iela 13, R\u012bga<\/p><p>E-pasts: <a href=\"mailto:spice@oak.lv\">spice(at)oak.lv<\/a><\/p><p>\u00a0<\/p><p><b>Darba laiki:<\/b><\/p><p>P &#8211; SE: 10:00 &#8211; 21:00<\/p><p>SV: 10:00 &#8211; 20:00<\/p><\/div><p>\u00a0<\/p>\t\t\t\t\t\t\t\t<\/div>\n\t\t\t\t<\/div>\n\t\t\t\t\t<\/div>\n\t\t<\/div>\n\t\t\t\t<div class=\"elementor-column elementor-col-50 elementor-top-column elementor-element elementor-element-5b06b3e\" data-id=\"5b06b3e\" data-element_type=\"column\">\n\t\t\t<div class=\"elementor-widget-wrap elementor-element-populated\">\n\t\t\t\t\t\t<div class=\"elementor-element elementor-element-4a4758e elementor-widget elementor-widget-image\" data-id=\"4a4758e\" data-element_type=\"widget\" data-widget_type=\"image.default\">\n\t\t\t\t<div class=\"elementor-widget-container\">\n\t\t\t\t\t\t\t\t\t\t\t\t\t\t\t<img decoding=\"async\" width=\"800\" height=\"533\" src=\"https:\/\/heavens-furniture.com\/wp-content\/uploads\/2019\/10\/decco1.jpg\" class=\"attachment-large size-large wp-image-11305\" alt=\"\" srcset=\"https:\/\/heavens-furniture.com\/wp-content\/uploads\/2019\/10\/decco1.jpg 2808w, https:\/\/heavens-furniture.com\/wp-content\/uploads\/2019\/10\/decco1-1300x867.jpg 1300w\" sizes=\"(max-width: 800px) 100vw, 800px\" \/>\t\t\t\t\t\t\t\t\t\t\t\t\t\t\t<\/div>\n\t\t\t\t<\/div>\n\t\t\t\t<div class=\"elementor-element elementor-element-6e410c5 elementor-widget elementor-widget-heading\" data-id=\"6e410c5\" data-element_type=\"widget\" data-widget_type=\"heading.default\">\n\t\t\t\t<div class=\"elementor-widget-container\">\n\t\t\t\t\t<h2 class=\"elementor-heading-title elementor-size-default\">NM Decco Centrs<\/h2>\t\t\t\t<\/div>\n\t\t\t\t<\/div>\n\t\t\t\t<div class=\"elementor-element elementor-element-50c767e elementor-widget elementor-widget-text-editor\" data-id=\"50c767e\" data-element_type=\"widget\" data-widget_type=\"text-editor.default\">\n\t\t\t\t<div class=\"elementor-widget-container\">\n\t\t\t\t\t\t\t\t\t<div class=\"contacts\"><div class=\"contacts\"><p>T\u0101lr.: +371 67285460<\/p><p>Adrese: Katlakalna iela 6d, R\u012bga<\/p><p>E-pasts: <a href=\"mailto:decco@oak.lv\">decco(at)oak.lv<\/a><\/p><p>\u00a0<\/p><p><b>Darba laiki:<\/b><\/p><p>P &#8211; PK: 10:00 &#8211; 19:00<\/p><p>SE: 10:00 &#8211; 17:00, SV: &#8211; br\u012bvs<\/p><\/div><\/div>\t\t\t\t\t\t\t\t<\/div>\n\t\t\t\t<\/div>\n\t\t\t\t\t<\/div>\n\t\t<\/div>\n\t\t\t\t\t<\/div>\n\t\t<\/section>\n\t\t\t\t<section class=\"elementor-section elementor-top-section elementor-element elementor-element-c50d2ed elementor-section-content-middle elementor-section-boxed elementor-section-height-default elementor-section-height-default\" data-id=\"c50d2ed\" data-element_type=\"section\">\n\t\t\t\t\t\t<div class=\"elementor-container elementor-column-gap-default\">\n\t\t\t\t\t<div class=\"elementor-column elementor-col-100 elementor-top-column elementor-element elementor-element-3f825a0\" data-id=\"3f825a0\" data-element_type=\"column\">\n\t\t\t<div class=\"elementor-widget-wrap\">\n\t\t\t\t\t\t\t<\/div>\n\t\t<\/div>\n\t\t\t\t\t<\/div>\n\t\t<\/section>\n\t\t\t\t<\/div>\n\t\t","protected":false},"excerpt":{"rendered":"<p>Saloni Latvij\u0101 NM Spice Home T\u0101lr.: +371 67798164 Adrese: Jaunmoku iela 13, R\u012bga E-pasts: spice(at)oak.lv Darba laiki: P &#8211; SE: 10:00 &#8211; 21:00 SV: 10:00 &#8211; 20:00 NM Decco Centrs T\u0101lr.: +371 67285460 Adrese: Katlakalna iela 6d, R\u012bga E-pasts: decco(at)oak.lv Darba laiki: P &#8211; PK: 10:00 &#8211; 19:00 SE: 10:00 &#8211; 17:00, SV: &#8211; br\u012bvs [&hellip;]<\/p>\n","protected":false},"author":1,"featured_media":0,"parent":0,"menu_order":17,"comment_status":"closed","ping_status":"closed","template":"elementor_header_footer","meta":{"_acf_changed":false,"iawp_total_views":37,"footnotes":""},"class_list":["post-14","page","type-page","status-publish","hentry"],"acf":[],"_links":{"self":[{"href":"https:\/\/heavens-furniture.com\/lv\/wp-json\/wp\/v2\/pages\/14\/"}],"collection":[{"href":"https:\/\/heavens-furniture.com\/lv\/wp-json\/wp\/v2\/pages\/"}],"about":[{"href":"https:\/\/heavens-furniture.com\/lv\/wp-json\/wp\/v2\/types\/page\/"}],"author":[{"embeddable":true,"href":"https:\/\/heavens-furniture.com\/lv\/wp-json\/wp\/v2\/users\/1\/"}],"replies":[{"embeddable":true,"href":"https:\/\/heavens-furniture.com\/lv\/wp-json\/wp\/v2\/comments\/?post=14"}],"version-history":[{"count":20,"href":"https:\/\/heavens-furniture.com\/lv\/wp-json\/wp\/v2\/pages\/14\/revisions\/"}],"predecessor-version":[{"id":12152,"href":"https:\/\/heavens-furniture.com\/lv\/wp-json\/wp\/v2\/pages\/14\/revisions\/12152\/"}],"wp:attachment":[{"href":"https:\/\/heavens-furniture.com\/lv\/wp-json\/wp\/v2\/media\/?parent=14"}],"curies":[{"name":"wp","href":"https:\/\/api.w.org\/{rel}","templated":true}]}}