{"id":291,"date":"2019-07-09T11:29:03","date_gmt":"2019-07-09T11:29:03","guid":{"rendered":"https:\/\/heavens-furniture.com\/?page_id=291"},"modified":"2019-10-28T14:30:42","modified_gmt":"2019-10-28T14:30:42","slug":"produkti","status":"publish","type":"page","link":"https:\/\/heavens-furniture.com\/lv\/produkti\/","title":{"rendered":"Produkti"},"content":{"rendered":"\t\t<div data-elementor-type=\"wp-post\" data-elementor-id=\"291\" class=\"elementor elementor-291\" data-elementor-post-type=\"page\">\n\t\t\t\t\t\t<section class=\"elementor-section elementor-top-section elementor-element elementor-element-106a210 elementor-section-full_width elementor-section-stretched elementor-section-height-default elementor-section-height-default\" data-id=\"106a210\" data-element_type=\"section\" data-settings=\"{&quot;stretch_section&quot;:&quot;section-stretched&quot;}\">\n\t\t\t\t\t\t<div class=\"elementor-container elementor-column-gap-default\">\n\t\t\t\t\t<div class=\"elementor-column elementor-col-100 elementor-top-column elementor-element elementor-element-4fd0f52\" data-id=\"4fd0f52\" data-element_type=\"column\">\n\t\t\t<div class=\"elementor-widget-wrap elementor-element-populated\">\n\t\t\t\t\t\t<section class=\"elementor-section elementor-inner-section elementor-element elementor-element-5f8b360 elementor-section-boxed elementor-section-height-default elementor-section-height-default\" data-id=\"5f8b360\" data-element_type=\"section\">\n\t\t\t\t\t\t<div class=\"elementor-container elementor-column-gap-default\">\n\t\t\t\t\t<div class=\"elementor-column elementor-col-33 elementor-inner-column elementor-element elementor-element-47ecfea\" data-id=\"47ecfea\" data-element_type=\"column\">\n\t\t\t<div class=\"elementor-widget-wrap elementor-element-populated\">\n\t\t\t\t\t\t<div class=\"elementor-element elementor-element-3b19c04 elementor-widget elementor-widget-heading\" data-id=\"3b19c04\" data-element_type=\"widget\" data-widget_type=\"heading.default\">\n\t\t\t\t<div class=\"elementor-widget-container\">\n\t\t\t\t\t<h6 class=\"elementor-heading-title elementor-size-default\">P\u0112C VEIDA<\/h6>\t\t\t\t<\/div>\n\t\t\t\t<\/div>\n\t\t\t\t\t<\/div>\n\t\t<\/div>\n\t\t\t\t<div class=\"elementor-column elementor-col-33 elementor-inner-column elementor-element elementor-element-360fae9\" data-id=\"360fae9\" data-element_type=\"column\">\n\t\t\t<div class=\"elementor-widget-wrap elementor-element-populated\">\n\t\t\t\t\t\t<div class=\"elementor-element elementor-element-18a0222 elementor-widget elementor-widget-image\" data-id=\"18a0222\" data-element_type=\"widget\" data-widget_type=\"image.default\">\n\t\t\t\t<div class=\"elementor-widget-container\">\n\t\t\t\t\t\t\t\t\t\t\t\t\t\t\t\t<a href=\"https:\/\/heavens-furniture.com\/kolekcijas\/\">\n\t\t\t\t\t\t\t<img decoding=\"async\" width=\"41\" height=\"18\" src=\"https:\/\/heavens-furniture.com\/wp-content\/uploads\/2019\/09\/togl_left-1.png\" class=\"attachment-large size-large wp-image-10290\" alt=\"\" \/>\t\t\t\t\t\t\t\t<\/a>\n\t\t\t\t\t\t\t\t\t\t\t\t\t\t\t<\/div>\n\t\t\t\t<\/div>\n\t\t\t\t\t<\/div>\n\t\t<\/div>\n\t\t\t\t<div class=\"elementor-column elementor-col-33 elementor-inner-column elementor-element elementor-element-2f58000\" data-id=\"2f58000\" data-element_type=\"column\">\n\t\t\t<div class=\"elementor-widget-wrap elementor-element-populated\">\n\t\t\t\t\t\t<div class=\"elementor-element elementor-element-f86b5f9 elementor-widget elementor-widget-heading\" data-id=\"f86b5f9\" data-element_type=\"widget\" data-widget_type=\"heading.default\">\n\t\t\t\t<div class=\"elementor-widget-container\">\n\t\t\t\t\t<h6 class=\"elementor-heading-title elementor-size-default\"><a href=\"https:\/\/heavens-furniture.com\/kolekcijas\/\">P\u0112C KOLEKCIJAS<\/a><\/h6>\t\t\t\t<\/div>\n\t\t\t\t<\/div>\n\t\t\t\t\t<\/div>\n\t\t<\/div>\n\t\t\t\t\t<\/div>\n\t\t<\/section>\n\t\t\t\t<div class=\"elementor-element elementor-element-8c3dacb elementor-widget elementor-widget-template\" data-id=\"8c3dacb\" data-element_type=\"widget\" data-widget_type=\"template.default\">\n\t\t\t\t<div class=\"elementor-widget-container\">\n\t\t\t\t\t\t\t<div class=\"elementor-template\">\n\t\t\t\t\t<div data-elementor-type=\"section\" data-elementor-id=\"597\" class=\"elementor elementor-597\" data-elementor-post-type=\"elementor_library\">\n\t\t\t\t\t<section class=\"elementor-section elementor-top-section elementor-element elementor-element-1ddfef3 elementor-section-full_width elementor-section-height-default elementor-section-height-default\" data-id=\"1ddfef3\" data-element_type=\"section\">\n\t\t\t\t\t\t<div class=\"elementor-container elementor-column-gap-default\">\n\t\t\t\t\t<div class=\"elementor-column elementor-col-100 elementor-top-column elementor-element elementor-element-740d5af\" data-id=\"740d5af\" data-element_type=\"column\">\n\t\t\t<div class=\"elementor-widget-wrap elementor-element-populated\">\n\t\t\t\t\t\t<div class=\"elementor-element elementor-element-fdefdb2 icongrid-menu elementor-widget elementor-widget-wp-widget-nav_menu\" data-id=\"fdefdb2\" data-element_type=\"widget\" data-widget_type=\"wp-widget-nav_menu.default\">\n\t\t\t\t<div class=\"elementor-widget-container\">\n\t\t\t\t\t<div class=\"menu-icongrid-container\"><ul id=\"menu-icongrid\" class=\"menu\"><li id=\"menu-item-788\" class=\"menu-item menu-item-type-taxonomy menu-item-object-product_cat menu-item-788\"><a href=\"https:\/\/heavens-furniture.com\/lv\/product-category\/gultas\/\" class=\"menu-image-title-below menu-image-not-hovered\"><img fetchpriority=\"high\" decoding=\"async\" width=\"600\" height=\"600\" src=\"https:\/\/heavens-furniture.com\/wp-content\/uploads\/2019\/06\/gulta1.png\" class=\"menu-image menu-image-title-below\" alt=\"\" \/><span class=\"menu-image-title-below menu-image-title\">Gultas<\/span><\/a><\/li>\n<li id=\"menu-item-11728\" class=\"menu-item menu-item-type-post_type menu-item-object-page menu-item-11728\"><a href=\"https:\/\/heavens-furniture.com\/lv\/matraci\/\" class=\"menu-image-title-below menu-image-not-hovered\"><img decoding=\"async\" width=\"667\" height=\"600\" src=\"https:\/\/heavens-furniture.com\/wp-content\/uploads\/2019\/08\/matraci-01.png\" class=\"menu-image menu-image-title-below\" alt=\"\" \/><span class=\"menu-image-title-below menu-image-title\">Matra\u010di<\/span><\/a><\/li>\n<li id=\"menu-item-6521\" class=\"menu-item menu-item-type-taxonomy menu-item-object-product_cat menu-item-6521\"><a href=\"https:\/\/heavens-furniture.com\/lv\/product-category\/matracis-uz-kajam\/\" class=\"menu-image-title-below menu-image-not-hovered\"><img loading=\"lazy\" decoding=\"async\" width=\"667\" height=\"600\" src=\"https:\/\/heavens-furniture.com\/wp-content\/uploads\/2019\/08\/matraci_uz_kajam-01.png\" class=\"menu-image menu-image-title-below\" alt=\"\" \/><span class=\"menu-image-title-below menu-image-title\">Matracis uz k\u0101j\u0101m<\/span><\/a><\/li>\n<li id=\"menu-item-6520\" class=\"menu-item menu-item-type-taxonomy menu-item-object-product_cat menu-item-6520\"><a href=\"https:\/\/heavens-furniture.com\/lv\/product-category\/virsmatraci-un-protektori\/\" class=\"menu-image-title-below menu-image-not-hovered\"><img loading=\"lazy\" decoding=\"async\" width=\"667\" height=\"600\" src=\"https:\/\/heavens-furniture.com\/wp-content\/uploads\/2019\/08\/virsmatraci-01.png\" class=\"menu-image menu-image-title-below\" alt=\"\" \/><span class=\"menu-image-title-below menu-image-title\">Virsmatra\u010di un protektori<\/span><\/a><\/li>\n<li id=\"menu-item-791\" class=\"menu-item menu-item-type-taxonomy menu-item-object-product_cat menu-item-791\"><a href=\"https:\/\/heavens-furniture.com\/lv\/product-category\/naktsskapisi\/\" class=\"menu-image-title-below menu-image-not-hovered\"><img loading=\"lazy\" decoding=\"async\" width=\"667\" height=\"600\" src=\"https:\/\/heavens-furniture.com\/wp-content\/uploads\/2019\/08\/naktsskapisi-01.png\" class=\"menu-image menu-image-title-below\" alt=\"\" \/><span class=\"menu-image-title-below menu-image-title\">Naktsskap\u012b\u0161i<\/span><\/a><\/li>\n<li id=\"menu-item-790\" class=\"menu-item menu-item-type-taxonomy menu-item-object-product_cat menu-item-790\"><a href=\"https:\/\/heavens-furniture.com\/lv\/product-category\/kumodes\/\" class=\"menu-image-title-below menu-image-not-hovered\"><img loading=\"lazy\" decoding=\"async\" width=\"1181\" height=\"1181\" src=\"https:\/\/heavens-furniture.com\/wp-content\/uploads\/2019\/08\/kumodes4-01.png\" class=\"menu-image menu-image-title-below\" alt=\"\" \/><span class=\"menu-image-title-below menu-image-title\">Kumodes<\/span><\/a><\/li>\n<li id=\"menu-item-6516\" class=\"menu-item menu-item-type-taxonomy menu-item-object-product_cat menu-item-6516\"><a href=\"https:\/\/heavens-furniture.com\/lv\/product-category\/spoguli\/\" class=\"menu-image-title-below menu-image-not-hovered\"><img loading=\"lazy\" decoding=\"async\" width=\"667\" height=\"600\" src=\"https:\/\/heavens-furniture.com\/wp-content\/uploads\/2019\/08\/spoguli_pudergaldi-01.png\" class=\"menu-image menu-image-title-below\" alt=\"\" \/><span class=\"menu-image-title-below menu-image-title\">Spogu\u013ci<\/span><\/a><\/li>\n<li id=\"menu-item-6514\" class=\"menu-item menu-item-type-taxonomy menu-item-object-product_cat menu-item-6514\"><a href=\"https:\/\/heavens-furniture.com\/lv\/product-category\/kresli-un-divani\/\" class=\"menu-image-title-below menu-image-not-hovered\"><img loading=\"lazy\" decoding=\"async\" width=\"667\" height=\"600\" src=\"https:\/\/heavens-furniture.com\/wp-content\/uploads\/2019\/08\/kresli_un_divani-01.png\" class=\"menu-image menu-image-title-below\" alt=\"\" \/><span class=\"menu-image-title-below menu-image-title\">Kr\u0113sli un d\u012bv\u0101ni<\/span><\/a><\/li>\n<li id=\"menu-item-792\" class=\"menu-item menu-item-type-taxonomy menu-item-object-product_cat menu-item-792\"><a href=\"https:\/\/heavens-furniture.com\/lv\/product-category\/pufi\/\" class=\"menu-image-title-below menu-image-not-hovered\"><img loading=\"lazy\" decoding=\"async\" width=\"667\" height=\"600\" src=\"https:\/\/heavens-furniture.com\/wp-content\/uploads\/2019\/08\/pufi-01.png\" class=\"menu-image menu-image-title-below\" alt=\"\" \/><span class=\"menu-image-title-below menu-image-title\">Pufi<\/span><\/a><\/li>\n<li id=\"menu-item-6518\" class=\"menu-item menu-item-type-taxonomy menu-item-object-product_cat menu-item-6518\"><a href=\"https:\/\/heavens-furniture.com\/lv\/product-category\/plaukti\/\" class=\"menu-image-title-below menu-image-not-hovered\"><img loading=\"lazy\" decoding=\"async\" width=\"667\" height=\"600\" src=\"https:\/\/heavens-furniture.com\/wp-content\/uploads\/2019\/08\/plaukti-01.png\" class=\"menu-image menu-image-title-below\" alt=\"\" \/><span class=\"menu-image-title-below menu-image-title\">Plaukti<\/span><\/a><\/li>\n<li id=\"menu-item-789\" class=\"menu-item menu-item-type-taxonomy menu-item-object-product_cat menu-item-789\"><a href=\"https:\/\/heavens-furniture.com\/lv\/product-category\/galdi\/\" class=\"menu-image-title-below menu-image-not-hovered\"><img loading=\"lazy\" decoding=\"async\" width=\"667\" height=\"600\" src=\"https:\/\/heavens-furniture.com\/wp-content\/uploads\/2019\/08\/galdi-01.png\" class=\"menu-image menu-image-title-below\" alt=\"\" \/><span class=\"menu-image-title-below menu-image-title\">Galdi<\/span><\/a><\/li>\n<li id=\"menu-item-793\" class=\"menu-item menu-item-type-taxonomy menu-item-object-product_cat menu-item-793\"><a href=\"https:\/\/heavens-furniture.com\/lv\/product-category\/skapji\/\" class=\"menu-image-title-below menu-image-not-hovered\"><img loading=\"lazy\" decoding=\"async\" width=\"667\" height=\"600\" src=\"https:\/\/heavens-furniture.com\/wp-content\/uploads\/2019\/08\/skapji-01-1.png\" class=\"menu-image menu-image-title-below\" alt=\"\" \/><span class=\"menu-image-title-below menu-image-title\">Skapji<\/span><\/a><\/li>\n<li id=\"menu-item-6536\" class=\"menu-item menu-item-type-taxonomy menu-item-object-product_cat menu-item-6536\"><a href=\"https:\/\/heavens-furniture.com\/lv\/product-category\/pakaramie\/\" class=\"menu-image-title-below menu-image-not-hovered\"><img loading=\"lazy\" decoding=\"async\" width=\"667\" height=\"600\" src=\"https:\/\/heavens-furniture.com\/wp-content\/uploads\/2019\/08\/pakaramie-01.png\" class=\"menu-image menu-image-title-below\" alt=\"\" \/><span class=\"menu-image-title-below menu-image-title\">Pakaramie<\/span><\/a><\/li>\n<li id=\"menu-item-6517\" class=\"menu-item menu-item-type-taxonomy menu-item-object-product_cat menu-item-6517\"><a href=\"https:\/\/heavens-furniture.com\/lv\/product-category\/spilveni-un-segas\/\" class=\"menu-image-title-below menu-image-not-hovered\"><img loading=\"lazy\" decoding=\"async\" width=\"667\" height=\"600\" src=\"https:\/\/heavens-furniture.com\/wp-content\/uploads\/2019\/08\/spilveni_segas-01.png\" class=\"menu-image menu-image-title-below\" alt=\"\" \/><span class=\"menu-image-title-below menu-image-title\">Spilveni un segas<\/span><\/a><\/li>\n<li id=\"menu-item-6519\" class=\"menu-item menu-item-type-taxonomy menu-item-object-product_cat menu-item-6519\"><a href=\"https:\/\/heavens-furniture.com\/lv\/product-category\/gultas-vela\/\" class=\"menu-image-title-below menu-image-not-hovered\"><img loading=\"lazy\" decoding=\"async\" width=\"667\" height=\"600\" src=\"https:\/\/heavens-furniture.com\/wp-content\/uploads\/2019\/08\/gultas_vela-01.png\" class=\"menu-image menu-image-title-below\" alt=\"\" \/><span class=\"menu-image-title-below menu-image-title\">Gultas ve\u013ca<\/span><\/a><\/li>\n<li id=\"menu-item-6529\" class=\"menu-item menu-item-type-custom menu-item-object-custom menu-item-6529\"><a href=\"http:\/\/tikko.design\" class=\"menu-image-title-below menu-image-not-hovered\"><img loading=\"lazy\" decoding=\"async\" width=\"667\" height=\"600\" src=\"https:\/\/heavens-furniture.com\/wp-content\/uploads\/2019\/08\/TIKKO-01.png\" class=\"menu-image menu-image-title-below\" alt=\"\" \/><span class=\"menu-image-title-below menu-image-title\">Tikko sienas pulkste\u0146i<\/span><\/a><\/li>\n<\/ul><\/div>\t\t\t\t<\/div>\n\t\t\t\t<\/div>\n\t\t\t\t\t<\/div>\n\t\t<\/div>\n\t\t\t\t\t<\/div>\n\t\t<\/section>\n\t\t\t\t<\/div>\n\t\t\t\t<\/div>\n\t\t\t\t\t\t<\/div>\n\t\t\t\t<\/div>\n\t\t\t\t\t<\/div>\n\t\t<\/div>\n\t\t\t\t\t<\/div>\n\t\t<\/section>\n\t\t\t\t<\/div>\n\t\t","protected":false},"excerpt":{"rendered":"<p>P\u0112C VEIDA P\u0112C KOLEKCIJAS<\/p>\n","protected":false},"author":1,"featured_media":0,"parent":0,"menu_order":34,"comment_status":"closed","ping_status":"closed","template":"elementor_header_footer","meta":{"_acf_changed":false,"iawp_total_views":156,"footnotes":""},"class_list":["post-291","page","type-page","status-publish","hentry"],"acf":[],"_links":{"self":[{"href":"https:\/\/heavens-furniture.com\/lv\/wp-json\/wp\/v2\/pages\/291\/"}],"collection":[{"href":"https:\/\/heavens-furniture.com\/lv\/wp-json\/wp\/v2\/pages\/"}],"about":[{"href":"https:\/\/heavens-furniture.com\/lv\/wp-json\/wp\/v2\/types\/page\/"}],"author":[{"embeddable":true,"href":"https:\/\/heavens-furniture.com\/lv\/wp-json\/wp\/v2\/users\/1\/"}],"replies":[{"embeddable":true,"href":"https:\/\/heavens-furniture.com\/lv\/wp-json\/wp\/v2\/comments\/?post=291"}],"version-history":[{"count":40,"href":"https:\/\/heavens-furniture.com\/lv\/wp-json\/wp\/v2\/pages\/291\/revisions\/"}],"predecessor-version":[{"id":10804,"href":"https:\/\/heavens-furniture.com\/lv\/wp-json\/wp\/v2\/pages\/291\/revisions\/10804\/"}],"wp:attachment":[{"href":"https:\/\/heavens-furniture.com\/lv\/wp-json\/wp\/v2\/media\/?parent=291"}],"curies":[{"name":"wp","href":"https:\/\/api.w.org\/{rel}","templated":true}]}}