{"id":5523,"date":"2019-08-28T12:39:31","date_gmt":"2019-08-28T12:39:31","guid":{"rendered":"https:\/\/heavens-furniture.com\/?page_id=5523"},"modified":"2019-10-25T09:07:53","modified_gmt":"2019-10-25T09:07:53","slug":"eden","status":"publish","type":"page","link":"https:\/\/heavens-furniture.com\/lv\/eden\/","title":{"rendered":"EDEN"},"content":{"rendered":"\t\t<div data-elementor-type=\"wp-post\" data-elementor-id=\"5523\" class=\"elementor elementor-5523\" data-elementor-post-type=\"page\">\n\t\t\t\t\t\t<section class=\"elementor-section elementor-top-section elementor-element elementor-element-8e83aae elementor-section-stretched elementor-section-full_width elementor-section-height-default elementor-section-height-default\" data-id=\"8e83aae\" data-element_type=\"section\" data-settings=\"{&quot;stretch_section&quot;:&quot;section-stretched&quot;}\">\n\t\t\t\t\t\t<div class=\"elementor-container elementor-column-gap-no\">\n\t\t\t\t\t<div class=\"elementor-column elementor-col-33 elementor-top-column elementor-element elementor-element-e67f989\" data-id=\"e67f989\" data-element_type=\"column\" data-settings=\"{&quot;background_background&quot;:&quot;classic&quot;}\">\n\t\t\t<div class=\"elementor-widget-wrap elementor-element-populated\">\n\t\t\t\t\t\t<div class=\"elementor-element elementor-element-d7db055 elementor-widget elementor-widget-heading\" data-id=\"d7db055\" data-element_type=\"widget\" data-widget_type=\"heading.default\">\n\t\t\t\t<div class=\"elementor-widget-container\">\n\t\t\t\t\t<h2 class=\"elementor-heading-title elementor-size-large\">EDEN<\/h2>\t\t\t\t<\/div>\n\t\t\t\t<\/div>\n\t\t\t\t<div class=\"elementor-element elementor-element-ac40d67 elementor-widget elementor-widget-text-editor\" data-id=\"ac40d67\" data-element_type=\"widget\" data-widget_type=\"text-editor.default\">\n\t\t\t\t<div class=\"elementor-widget-container\">\n\t\t\t\t\t\t\t\t\t<p>Smalkas l\u012bnijas, vieglums, dabiskums un elegance \u2013 \u0161\u012bs visas ir gu\u013camistabas kolekcijas \u201cEden\u201d galven\u0101s rakstur\u012bpa\u0161\u012bbas. Kolekcija, kur\u0101 ir veiksm\u012bgi apvienotas retro un modern\u0101 stila iez\u012bmes, pie\u0161\u0137irs raksturu un atdz\u012bvin\u0101s J\u016bsu gu\u013camistabu.<\/p>\t\t\t\t\t\t\t\t<\/div>\n\t\t\t\t<\/div>\n\t\t\t\t\t<\/div>\n\t\t<\/div>\n\t\t\t\t<div class=\"elementor-column elementor-col-66 elementor-top-column elementor-element elementor-element-18b8bd9\" data-id=\"18b8bd9\" data-element_type=\"column\">\n\t\t\t<div class=\"elementor-widget-wrap elementor-element-populated\">\n\t\t\t\t\t\t<div class=\"elementor-element elementor-element-2ce73a1 elementor-widget elementor-widget-image\" data-id=\"2ce73a1\" data-element_type=\"widget\" data-widget_type=\"image.default\">\n\t\t\t\t<div class=\"elementor-widget-container\">\n\t\t\t\t\t\t\t\t\t\t\t\t\t\t\t<img fetchpriority=\"high\" decoding=\"async\" width=\"800\" height=\"534\" src=\"https:\/\/heavens-furniture.com\/wp-content\/uploads\/2019\/08\/eden-gulta_ilze-gul-1024x683.jpg\" class=\"attachment-large size-large wp-image-5528\" alt=\"\" srcset=\"https:\/\/heavens-furniture.com\/wp-content\/uploads\/2019\/08\/eden-gulta_ilze-gul-1024x683.jpg 1024w, https:\/\/heavens-furniture.com\/wp-content\/uploads\/2019\/08\/eden-gulta_ilze-gul-300x200.jpg 300w, https:\/\/heavens-furniture.com\/wp-content\/uploads\/2019\/08\/eden-gulta_ilze-gul-768x512.jpg 768w, https:\/\/heavens-furniture.com\/wp-content\/uploads\/2019\/08\/eden-gulta_ilze-gul-24x16.jpg 24w, https:\/\/heavens-furniture.com\/wp-content\/uploads\/2019\/08\/eden-gulta_ilze-gul-36x24.jpg 36w, https:\/\/heavens-furniture.com\/wp-content\/uploads\/2019\/08\/eden-gulta_ilze-gul-48x32.jpg 48w, https:\/\/heavens-furniture.com\/wp-content\/uploads\/2019\/08\/eden-gulta_ilze-gul-1300x867.jpg 1300w\" sizes=\"(max-width: 800px) 100vw, 800px\" \/>\t\t\t\t\t\t\t\t\t\t\t\t\t\t\t<\/div>\n\t\t\t\t<\/div>\n\t\t\t\t\t<\/div>\n\t\t<\/div>\n\t\t\t\t\t<\/div>\n\t\t<\/section>\n\t\t\t\t<section class=\"elementor-section elementor-top-section elementor-element elementor-element-af44bfe elementor-section-stretched elementor-section-full_width elementor-section-height-default elementor-section-height-default\" data-id=\"af44bfe\" data-element_type=\"section\" data-settings=\"{&quot;stretch_section&quot;:&quot;section-stretched&quot;}\">\n\t\t\t\t\t\t<div class=\"elementor-container elementor-column-gap-no\">\n\t\t\t\t\t<div class=\"elementor-column elementor-col-50 elementor-top-column elementor-element elementor-element-fe4e1b9\" data-id=\"fe4e1b9\" data-element_type=\"column\">\n\t\t\t<div class=\"elementor-widget-wrap elementor-element-populated\">\n\t\t\t\t\t\t<div class=\"elementor-element elementor-element-f257014 elementor-widget elementor-widget-image\" data-id=\"f257014\" data-element_type=\"widget\" data-widget_type=\"image.default\">\n\t\t\t\t<div class=\"elementor-widget-container\">\n\t\t\t\t\t\t\t\t\t\t\t\t\t\t\t<img decoding=\"async\" width=\"800\" height=\"1200\" src=\"https:\/\/heavens-furniture.com\/wp-content\/uploads\/2019\/08\/eden-gulta-tuvplans-vert.jpg\" class=\"attachment-large size-large wp-image-5573\" alt=\"\" \/>\t\t\t\t\t\t\t\t\t\t\t\t\t\t\t<\/div>\n\t\t\t\t<\/div>\n\t\t\t\t\t<\/div>\n\t\t<\/div>\n\t\t\t\t<div class=\"elementor-column elementor-col-50 elementor-top-column elementor-element elementor-element-25a7fc5\" data-id=\"25a7fc5\" data-element_type=\"column\" data-settings=\"{&quot;background_background&quot;:&quot;classic&quot;}\">\n\t\t\t<div class=\"elementor-widget-wrap elementor-element-populated\">\n\t\t\t\t\t\t<div class=\"elementor-element elementor-element-67e3fd6 elementor-widget elementor-widget-text-editor\" data-id=\"67e3fd6\" data-element_type=\"widget\" data-widget_type=\"text-editor.default\">\n\t\t\t\t<div class=\"elementor-widget-container\">\n\t\t\t\t\t\t\t\t\t<div class=\"centeredtext first\"><p>Gultas taps\u0113jumu ir iesp\u0113jams veidot gan no \u0101das, gan auduma, vai kombin\u0113t materi\u0101lus galvgali taisot no \u0101das, savuk\u0101rt r\u0101mi no dabiskas vilnas auduma, kas b\u016bs gan praktisks, gan elegants risin\u0101jums.<\/p><\/div>\t\t\t\t\t\t\t\t<\/div>\n\t\t\t\t<\/div>\n\t\t\t\t\t<\/div>\n\t\t<\/div>\n\t\t\t\t\t<\/div>\n\t\t<\/section>\n\t\t\t\t<section class=\"elementor-section elementor-top-section elementor-element elementor-element-ad77ef3 elementor-section-stretched elementor-section-full_width elementor-section-height-default elementor-section-height-default\" data-id=\"ad77ef3\" data-element_type=\"section\" data-settings=\"{&quot;stretch_section&quot;:&quot;section-stretched&quot;}\">\n\t\t\t\t\t\t<div class=\"elementor-container elementor-column-gap-no\">\n\t\t\t\t\t<div class=\"elementor-column elementor-col-50 elementor-top-column elementor-element elementor-element-d65714e\" data-id=\"d65714e\" data-element_type=\"column\">\n\t\t\t<div class=\"elementor-widget-wrap elementor-element-populated\">\n\t\t\t\t\t\t<div class=\"elementor-element elementor-element-ac3d14d elementor-widget elementor-widget-image\" data-id=\"ac3d14d\" data-element_type=\"widget\" data-widget_type=\"image.default\">\n\t\t\t\t<div class=\"elementor-widget-container\">\n\t\t\t\t\t\t\t\t\t\t\t\t\t\t\t<img decoding=\"async\" width=\"800\" height=\"533\" src=\"https:\/\/heavens-furniture.com\/wp-content\/uploads\/2019\/08\/gulta_eden_sans_tuvplans-1.jpg\" class=\"attachment-large size-large wp-image-5594\" alt=\"\" \/>\t\t\t\t\t\t\t\t\t\t\t\t\t\t\t<\/div>\n\t\t\t\t<\/div>\n\t\t\t\t\t<\/div>\n\t\t<\/div>\n\t\t\t\t<div class=\"elementor-column elementor-col-50 elementor-top-column elementor-element elementor-element-8b3d351\" data-id=\"8b3d351\" data-element_type=\"column\">\n\t\t\t<div class=\"elementor-widget-wrap elementor-element-populated\">\n\t\t\t\t\t\t<div class=\"elementor-element elementor-element-93da95f elementor-widget elementor-widget-image\" data-id=\"93da95f\" data-element_type=\"widget\" data-widget_type=\"image.default\">\n\t\t\t\t<div class=\"elementor-widget-container\">\n\t\t\t\t\t\t\t\t\t\t\t\t\t\t\t<img loading=\"lazy\" decoding=\"async\" width=\"800\" height=\"534\" src=\"https:\/\/heavens-furniture.com\/wp-content\/uploads\/2019\/08\/eden2-1024x683.jpg\" class=\"attachment-large size-large wp-image-5579\" alt=\"\" srcset=\"https:\/\/heavens-furniture.com\/wp-content\/uploads\/2019\/08\/eden2-1024x683.jpg 1024w, https:\/\/heavens-furniture.com\/wp-content\/uploads\/2019\/08\/eden2-300x200.jpg 300w, https:\/\/heavens-furniture.com\/wp-content\/uploads\/2019\/08\/eden2-768x512.jpg 768w, https:\/\/heavens-furniture.com\/wp-content\/uploads\/2019\/08\/eden2-24x16.jpg 24w, https:\/\/heavens-furniture.com\/wp-content\/uploads\/2019\/08\/eden2-36x24.jpg 36w, https:\/\/heavens-furniture.com\/wp-content\/uploads\/2019\/08\/eden2-48x32.jpg 48w, https:\/\/heavens-furniture.com\/wp-content\/uploads\/2019\/08\/eden2-1300x867.jpg 1300w\" sizes=\"(max-width: 800px) 100vw, 800px\" \/>\t\t\t\t\t\t\t\t\t\t\t\t\t\t\t<\/div>\n\t\t\t\t<\/div>\n\t\t\t\t\t<\/div>\n\t\t<\/div>\n\t\t\t\t\t<\/div>\n\t\t<\/section>\n\t\t\t\t<section class=\"elementor-section elementor-top-section elementor-element elementor-element-efe4791 elementor-section-stretched elementor-section-full_width elementor-section-height-default elementor-section-height-default\" data-id=\"efe4791\" data-element_type=\"section\" data-settings=\"{&quot;stretch_section&quot;:&quot;section-stretched&quot;}\">\n\t\t\t\t\t\t<div class=\"elementor-container elementor-column-gap-no\">\n\t\t\t\t\t<div class=\"elementor-column elementor-col-33 elementor-top-column elementor-element elementor-element-0c7fe49\" data-id=\"0c7fe49\" data-element_type=\"column\">\n\t\t\t<div class=\"elementor-widget-wrap elementor-element-populated\">\n\t\t\t\t\t\t<div class=\"elementor-element elementor-element-df7b3d5 elementor-widget elementor-widget-image\" data-id=\"df7b3d5\" data-element_type=\"widget\" data-widget_type=\"image.default\">\n\t\t\t\t<div class=\"elementor-widget-container\">\n\t\t\t\t\t\t\t\t\t\t\t\t\t\t\t<img loading=\"lazy\" decoding=\"async\" width=\"800\" height=\"1200\" src=\"https:\/\/heavens-furniture.com\/wp-content\/uploads\/2019\/08\/gulta_eden_galvgalis_detala.jpg\" class=\"attachment-large size-large wp-image-5591\" alt=\"\" \/>\t\t\t\t\t\t\t\t\t\t\t\t\t\t\t<\/div>\n\t\t\t\t<\/div>\n\t\t\t\t\t<\/div>\n\t\t<\/div>\n\t\t\t\t<div class=\"elementor-column elementor-col-33 elementor-top-column elementor-element elementor-element-f963c3f\" data-id=\"f963c3f\" data-element_type=\"column\" data-settings=\"{&quot;background_background&quot;:&quot;classic&quot;}\">\n\t\t\t<div class=\"elementor-widget-wrap elementor-element-populated\">\n\t\t\t\t\t\t\t<\/div>\n\t\t<\/div>\n\t\t\t\t<div class=\"elementor-column elementor-col-33 elementor-top-column elementor-element elementor-element-9c536ed\" data-id=\"9c536ed\" data-element_type=\"column\">\n\t\t\t<div class=\"elementor-widget-wrap elementor-element-populated\">\n\t\t\t\t\t\t<div class=\"elementor-element elementor-element-2584348 elementor-widget elementor-widget-image\" data-id=\"2584348\" data-element_type=\"widget\" data-widget_type=\"image.default\">\n\t\t\t\t<div class=\"elementor-widget-container\">\n\t\t\t\t\t\t\t\t\t\t\t\t\t\t\t<img loading=\"lazy\" decoding=\"async\" width=\"683\" height=\"1024\" src=\"https:\/\/heavens-furniture.com\/wp-content\/uploads\/2019\/08\/Eden_naktsskapitis-683x1024.jpg\" class=\"attachment-large size-large wp-image-5570\" alt=\"\" srcset=\"https:\/\/heavens-furniture.com\/wp-content\/uploads\/2019\/08\/Eden_naktsskapitis-683x1024.jpg 683w, https:\/\/heavens-furniture.com\/wp-content\/uploads\/2019\/08\/Eden_naktsskapitis-200x300.jpg 200w, https:\/\/heavens-furniture.com\/wp-content\/uploads\/2019\/08\/Eden_naktsskapitis-768x1152.jpg 768w, https:\/\/heavens-furniture.com\/wp-content\/uploads\/2019\/08\/Eden_naktsskapitis-16x24.jpg 16w, https:\/\/heavens-furniture.com\/wp-content\/uploads\/2019\/08\/Eden_naktsskapitis-24x36.jpg 24w, https:\/\/heavens-furniture.com\/wp-content\/uploads\/2019\/08\/Eden_naktsskapitis-32x48.jpg 32w, https:\/\/heavens-furniture.com\/wp-content\/uploads\/2019\/08\/Eden_naktsskapitis-1300x1950.jpg 1300w\" sizes=\"(max-width: 683px) 100vw, 683px\" \/>\t\t\t\t\t\t\t\t\t\t\t\t\t\t\t<\/div>\n\t\t\t\t<\/div>\n\t\t\t\t\t<\/div>\n\t\t<\/div>\n\t\t\t\t\t<\/div>\n\t\t<\/section>\n\t\t\t\t<section class=\"elementor-section elementor-top-section elementor-element elementor-element-449d833 elementor-section-stretched elementor-section-full_width elementor-section-height-default elementor-section-height-default\" data-id=\"449d833\" data-element_type=\"section\" data-settings=\"{&quot;stretch_section&quot;:&quot;section-stretched&quot;}\">\n\t\t\t\t\t\t<div class=\"elementor-container elementor-column-gap-no\">\n\t\t\t\t\t<div class=\"elementor-column elementor-col-50 elementor-top-column elementor-element elementor-element-4a91d2e\" data-id=\"4a91d2e\" data-element_type=\"column\">\n\t\t\t<div class=\"elementor-widget-wrap elementor-element-populated\">\n\t\t\t\t\t\t<div class=\"elementor-element elementor-element-7105379 elementor-widget elementor-widget-image\" data-id=\"7105379\" data-element_type=\"widget\" data-widget_type=\"image.default\">\n\t\t\t\t<div class=\"elementor-widget-container\">\n\t\t\t\t\t\t\t\t\t\t\t\t\t\t\t<img loading=\"lazy\" decoding=\"async\" width=\"800\" height=\"534\" src=\"https:\/\/heavens-furniture.com\/wp-content\/uploads\/2019\/08\/Eden_horizontala_ar_modeli2-1024x683.jpg\" class=\"attachment-large size-large wp-image-5543\" alt=\"\" srcset=\"https:\/\/heavens-furniture.com\/wp-content\/uploads\/2019\/08\/Eden_horizontala_ar_modeli2-1024x683.jpg 1024w, https:\/\/heavens-furniture.com\/wp-content\/uploads\/2019\/08\/Eden_horizontala_ar_modeli2-300x200.jpg 300w, https:\/\/heavens-furniture.com\/wp-content\/uploads\/2019\/08\/Eden_horizontala_ar_modeli2-768x512.jpg 768w, https:\/\/heavens-furniture.com\/wp-content\/uploads\/2019\/08\/Eden_horizontala_ar_modeli2-24x16.jpg 24w, https:\/\/heavens-furniture.com\/wp-content\/uploads\/2019\/08\/Eden_horizontala_ar_modeli2-36x24.jpg 36w, https:\/\/heavens-furniture.com\/wp-content\/uploads\/2019\/08\/Eden_horizontala_ar_modeli2-48x32.jpg 48w, https:\/\/heavens-furniture.com\/wp-content\/uploads\/2019\/08\/Eden_horizontala_ar_modeli2-1300x867.jpg 1300w\" sizes=\"(max-width: 800px) 100vw, 800px\" \/>\t\t\t\t\t\t\t\t\t\t\t\t\t\t\t<\/div>\n\t\t\t\t<\/div>\n\t\t\t\t\t<\/div>\n\t\t<\/div>\n\t\t\t\t<div class=\"elementor-column elementor-col-50 elementor-top-column elementor-element elementor-element-9369579\" data-id=\"9369579\" data-element_type=\"column\" data-settings=\"{&quot;background_background&quot;:&quot;classic&quot;}\">\n\t\t\t<div class=\"elementor-widget-wrap elementor-element-populated\">\n\t\t\t\t\t\t\t<\/div>\n\t\t<\/div>\n\t\t\t\t\t<\/div>\n\t\t<\/section>\n\t\t\t\t<section class=\"elementor-section elementor-top-section elementor-element elementor-element-463c5b6 elementor-section-stretched elementor-section-full_width elementor-section-height-default elementor-section-height-default\" data-id=\"463c5b6\" data-element_type=\"section\" data-settings=\"{&quot;stretch_section&quot;:&quot;section-stretched&quot;}\">\n\t\t\t\t\t\t<div class=\"elementor-container elementor-column-gap-default\">\n\t\t\t\t\t<div class=\"elementor-column elementor-col-100 elementor-top-column elementor-element elementor-element-ccfb48b\" data-id=\"ccfb48b\" data-element_type=\"column\">\n\t\t\t<div class=\"elementor-widget-wrap elementor-element-populated\">\n\t\t\t\t\t\t<div class=\"elementor-element elementor-element-ddd5caa related elementor-widget elementor-widget-shortcode\" data-id=\"ddd5caa\" data-element_type=\"widget\" data-widget_type=\"shortcode.default\">\n\t\t\t\t<div class=\"elementor-widget-container\">\n\t\t\t\t\t\t\t<div class=\"elementor-shortcode\"> <div class=\"woocommerce columns-5 \"><ul class=\"products columns-5\">\n<li class=\"product type-product post-925 status-publish first instock product_cat-auduma-gultas product_cat-eden product_cat-gultas product_cat-kolekcijas product_tag-atsperlistes product_tag-audums has-post-thumbnail shipping-taxable product-type-simple\">\n\t<a href=\"https:\/\/heavens-furniture.com\/lv\/produkti\/eden-gulta\/\" class=\"woocommerce-LoopProduct-link woocommerce-loop-product__link\"><img loading=\"lazy\" decoding=\"async\" width=\"400\" height=\"300\" src=\"https:\/\/heavens-furniture.com\/wp-content\/uploads\/2019\/08\/eden-apgerbta-slipskats-uz-balta-fona-400x300.jpg\" class=\"attachment-woocommerce_thumbnail size-woocommerce_thumbnail\" alt=\"Eden gulta\" \/><div class=\"loop-title\"><h2 class=\"woocommerce-loop-product__title\">Eden gulta<\/h2><h2>ar atsperl\u012bst\u0113m<\/h2><\/div><\/a><\/li>\n<li class=\"product type-product post-926 status-publish instock product_cat-eden product_cat-kolekcijas product_cat-naktsskapisi has-post-thumbnail shipping-taxable product-type-simple\">\n\t<a href=\"https:\/\/heavens-furniture.com\/lv\/produkti\/eden-naktsskapitis\/\" class=\"woocommerce-LoopProduct-link woocommerce-loop-product__link\"><img loading=\"lazy\" decoding=\"async\" width=\"400\" height=\"300\" src=\"https:\/\/heavens-furniture.com\/wp-content\/uploads\/2019\/08\/eden-naktsskapitis-krasaina-fasade-uz-balta-fona-pretskats-400x300.jpg\" class=\"attachment-woocommerce_thumbnail size-woocommerce_thumbnail\" alt=\"Eden naktsskap\u012btis\" \/><div class=\"loop-title\"><h2 class=\"woocommerce-loop-product__title\">Eden naktsskap\u012btis<\/h2><h2>ar 2 atvilktn\u0113m<\/h2><\/div><\/a><\/li>\n<li class=\"product type-product post-999 status-publish instock product_cat-eden-ru product_cat-eden product_cat-kolekcijas product_cat-pufi product_tag-koks-un-audums has-post-thumbnail shipping-taxable product-type-simple\">\n\t<a href=\"https:\/\/heavens-furniture.com\/lv\/produkti\/eden-pufs\/\" class=\"woocommerce-LoopProduct-link woocommerce-loop-product__link\"><img loading=\"lazy\" decoding=\"async\" width=\"400\" height=\"300\" src=\"https:\/\/heavens-furniture.com\/wp-content\/uploads\/2019\/08\/eden_pufs-pretskats-uz-balta-fona-1-400x300.jpg\" class=\"attachment-woocommerce_thumbnail size-woocommerce_thumbnail\" alt=\"Eden pufs\" \/><div class=\"loop-title\"><h2 class=\"woocommerce-loop-product__title\">Eden pufs<\/h2><h2>ar rokturi<\/h2><\/div><\/a><\/li>\n<li class=\"product type-product post-1054 status-publish instock product_cat-eden-ru product_cat-eden product_cat-kolekcijas product_cat-pufi product_tag-audums has-post-thumbnail shipping-taxable product-type-simple\">\n\t<a href=\"https:\/\/heavens-furniture.com\/lv\/produkti\/eden-pufs-garais\/\" class=\"woocommerce-LoopProduct-link woocommerce-loop-product__link\"><img loading=\"lazy\" decoding=\"async\" width=\"400\" height=\"300\" src=\"https:\/\/heavens-furniture.com\/wp-content\/uploads\/2019\/08\/eden_sols-pretskats-uz-balta-fona-400x300.jpg\" class=\"attachment-woocommerce_thumbnail size-woocommerce_thumbnail\" alt=\"Eden pufs\" \/><div class=\"loop-title\"><h2 class=\"woocommerce-loop-product__title\">Eden pufs<\/h2><h2>garais<\/h2><\/div><\/a><\/li>\n<li class=\"product type-product post-998 status-publish last instock product_cat-eden product_cat-eden-ru product_cat-kolekcijas product_cat-spoguli has-post-thumbnail shipping-taxable product-type-simple\">\n\t<a href=\"https:\/\/heavens-furniture.com\/lv\/produkti\/eden-apalais-sienas-spogulis\/\" class=\"woocommerce-LoopProduct-link woocommerce-loop-product__link\"><img loading=\"lazy\" decoding=\"async\" width=\"400\" height=\"300\" src=\"https:\/\/heavens-furniture.com\/wp-content\/uploads\/2019\/08\/eden_apalais_spogulis_pretskats-400x300.jpg\" class=\"attachment-woocommerce_thumbnail size-woocommerce_thumbnail\" alt=\"Eden spogulis\" \/><div class=\"loop-title\"><h2 class=\"woocommerce-loop-product__title\">Eden spogulis<\/h2><h2>sienas<\/h2><\/div><\/a><\/li>\n<li class=\"product type-product post-1031 status-publish first instock product_cat-eden product_cat-eden-ru product_cat-kolekcijas product_cat-spoguli has-post-thumbnail shipping-taxable product-type-simple\">\n\t<a href=\"https:\/\/heavens-furniture.com\/lv\/produkti\/eden-gridas-spogulis\/\" class=\"woocommerce-LoopProduct-link woocommerce-loop-product__link\"><img loading=\"lazy\" decoding=\"async\" width=\"400\" height=\"300\" src=\"https:\/\/heavens-furniture.com\/wp-content\/uploads\/2019\/08\/eden-gridas-spogulis-slipskats-uz-balta-fona-400x300.jpg\" class=\"attachment-woocommerce_thumbnail size-woocommerce_thumbnail\" alt=\"Eden spogulis\" \/><div class=\"loop-title\"><h2 class=\"woocommerce-loop-product__title\">Eden spogulis<\/h2><h2>gr\u012bdas<\/h2><\/div><\/a><\/li>\n<li class=\"product type-product post-927 status-publish instock product_cat-eden product_cat-kolekcijas product_cat-kumodes has-post-thumbnail shipping-taxable product-type-simple\">\n\t<a href=\"https:\/\/heavens-furniture.com\/lv\/produkti\/eden-kumode-k1\/\" class=\"woocommerce-LoopProduct-link woocommerce-loop-product__link\"><img loading=\"lazy\" decoding=\"async\" width=\"400\" height=\"300\" src=\"https:\/\/heavens-furniture.com\/wp-content\/uploads\/2019\/08\/eden-kumode-k1-pretskats-uz-balta-fona-400x300.jpg\" class=\"attachment-woocommerce_thumbnail size-woocommerce_thumbnail\" alt=\"Eden K1 kumode\" \/><div class=\"loop-title\"><h2 class=\"woocommerce-loop-product__title\">Eden K1 kumode<\/h2><h2>ar 4 atvilktn\u0113m<\/h2><\/div><\/a><\/li>\n<li class=\"product type-product post-928 status-publish instock product_cat-eden product_cat-kolekcijas product_cat-kumodes has-post-thumbnail shipping-taxable product-type-simple\">\n\t<a href=\"https:\/\/heavens-furniture.com\/lv\/produkti\/eden-kumode-k2\/\" class=\"woocommerce-LoopProduct-link woocommerce-loop-product__link\"><img loading=\"lazy\" decoding=\"async\" width=\"400\" height=\"300\" src=\"https:\/\/heavens-furniture.com\/wp-content\/uploads\/2019\/08\/eden-kumode-k2-uz-balta-fona-krasaina-fasade-400x300.jpg\" class=\"attachment-woocommerce_thumbnail size-woocommerce_thumbnail\" alt=\"Eden K2 kumode\" \/><div class=\"loop-title\"><h2 class=\"woocommerce-loop-product__title\">Eden K2 kumode<\/h2><h2>ar 6 atvilktn\u0113m<\/h2><\/div><\/a><\/li>\n<li class=\"product type-product post-929 status-publish instock product_cat-eden product_cat-kolekcijas product_cat-kumodes has-post-thumbnail shipping-taxable product-type-simple\">\n\t<a href=\"https:\/\/heavens-furniture.com\/lv\/produkti\/eden-kumode-k3\/\" class=\"woocommerce-LoopProduct-link woocommerce-loop-product__link\"><img loading=\"lazy\" decoding=\"async\" width=\"400\" height=\"300\" src=\"https:\/\/heavens-furniture.com\/wp-content\/uploads\/2019\/08\/eden-kumode-k3-pretskats-uz-balta-fona-400x300.jpg\" class=\"attachment-woocommerce_thumbnail size-woocommerce_thumbnail\" alt=\"Eden K3 kumode\" \/><div class=\"loop-title\"><h2 class=\"woocommerce-loop-product__title\">Eden K3 kumode<\/h2><h2>ar 6 atvilktn\u0113m<\/h2><\/div><\/a><\/li>\n<\/ul>\n<\/div><\/div>\n\t\t\t\t\t\t<\/div>\n\t\t\t\t<\/div>\n\t\t\t\t\t<\/div>\n\t\t<\/div>\n\t\t\t\t\t<\/div>\n\t\t<\/section>\n\t\t\t\t<\/div>\n\t\t","protected":false},"excerpt":{"rendered":"<p>EDEN Smalkas l\u012bnijas, vieglums, dabiskums un elegance \u2013 \u0161\u012bs visas ir gu\u013camistabas kolekcijas \u201cEden\u201d galven\u0101s rakstur\u012bpa\u0161\u012bbas. Kolekcija, kur\u0101 ir veiksm\u012bgi apvienotas retro un modern\u0101 stila iez\u012bmes, pie\u0161\u0137irs raksturu un atdz\u012bvin\u0101s J\u016bsu gu\u013camistabu. Gultas taps\u0113jumu ir iesp\u0113jams veidot gan no \u0101das, gan auduma, vai kombin\u0113t materi\u0101lus galvgali taisot no \u0101das, savuk\u0101rt r\u0101mi no dabiskas vilnas auduma, [&hellip;]<\/p>\n","protected":false},"author":5,"featured_media":0,"parent":0,"menu_order":15,"comment_status":"closed","ping_status":"closed","template":"elementor_header_footer","meta":{"_acf_changed":false,"iawp_total_views":6,"footnotes":""},"class_list":["post-5523","page","type-page","status-publish","hentry"],"acf":[],"_links":{"self":[{"href":"https:\/\/heavens-furniture.com\/lv\/wp-json\/wp\/v2\/pages\/5523\/"}],"collection":[{"href":"https:\/\/heavens-furniture.com\/lv\/wp-json\/wp\/v2\/pages\/"}],"about":[{"href":"https:\/\/heavens-furniture.com\/lv\/wp-json\/wp\/v2\/types\/page\/"}],"author":[{"embeddable":true,"href":"https:\/\/heavens-furniture.com\/lv\/wp-json\/wp\/v2\/users\/5\/"}],"replies":[{"embeddable":true,"href":"https:\/\/heavens-furniture.com\/lv\/wp-json\/wp\/v2\/comments\/?post=5523"}],"version-history":[{"count":13,"href":"https:\/\/heavens-furniture.com\/lv\/wp-json\/wp\/v2\/pages\/5523\/revisions\/"}],"predecessor-version":[{"id":12063,"href":"https:\/\/heavens-furniture.com\/lv\/wp-json\/wp\/v2\/pages\/5523\/revisions\/12063\/"}],"wp:attachment":[{"href":"https:\/\/heavens-furniture.com\/lv\/wp-json\/wp\/v2\/media\/?parent=5523"}],"curies":[{"name":"wp","href":"https:\/\/api.w.org\/{rel}","templated":true}]}}