{"id":6384,"date":"2019-08-29T11:49:28","date_gmt":"2019-08-29T11:49:28","guid":{"rendered":"https:\/\/heavens-furniture.com\/?page_id=6384"},"modified":"2019-10-14T10:44:53","modified_gmt":"2019-10-14T10:44:53","slug":"harry","status":"publish","type":"page","link":"https:\/\/heavens-furniture.com\/lv\/harry\/","title":{"rendered":"HARRY"},"content":{"rendered":"\t\t<div data-elementor-type=\"wp-post\" data-elementor-id=\"6384\" class=\"elementor elementor-6384\" data-elementor-post-type=\"page\">\n\t\t\t\t\t\t<section class=\"elementor-section elementor-top-section elementor-element elementor-element-e0ac849 elementor-section-stretched elementor-section-full_width elementor-section-height-default elementor-section-height-default\" data-id=\"e0ac849\" data-element_type=\"section\" data-settings=\"{&quot;stretch_section&quot;:&quot;section-stretched&quot;}\">\n\t\t\t\t\t\t<div class=\"elementor-container elementor-column-gap-no\">\n\t\t\t\t\t<div class=\"elementor-column elementor-col-66 elementor-top-column elementor-element elementor-element-0b66640\" data-id=\"0b66640\" data-element_type=\"column\">\n\t\t\t<div class=\"elementor-widget-wrap elementor-element-populated\">\n\t\t\t\t\t\t<div class=\"elementor-element elementor-element-d730c27 elementor-widget elementor-widget-image\" data-id=\"d730c27\" data-element_type=\"widget\" data-widget_type=\"image.default\">\n\t\t\t\t<div class=\"elementor-widget-container\">\n\t\t\t\t\t\t\t\t\t\t\t\t\t\t\t<img fetchpriority=\"high\" decoding=\"async\" width=\"800\" height=\"533\" src=\"https:\/\/heavens-furniture.com\/wp-content\/uploads\/2019\/08\/harry-header-1.jpg\" class=\"attachment-large size-large wp-image-5642\" alt=\"\" srcset=\"https:\/\/heavens-furniture.com\/wp-content\/uploads\/2019\/08\/harry-header-1.jpg 2000w, https:\/\/heavens-furniture.com\/wp-content\/uploads\/2019\/08\/harry-header-1-1300x866.jpg 1300w\" sizes=\"(max-width: 800px) 100vw, 800px\" \/>\t\t\t\t\t\t\t\t\t\t\t\t\t\t\t<\/div>\n\t\t\t\t<\/div>\n\t\t\t\t\t<\/div>\n\t\t<\/div>\n\t\t\t\t<div class=\"elementor-column elementor-col-33 elementor-top-column elementor-element elementor-element-2b1eb1e\" data-id=\"2b1eb1e\" data-element_type=\"column\" data-settings=\"{&quot;background_background&quot;:&quot;classic&quot;}\">\n\t\t\t<div class=\"elementor-widget-wrap elementor-element-populated\">\n\t\t\t\t\t\t<div class=\"elementor-element elementor-element-330e979 elementor-widget elementor-widget-heading\" data-id=\"330e979\" data-element_type=\"widget\" data-widget_type=\"heading.default\">\n\t\t\t\t<div class=\"elementor-widget-container\">\n\t\t\t\t\t<h2 class=\"elementor-heading-title elementor-size-large\">HARRY<\/h2>\t\t\t\t<\/div>\n\t\t\t\t<\/div>\n\t\t\t\t\t<\/div>\n\t\t<\/div>\n\t\t\t\t\t<\/div>\n\t\t<\/section>\n\t\t\t\t<section class=\"elementor-section elementor-top-section elementor-element elementor-element-c7bd059 elementor-section-stretched elementor-section-full_width elementor-section-height-default elementor-section-height-default\" data-id=\"c7bd059\" data-element_type=\"section\" data-settings=\"{&quot;stretch_section&quot;:&quot;section-stretched&quot;}\">\n\t\t\t\t\t\t<div class=\"elementor-container elementor-column-gap-no\">\n\t\t\t\t\t<div class=\"elementor-column elementor-col-50 elementor-top-column elementor-element elementor-element-18a0bd0\" data-id=\"18a0bd0\" data-element_type=\"column\">\n\t\t\t<div class=\"elementor-widget-wrap elementor-element-populated\">\n\t\t\t\t\t\t<div class=\"elementor-element elementor-element-9f91909 elementor-widget elementor-widget-image\" data-id=\"9f91909\" data-element_type=\"widget\" data-widget_type=\"image.default\">\n\t\t\t\t<div class=\"elementor-widget-container\">\n\t\t\t\t\t\t\t\t\t\t\t\t\t\t\t<img decoding=\"async\" width=\"800\" height=\"533\" src=\"https:\/\/heavens-furniture.com\/wp-content\/uploads\/2019\/08\/harry_vienvietigs_web.jpg\" class=\"attachment-large size-large wp-image-5618\" alt=\"\" \/>\t\t\t\t\t\t\t\t\t\t\t\t\t\t\t<\/div>\n\t\t\t\t<\/div>\n\t\t\t\t\t<\/div>\n\t\t<\/div>\n\t\t\t\t<div class=\"elementor-column elementor-col-50 elementor-top-column elementor-element elementor-element-10f0adc\" data-id=\"10f0adc\" data-element_type=\"column\">\n\t\t\t<div class=\"elementor-widget-wrap elementor-element-populated\">\n\t\t\t\t\t\t<div class=\"elementor-element elementor-element-f35a36d elementor-widget elementor-widget-image\" data-id=\"f35a36d\" data-element_type=\"widget\" data-widget_type=\"image.default\">\n\t\t\t\t<div class=\"elementor-widget-container\">\n\t\t\t\t\t\t\t\t\t\t\t\t\t\t\t<img decoding=\"async\" width=\"800\" height=\"533\" src=\"https:\/\/heavens-furniture.com\/wp-content\/uploads\/2019\/08\/harry_divvietigs_web-1.jpg\" class=\"attachment-large size-large wp-image-5633\" alt=\"\" \/>\t\t\t\t\t\t\t\t\t\t\t\t\t\t\t<\/div>\n\t\t\t\t<\/div>\n\t\t\t\t\t<\/div>\n\t\t<\/div>\n\t\t\t\t\t<\/div>\n\t\t<\/section>\n\t\t\t\t<section class=\"elementor-section elementor-top-section elementor-element elementor-element-6299782 elementor-section-stretched elementor-section-full_width elementor-section-height-default elementor-section-height-default\" data-id=\"6299782\" data-element_type=\"section\" data-settings=\"{&quot;stretch_section&quot;:&quot;section-stretched&quot;}\">\n\t\t\t\t\t\t<div class=\"elementor-container elementor-column-gap-no\">\n\t\t\t\t\t<div class=\"elementor-column elementor-col-33 elementor-top-column elementor-element elementor-element-142b589\" data-id=\"142b589\" data-element_type=\"column\" data-settings=\"{&quot;background_background&quot;:&quot;classic&quot;}\">\n\t\t\t<div class=\"elementor-widget-wrap elementor-element-populated\">\n\t\t\t\t\t\t\t<\/div>\n\t\t<\/div>\n\t\t\t\t<div class=\"elementor-column elementor-col-66 elementor-top-column elementor-element elementor-element-67e257a\" data-id=\"67e257a\" data-element_type=\"column\">\n\t\t\t<div class=\"elementor-widget-wrap elementor-element-populated\">\n\t\t\t\t\t\t<div class=\"elementor-element elementor-element-c7a1dd8 elementor-widget elementor-widget-image\" data-id=\"c7a1dd8\" data-element_type=\"widget\" data-widget_type=\"image.default\">\n\t\t\t\t<div class=\"elementor-widget-container\">\n\t\t\t\t\t\t\t\t\t\t\t\t\t\t\t<img loading=\"lazy\" decoding=\"async\" width=\"800\" height=\"533\" src=\"https:\/\/heavens-furniture.com\/wp-content\/uploads\/2019\/08\/Harry_plaukts.jpg\" class=\"attachment-large size-large wp-image-5684\" alt=\"\" \/>\t\t\t\t\t\t\t\t\t\t\t\t\t\t\t<\/div>\n\t\t\t\t<\/div>\n\t\t\t\t\t<\/div>\n\t\t<\/div>\n\t\t\t\t\t<\/div>\n\t\t<\/section>\n\t\t\t\t<section class=\"elementor-section elementor-top-section elementor-element elementor-element-62dd14d elementor-section-stretched elementor-section-full_width elementor-section-height-default elementor-section-height-default\" data-id=\"62dd14d\" data-element_type=\"section\" data-settings=\"{&quot;stretch_section&quot;:&quot;section-stretched&quot;}\">\n\t\t\t\t\t\t<div class=\"elementor-container elementor-column-gap-no\">\n\t\t\t\t\t<div class=\"elementor-column elementor-col-50 elementor-top-column elementor-element elementor-element-34b1a41\" data-id=\"34b1a41\" data-element_type=\"column\">\n\t\t\t<div class=\"elementor-widget-wrap elementor-element-populated\">\n\t\t\t\t\t\t<div class=\"elementor-element elementor-element-fae64b4 elementor-widget elementor-widget-image\" data-id=\"fae64b4\" data-element_type=\"widget\" data-widget_type=\"image.default\">\n\t\t\t\t<div class=\"elementor-widget-container\">\n\t\t\t\t\t\t\t\t\t\t\t\t\t\t\t<img loading=\"lazy\" decoding=\"async\" width=\"800\" height=\"542\" src=\"https:\/\/heavens-furniture.com\/wp-content\/uploads\/2019\/08\/harry_plaukts_2.jpg\" class=\"attachment-large size-large wp-image-5678\" alt=\"\" \/>\t\t\t\t\t\t\t\t\t\t\t\t\t\t\t<\/div>\n\t\t\t\t<\/div>\n\t\t\t\t\t<\/div>\n\t\t<\/div>\n\t\t\t\t<div class=\"elementor-column elementor-col-50 elementor-top-column elementor-element elementor-element-3952c09\" data-id=\"3952c09\" data-element_type=\"column\">\n\t\t\t<div class=\"elementor-widget-wrap elementor-element-populated\">\n\t\t\t\t\t\t<div class=\"elementor-element elementor-element-d435d31 elementor-widget elementor-widget-image\" data-id=\"d435d31\" data-element_type=\"widget\" data-widget_type=\"image.default\">\n\t\t\t\t<div class=\"elementor-widget-container\">\n\t\t\t\t\t\t\t\t\t\t\t\t\t\t\t<img loading=\"lazy\" decoding=\"async\" width=\"800\" height=\"542\" src=\"https:\/\/heavens-furniture.com\/wp-content\/uploads\/2019\/08\/mitau_plaukti_4.jpg\" class=\"attachment-large size-large wp-image-5693\" alt=\"\" \/>\t\t\t\t\t\t\t\t\t\t\t\t\t\t\t<\/div>\n\t\t\t\t<\/div>\n\t\t\t\t\t<\/div>\n\t\t<\/div>\n\t\t\t\t\t<\/div>\n\t\t<\/section>\n\t\t\t\t<section class=\"elementor-section elementor-top-section elementor-element elementor-element-42a6e74 elementor-section-stretched elementor-section-full_width elementor-section-height-default elementor-section-height-default\" data-id=\"42a6e74\" data-element_type=\"section\" data-settings=\"{&quot;stretch_section&quot;:&quot;section-stretched&quot;}\">\n\t\t\t\t\t\t<div class=\"elementor-container elementor-column-gap-default\">\n\t\t\t\t\t<div class=\"elementor-column elementor-col-100 elementor-top-column elementor-element elementor-element-38a5a2e\" data-id=\"38a5a2e\" data-element_type=\"column\">\n\t\t\t<div class=\"elementor-widget-wrap elementor-element-populated\">\n\t\t\t\t\t\t<div class=\"elementor-element elementor-element-7034ae1 related elementor-widget elementor-widget-shortcode\" data-id=\"7034ae1\" data-element_type=\"widget\" data-widget_type=\"shortcode.default\">\n\t\t\t\t<div class=\"elementor-widget-container\">\n\t\t\t\t\t\t\t<div class=\"elementor-shortcode\"><div class=\"woocommerce columns-5 \"><ul class=\"products columns-5\">\n<li class=\"product type-product post-933 status-publish first instock product_cat-harry product_cat-harry-ru product_cat-kolekcijas product_cat-kresli-un-divani product_tag-audums has-post-thumbnail shipping-taxable product-type-simple\">\n\t<a href=\"https:\/\/heavens-furniture.com\/lv\/produkti\/harry-kresls\/\" class=\"woocommerce-LoopProduct-link woocommerce-loop-product__link\"><img loading=\"lazy\" decoding=\"async\" width=\"400\" height=\"300\" src=\"https:\/\/heavens-furniture.com\/wp-content\/uploads\/2019\/08\/harry-kresls-pretskats-uz-balta-fona-400x300.jpg\" class=\"attachment-woocommerce_thumbnail size-woocommerce_thumbnail\" alt=\"Harry kr\u0113sls\" \/><div class=\"loop-title\"><h2 class=\"woocommerce-loop-product__title\">Harry kr\u0113sls<\/h2><h2>ar da\u017e\u0101d\u0101m apdar\u0113m<\/h2><\/div><\/a><\/li>\n<li class=\"product type-product post-934 status-publish instock product_cat-harry-ru product_cat-harry product_cat-kolekcijas product_cat-kresli-un-divani product_tag-audums has-post-thumbnail shipping-taxable product-type-simple\">\n\t<a href=\"https:\/\/heavens-furniture.com\/lv\/produkti\/harry-divans\/\" class=\"woocommerce-LoopProduct-link woocommerce-loop-product__link\"><img loading=\"lazy\" decoding=\"async\" width=\"400\" height=\"300\" src=\"https:\/\/heavens-furniture.com\/wp-content\/uploads\/2019\/08\/Harry_-peleks-divans_pretskats-uz-balta-fona-400x300.jpg\" class=\"attachment-woocommerce_thumbnail size-woocommerce_thumbnail\" alt=\"Harry d\u012bv\u0101ns\" \/><div class=\"loop-title\"><h2 class=\"woocommerce-loop-product__title\">Harry d\u012bv\u0101ns<\/h2><h2>divviet\u012bgs<\/h2><\/div><\/a><\/li>\n<li class=\"product type-product post-931 status-publish instock product_cat-harry-ru product_cat-harry product_cat-kolekcijas product_cat-plaukti has-post-thumbnail shipping-taxable product-type-simple\">\n\t<a href=\"https:\/\/heavens-furniture.com\/lv\/produkti\/harry-plaukts\/\" class=\"woocommerce-LoopProduct-link woocommerce-loop-product__link\"><img loading=\"lazy\" decoding=\"async\" width=\"400\" height=\"300\" src=\"https:\/\/heavens-furniture.com\/wp-content\/uploads\/2019\/08\/harry_plaukts-pretskats-uz-balta-fona-400x300.jpg\" class=\"attachment-woocommerce_thumbnail size-woocommerce_thumbnail\" alt=\"Harry plaukts\" \/><div class=\"loop-title\"><h2 class=\"woocommerce-loop-product__title\">Harry plaukts<\/h2><h2>ar durv\u012bm<\/h2><\/div><\/a><\/li>\n<li class=\"product type-product post-932 status-publish instock product_cat-harry product_cat-harry-ru product_cat-kolekcijas product_cat-plaukti has-post-thumbnail shipping-taxable product-type-simple\">\n\t<a href=\"https:\/\/heavens-furniture.com\/lv\/produkti\/harry-tv-plaukts\/\" class=\"woocommerce-LoopProduct-link woocommerce-loop-product__link\"><img loading=\"lazy\" decoding=\"async\" width=\"400\" height=\"300\" src=\"https:\/\/heavens-furniture.com\/wp-content\/uploads\/2019\/08\/harry-tv-galds-zemais-ar-plauktiem-400x300.jpg\" class=\"attachment-woocommerce_thumbnail size-woocommerce_thumbnail\" alt=\"Harry TV plaukts\" \/><div class=\"loop-title\"><h2 class=\"woocommerce-loop-product__title\">Harry TV plaukts<\/h2><h2>bez durv\u012bm<\/h2><\/div><\/a><\/li>\n<li class=\"product type-product post-1016 status-publish last instock product_cat-harry product_cat-harry-ru product_cat-kolekcijas product_cat-plaukti has-post-thumbnail shipping-taxable product-type-simple\">\n\t<a href=\"https:\/\/heavens-furniture.com\/lv\/produkti\/harry-tv-plaukts-ar-durvim\/\" class=\"woocommerce-LoopProduct-link woocommerce-loop-product__link\"><img loading=\"lazy\" decoding=\"async\" width=\"400\" height=\"300\" src=\"https:\/\/heavens-furniture.com\/wp-content\/uploads\/2019\/08\/harry_tv_galds_ar_durtinam-pretskats-ar-baltu-fonu-400x300.jpg\" class=\"attachment-woocommerce_thumbnail size-woocommerce_thumbnail\" alt=\"Harry TV plaukts\" \/><div class=\"loop-title\"><h2 class=\"woocommerce-loop-product__title\">Harry TV plaukts<\/h2><h2> ar durv\u012bm<\/h2><\/div><\/a><\/li>\n<li class=\"product type-product post-1025 status-publish first instock product_cat-harry product_cat-kolekcijas product_cat-pufi product_tag-audums has-post-thumbnail shipping-taxable product-type-simple\">\n\t<a href=\"https:\/\/heavens-furniture.com\/lv\/produkti\/harry-pufs\/\" class=\"woocommerce-LoopProduct-link woocommerce-loop-product__link\"><img loading=\"lazy\" decoding=\"async\" width=\"400\" height=\"300\" src=\"https:\/\/heavens-furniture.com\/wp-content\/uploads\/2019\/08\/Harry_solins_pretskats-400x300.jpg\" class=\"attachment-woocommerce_thumbnail size-woocommerce_thumbnail\" alt=\"Harry pufs\" \/><div class=\"loop-title\"><h2 class=\"woocommerce-loop-product__title\">Harry pufs<\/h2><h2>\u012bsais<\/h2><\/div><\/a><\/li>\n<\/ul>\n<\/div><\/div>\n\t\t\t\t\t\t<\/div>\n\t\t\t\t<\/div>\n\t\t\t\t\t<\/div>\n\t\t<\/div>\n\t\t\t\t\t<\/div>\n\t\t<\/section>\n\t\t\t\t<\/div>\n\t\t","protected":false},"excerpt":{"rendered":"<p>HARRY<\/p>\n","protected":false},"author":5,"featured_media":0,"parent":0,"menu_order":16,"comment_status":"closed","ping_status":"closed","template":"elementor_header_footer","meta":{"_acf_changed":false,"iawp_total_views":4,"footnotes":""},"class_list":["post-6384","page","type-page","status-publish","hentry"],"acf":[],"_links":{"self":[{"href":"https:\/\/heavens-furniture.com\/lv\/wp-json\/wp\/v2\/pages\/6384\/"}],"collection":[{"href":"https:\/\/heavens-furniture.com\/lv\/wp-json\/wp\/v2\/pages\/"}],"about":[{"href":"https:\/\/heavens-furniture.com\/lv\/wp-json\/wp\/v2\/types\/page\/"}],"author":[{"embeddable":true,"href":"https:\/\/heavens-furniture.com\/lv\/wp-json\/wp\/v2\/users\/5\/"}],"replies":[{"embeddable":true,"href":"https:\/\/heavens-furniture.com\/lv\/wp-json\/wp\/v2\/comments\/?post=6384"}],"version-history":[{"count":9,"href":"https:\/\/heavens-furniture.com\/lv\/wp-json\/wp\/v2\/pages\/6384\/revisions\/"}],"predecessor-version":[{"id":11222,"href":"https:\/\/heavens-furniture.com\/lv\/wp-json\/wp\/v2\/pages\/6384\/revisions\/11222\/"}],"wp:attachment":[{"href":"https:\/\/heavens-furniture.com\/lv\/wp-json\/wp\/v2\/media\/?parent=6384"}],"curies":[{"name":"wp","href":"https:\/\/api.w.org\/{rel}","templated":true}]}}