{"id":1000,"date":"2019-08-15T08:16:32","date_gmt":"2019-08-15T08:16:32","guid":{"rendered":"https:\/\/heavens-furniture.com\/produkti\/sandra-solins-isais\/"},"modified":"2023-11-29T13:39:55","modified_gmt":"2023-11-29T13:39:55","slug":"sandra-solins-isais","status":"publish","type":"product","link":"https:\/\/heavens-furniture.com\/lv\/produkti\/sandra-solins-isais\/","title":{"rendered":"Sandra soli\u0146\u0161"},"content":{"rendered":"<p>&nbsp;<\/p>\n<p>&nbsp;<\/p>\n<p><img decoding=\"async\" src=\"\/upload\/Kolekcijas\/Aura\/aura_solini.png\" alt=\"\" \/><\/p>\n","protected":false},"excerpt":{"rendered":"<p>Klasisk\u0101 stila ozola mas\u012bvkoka soli\u0146\u0161 izcels dab\u012bgo koka fakt\u016bru.<\/p>\n","protected":false},"featured_media":15736,"template":"","meta":{"_acf_changed":false,"iawp_total_views":2},"product_brand":[],"product_cat":[26,43,51],"product_tag":[727],"class_list":{"0":"post-1000","1":"product","2":"type-product","3":"status-publish","4":"has-post-thumbnail","6":"product_cat-kolekcijas","7":"product_cat-sandra","8":"product_cat-pufi","9":"product_tag-koks-un-audums","11":"first","12":"instock","13":"shipping-taxable","14":"product-type-simple"},"acf":[],"_links":{"self":[{"href":"https:\/\/heavens-furniture.com\/lv\/wp-json\/wp\/v2\/product\/1000\/"}],"collection":[{"href":"https:\/\/heavens-furniture.com\/lv\/wp-json\/wp\/v2\/product\/"}],"about":[{"href":"https:\/\/heavens-furniture.com\/lv\/wp-json\/wp\/v2\/types\/product\/"}],"wp:featuredmedia":[{"embeddable":true,"href":"https:\/\/heavens-furniture.com\/lv\/wp-json\/wp\/v2\/media\/15736\/"}],"wp:attachment":[{"href":"https:\/\/heavens-furniture.com\/lv\/wp-json\/wp\/v2\/media\/?parent=1000"}],"wp:term":[{"taxonomy":"product_brand","embeddable":true,"href":"https:\/\/heavens-furniture.com\/lv\/wp-json\/wp\/v2\/product_brand\/?post=1000"},{"taxonomy":"product_cat","embeddable":true,"href":"https:\/\/heavens-furniture.com\/lv\/wp-json\/wp\/v2\/product_cat\/?post=1000"},{"taxonomy":"product_tag","embeddable":true,"href":"https:\/\/heavens-furniture.com\/lv\/wp-json\/wp\/v2\/product_tag\/?post=1000"}],"curies":[{"name":"wp","href":"https:\/\/api.w.org\/{rel}","templated":true}]}}