{"id":1004,"date":"2019-08-15T08:16:33","date_gmt":"2019-08-15T08:16:33","guid":{"rendered":"https:\/\/heavens-furniture.com\/produkti\/pufs-ar-vaku\/"},"modified":"2023-11-29T13:40:27","modified_gmt":"2023-11-29T13:40:27","slug":"pufs-ar-vaku","status":"publish","type":"product","link":"https:\/\/heavens-furniture.com\/lv\/produkti\/pufs-ar-vaku\/","title":{"rendered":"Pufs ar kasti"},"content":{"rendered":"<p>&nbsp;<\/p>\n<p>&nbsp;<\/p>\n<p><img decoding=\"async\" src=\"\/upload\/Kolekcijas\/soli_un_pufi\/pufs_ar_vaku_rokturi.png\" alt=\"\" \/><\/p>\n","protected":false},"excerpt":{"rendered":"<p>Ietilp\u012bgais uzglab\u0101\u0161anas pufs pieejams da\u017e\u0101dos izm\u0113ros un da\u017e\u0101d\u0101s auduma vai \u0101das apdar\u0113s.<\/p>\n","protected":false},"featured_media":15717,"template":"","meta":{"_acf_changed":false,"iawp_total_views":14},"product_brand":[],"product_cat":[26,36,51],"product_tag":[726],"class_list":{"0":"post-1004","1":"product","2":"type-product","3":"status-publish","4":"has-post-thumbnail","6":"product_cat-kolekcijas","7":"product_cat-riga","8":"product_cat-pufi","9":"product_tag-audums","11":"first","12":"instock","13":"shipping-taxable","14":"product-type-simple"},"acf":[],"_links":{"self":[{"href":"https:\/\/heavens-furniture.com\/lv\/wp-json\/wp\/v2\/product\/1004\/"}],"collection":[{"href":"https:\/\/heavens-furniture.com\/lv\/wp-json\/wp\/v2\/product\/"}],"about":[{"href":"https:\/\/heavens-furniture.com\/lv\/wp-json\/wp\/v2\/types\/product\/"}],"wp:featuredmedia":[{"embeddable":true,"href":"https:\/\/heavens-furniture.com\/lv\/wp-json\/wp\/v2\/media\/15717\/"}],"wp:attachment":[{"href":"https:\/\/heavens-furniture.com\/lv\/wp-json\/wp\/v2\/media\/?parent=1004"}],"wp:term":[{"taxonomy":"product_brand","embeddable":true,"href":"https:\/\/heavens-furniture.com\/lv\/wp-json\/wp\/v2\/product_brand\/?post=1004"},{"taxonomy":"product_cat","embeddable":true,"href":"https:\/\/heavens-furniture.com\/lv\/wp-json\/wp\/v2\/product_cat\/?post=1004"},{"taxonomy":"product_tag","embeddable":true,"href":"https:\/\/heavens-furniture.com\/lv\/wp-json\/wp\/v2\/product_tag\/?post=1004"}],"curies":[{"name":"wp","href":"https:\/\/api.w.org\/{rel}","templated":true}]}}