{"id":1006,"date":"2019-08-15T08:16:33","date_gmt":"2019-08-15T08:16:33","guid":{"rendered":"https:\/\/heavens-furniture.com\/produkti\/apalais-pufs\/"},"modified":"2023-11-29T13:40:05","modified_gmt":"2023-11-29T13:40:05","slug":"apalais-pufs","status":"publish","type":"product","link":"https:\/\/heavens-furniture.com\/lv\/produkti\/apalais-pufs\/","title":{"rendered":"Apa\u013cais pufs"},"content":{"rendered":"<p>&nbsp;<\/p>\n<p>&nbsp;<\/p>\n<p><img decoding=\"async\" src=\"\/upload\/Kolekcijas\/soli_un_pufi\/apals_pufs.png\" alt=\"\" \/><\/p>\n","protected":false},"excerpt":{"rendered":"<p>Cilindra formas pufu ir iesp\u0113jams pas\u016bt\u012bt da\u017e\u0101d\u0101s apdar\u0113s, k\u0101 akcentu pievienojot kontrasta to\u0146a kordi.<\/p>\n","protected":false},"featured_media":15748,"template":"","meta":{"_acf_changed":false,"iawp_total_views":0},"product_brand":[],"product_cat":[26,41,51],"product_tag":[726],"class_list":{"0":"post-1006","1":"product","2":"type-product","3":"status-publish","4":"has-post-thumbnail","6":"product_cat-kolekcijas","7":"product_cat-britney","8":"product_cat-pufi","9":"product_tag-audums","11":"first","12":"instock","13":"shipping-taxable","14":"product-type-simple"},"acf":[],"_links":{"self":[{"href":"https:\/\/heavens-furniture.com\/lv\/wp-json\/wp\/v2\/product\/1006\/"}],"collection":[{"href":"https:\/\/heavens-furniture.com\/lv\/wp-json\/wp\/v2\/product\/"}],"about":[{"href":"https:\/\/heavens-furniture.com\/lv\/wp-json\/wp\/v2\/types\/product\/"}],"wp:featuredmedia":[{"embeddable":true,"href":"https:\/\/heavens-furniture.com\/lv\/wp-json\/wp\/v2\/media\/15748\/"}],"wp:attachment":[{"href":"https:\/\/heavens-furniture.com\/lv\/wp-json\/wp\/v2\/media\/?parent=1006"}],"wp:term":[{"taxonomy":"product_brand","embeddable":true,"href":"https:\/\/heavens-furniture.com\/lv\/wp-json\/wp\/v2\/product_brand\/?post=1006"},{"taxonomy":"product_cat","embeddable":true,"href":"https:\/\/heavens-furniture.com\/lv\/wp-json\/wp\/v2\/product_cat\/?post=1006"},{"taxonomy":"product_tag","embeddable":true,"href":"https:\/\/heavens-furniture.com\/lv\/wp-json\/wp\/v2\/product_tag\/?post=1006"}],"curies":[{"name":"wp","href":"https:\/\/api.w.org\/{rel}","templated":true}]}}