{"id":1007,"date":"2019-08-15T08:16:33","date_gmt":"2019-08-15T08:16:33","guid":{"rendered":"https:\/\/heavens-furniture.com\/produkti\/olivia-continental-gulta\/"},"modified":"2023-11-29T13:40:16","modified_gmt":"2023-11-29T13:40:16","slug":"olivia-continental-gulta","status":"publish","type":"product","link":"https:\/\/heavens-furniture.com\/lv\/produkti\/olivia-continental-gulta\/","title":{"rendered":"Olivia Continental"},"content":{"rendered":"<p>&nbsp;<\/p>\n<p>&nbsp;<\/p>\n<p>&nbsp;<\/p>\n<p><img decoding=\"async\" src=\"\/upload\/Kolekcijas\/Olivia\/olivia.png\" alt=\"\" \/><\/p>\n","protected":false},"excerpt":{"rendered":"<p>Gulta ar elegantu amatnieka piesk\u0101rienu katr\u0101 t\u0101s v\u012bl\u0113 garant\u0113s mieru gu\u013camistab\u0101.<\/p>\n","protected":false},"featured_media":1796,"template":"","meta":{"_acf_changed":false,"iawp_total_views":2},"product_brand":[],"product_cat":[771,20,229,26,37,40],"product_tag":[726,724],"class_list":{"0":"post-1007","1":"product","2":"type-product","3":"status-publish","4":"has-post-thumbnail","6":"product_cat-continental-gultas","7":"product_cat-gultas","8":"product_cat-auduma-gultas","9":"product_cat-kolekcijas","10":"product_cat-olivia","11":"product_cat-rebecca-continental","12":"product_tag-audums","13":"product_tag-velas-kaste","15":"first","16":"instock","17":"shipping-taxable","18":"product-type-simple"},"acf":[],"_links":{"self":[{"href":"https:\/\/heavens-furniture.com\/lv\/wp-json\/wp\/v2\/product\/1007\/"}],"collection":[{"href":"https:\/\/heavens-furniture.com\/lv\/wp-json\/wp\/v2\/product\/"}],"about":[{"href":"https:\/\/heavens-furniture.com\/lv\/wp-json\/wp\/v2\/types\/product\/"}],"wp:featuredmedia":[{"embeddable":true,"href":"https:\/\/heavens-furniture.com\/lv\/wp-json\/wp\/v2\/media\/1796\/"}],"wp:attachment":[{"href":"https:\/\/heavens-furniture.com\/lv\/wp-json\/wp\/v2\/media\/?parent=1007"}],"wp:term":[{"taxonomy":"product_brand","embeddable":true,"href":"https:\/\/heavens-furniture.com\/lv\/wp-json\/wp\/v2\/product_brand\/?post=1007"},{"taxonomy":"product_cat","embeddable":true,"href":"https:\/\/heavens-furniture.com\/lv\/wp-json\/wp\/v2\/product_cat\/?post=1007"},{"taxonomy":"product_tag","embeddable":true,"href":"https:\/\/heavens-furniture.com\/lv\/wp-json\/wp\/v2\/product_tag\/?post=1007"}],"curies":[{"name":"wp","href":"https:\/\/api.w.org\/{rel}","templated":true}]}}