{"id":1011,"date":"2019-08-15T08:16:34","date_gmt":"2019-08-15T08:16:34","guid":{"rendered":"https:\/\/heavens-furniture.com\/produkti\/flow-kresls\/"},"modified":"2023-11-29T13:42:14","modified_gmt":"2023-11-29T13:42:14","slug":"flow-kresls","status":"publish","type":"product","link":"https:\/\/heavens-furniture.com\/lv\/produkti\/flow-kresls\/","title":{"rendered":"Flow kr\u0113sls"},"content":{"rendered":"<p>&nbsp;<\/p>\n<p><img decoding=\"async\" src=\"\/upload\/Kolekcijas\/Mitau\/flow.png\" alt=\"\" \/><\/p>\n","protected":false},"excerpt":{"rendered":"<p>Liekti l\u012bm\u0113t\u0101 sapl\u0101k\u0161\u0146a kr\u0113sls ar dab\u012bg\u0101 finier\u0113juma apdari.<\/p>\n","protected":false},"featured_media":15612,"template":"","meta":{"_acf_changed":false,"iawp_total_views":8},"product_brand":[],"product_cat":[26,32,89],"product_tag":[725],"class_list":{"0":"post-1011","1":"product","2":"type-product","3":"status-publish","4":"has-post-thumbnail","6":"product_cat-kolekcijas","7":"product_cat-mitau","8":"product_cat-kresli-un-divani","9":"product_tag-koks","11":"first","12":"instock","13":"shipping-taxable","14":"product-type-simple"},"acf":[],"_links":{"self":[{"href":"https:\/\/heavens-furniture.com\/lv\/wp-json\/wp\/v2\/product\/1011\/"}],"collection":[{"href":"https:\/\/heavens-furniture.com\/lv\/wp-json\/wp\/v2\/product\/"}],"about":[{"href":"https:\/\/heavens-furniture.com\/lv\/wp-json\/wp\/v2\/types\/product\/"}],"wp:featuredmedia":[{"embeddable":true,"href":"https:\/\/heavens-furniture.com\/lv\/wp-json\/wp\/v2\/media\/15612\/"}],"wp:attachment":[{"href":"https:\/\/heavens-furniture.com\/lv\/wp-json\/wp\/v2\/media\/?parent=1011"}],"wp:term":[{"taxonomy":"product_brand","embeddable":true,"href":"https:\/\/heavens-furniture.com\/lv\/wp-json\/wp\/v2\/product_brand\/?post=1011"},{"taxonomy":"product_cat","embeddable":true,"href":"https:\/\/heavens-furniture.com\/lv\/wp-json\/wp\/v2\/product_cat\/?post=1011"},{"taxonomy":"product_tag","embeddable":true,"href":"https:\/\/heavens-furniture.com\/lv\/wp-json\/wp\/v2\/product_tag\/?post=1011"}],"curies":[{"name":"wp","href":"https:\/\/api.w.org\/{rel}","templated":true}]}}