{"id":1014,"date":"2019-08-15T08:16:35","date_gmt":"2019-08-15T08:16:35","guid":{"rendered":"https:\/\/heavens-furniture.com\/produkti\/alex-tv-plaukts-augstais\/"},"modified":"2023-11-29T13:42:15","modified_gmt":"2023-11-29T13:42:15","slug":"alex-tv-plaukts-augstais","status":"publish","type":"product","link":"https:\/\/heavens-furniture.com\/lv\/produkti\/alex-tv-plaukts-augstais\/","title":{"rendered":"Alex TV plaukts"},"content":{"rendered":"<p>&nbsp;<\/p>\n<p>&nbsp;<\/p>\n<p>&nbsp;<\/p>\n<p>&nbsp;<\/p>\n<p>&nbsp;<\/p>\n<p>&nbsp;<\/p>\n<p><img decoding=\"async\" style=\"float: left;\" src=\"\/upload\/Kolekcijas\/Alex\/alex_tv_augstais.png\" alt=\"\" \/><\/p>\n","protected":false},"excerpt":{"rendered":"<p>\u201cAlex\u201d vienk\u0101r\u0161ie un funkcion\u0101lie plaukti \u0113rtai lietu k\u0101rt\u012bbai jebkur\u0101 m\u0101jokl\u012b vai biroj\u0101.<\/p>\n","protected":false},"featured_media":15790,"template":"","meta":{"_acf_changed":false,"iawp_total_views":1},"product_brand":[],"product_cat":[26,48,79],"product_tag":[],"class_list":{"0":"post-1014","1":"product","2":"type-product","3":"status-publish","4":"has-post-thumbnail","6":"product_cat-kolekcijas","7":"product_cat-alex","8":"product_cat-plaukti","10":"first","11":"instock","12":"shipping-taxable","13":"product-type-simple"},"acf":[],"_links":{"self":[{"href":"https:\/\/heavens-furniture.com\/lv\/wp-json\/wp\/v2\/product\/1014\/"}],"collection":[{"href":"https:\/\/heavens-furniture.com\/lv\/wp-json\/wp\/v2\/product\/"}],"about":[{"href":"https:\/\/heavens-furniture.com\/lv\/wp-json\/wp\/v2\/types\/product\/"}],"wp:featuredmedia":[{"embeddable":true,"href":"https:\/\/heavens-furniture.com\/lv\/wp-json\/wp\/v2\/media\/15790\/"}],"wp:attachment":[{"href":"https:\/\/heavens-furniture.com\/lv\/wp-json\/wp\/v2\/media\/?parent=1014"}],"wp:term":[{"taxonomy":"product_brand","embeddable":true,"href":"https:\/\/heavens-furniture.com\/lv\/wp-json\/wp\/v2\/product_brand\/?post=1014"},{"taxonomy":"product_cat","embeddable":true,"href":"https:\/\/heavens-furniture.com\/lv\/wp-json\/wp\/v2\/product_cat\/?post=1014"},{"taxonomy":"product_tag","embeddable":true,"href":"https:\/\/heavens-furniture.com\/lv\/wp-json\/wp\/v2\/product_tag\/?post=1014"}],"curies":[{"name":"wp","href":"https:\/\/api.w.org\/{rel}","templated":true}]}}