{"id":1016,"date":"2019-08-15T08:16:35","date_gmt":"2019-08-15T08:16:35","guid":{"rendered":"https:\/\/heavens-furniture.com\/produkti\/harry-tv-plaukts-ar-durvim\/"},"modified":"2023-11-29T13:42:39","modified_gmt":"2023-11-29T13:42:39","slug":"harry-tv-plaukts-ar-durvim","status":"publish","type":"product","link":"https:\/\/heavens-furniture.com\/lv\/produkti\/harry-tv-plaukts-ar-durvim\/","title":{"rendered":"Harry TV plaukts"},"content":{"rendered":"<p dir=\"ltr\"><img decoding=\"async\" src=\"\/images\/products\/mitau_plaukti_gif.gif\" alt=\"\" \/><\/p>\n<p dir=\"ltr\"><img decoding=\"async\" src=\"\/upload\/Kolekcijas\/Harry\/harry_tv_plaukts.png\" alt=\"\" \/><\/p>\n","protected":false},"excerpt":{"rendered":"<p dir=\"ltr\"><span style=\"line-height: 1.6;\">Kolekcijas \u201cHarry\u201d atv\u0113rt\u0101 tipa plauktu sist\u0113ma \u2013 pateicoties plaukta funkcionalit\u0101tei un individualit\u0101tei, tas lieliski ieder\u0113sies jebkur\u0101 dz\u012bvojamaj\u0101 plat\u012bb\u0101.<\/span><\/p>\n","protected":false},"featured_media":15829,"template":"","meta":{"_acf_changed":false,"iawp_total_views":2},"product_brand":[],"product_cat":[369,26,49,79],"product_tag":[],"class_list":{"0":"post-1016","1":"product","2":"type-product","3":"status-publish","4":"has-post-thumbnail","6":"product_cat-harry-ru","7":"product_cat-kolekcijas","8":"product_cat-harry","9":"product_cat-plaukti","11":"first","12":"instock","13":"shipping-taxable","14":"product-type-simple"},"acf":[],"_links":{"self":[{"href":"https:\/\/heavens-furniture.com\/lv\/wp-json\/wp\/v2\/product\/1016\/"}],"collection":[{"href":"https:\/\/heavens-furniture.com\/lv\/wp-json\/wp\/v2\/product\/"}],"about":[{"href":"https:\/\/heavens-furniture.com\/lv\/wp-json\/wp\/v2\/types\/product\/"}],"wp:featuredmedia":[{"embeddable":true,"href":"https:\/\/heavens-furniture.com\/lv\/wp-json\/wp\/v2\/media\/15829\/"}],"wp:attachment":[{"href":"https:\/\/heavens-furniture.com\/lv\/wp-json\/wp\/v2\/media\/?parent=1016"}],"wp:term":[{"taxonomy":"product_brand","embeddable":true,"href":"https:\/\/heavens-furniture.com\/lv\/wp-json\/wp\/v2\/product_brand\/?post=1016"},{"taxonomy":"product_cat","embeddable":true,"href":"https:\/\/heavens-furniture.com\/lv\/wp-json\/wp\/v2\/product_cat\/?post=1016"},{"taxonomy":"product_tag","embeddable":true,"href":"https:\/\/heavens-furniture.com\/lv\/wp-json\/wp\/v2\/product_tag\/?post=1016"}],"curies":[{"name":"wp","href":"https:\/\/api.w.org\/{rel}","templated":true}]}}