{"id":1018,"date":"2019-08-15T08:16:35","date_gmt":"2019-08-15T08:16:35","guid":{"rendered":"https:\/\/heavens-furniture.com\/produkti\/sandra-pakaramais\/"},"modified":"2023-11-29T13:39:57","modified_gmt":"2023-11-29T13:39:57","slug":"sandra-pakaramais","status":"publish","type":"product","link":"https:\/\/heavens-furniture.com\/lv\/produkti\/sandra-pakaramais\/","title":{"rendered":"Sandra pakaramais"},"content":{"rendered":"<p>&nbsp;<\/p>\n<p><img decoding=\"async\" src=\"\/upload\/Kolekcijas\/Aura\/aura_pakaramais.png\" alt=\"\" \/><\/p>\n","protected":false},"excerpt":{"rendered":"<p>\u0112rts un paroc\u012bgs ikdienas pakaramais no mas\u012bva ozolkoka, uz k\u0101 \u0113rti b\u016bs novietot gan \u017eaketi, gan bikses, gan ar\u012b eleganto rokaspulksteni.<\/p>\n<div id=\"gtx-trans\" style=\"position: absolute; left: -38px; top: -9.33333px;\">\n<div class=\"gtx-trans-icon\"><\/div>\n<\/div>\n","protected":false},"featured_media":15971,"template":"","meta":{"_acf_changed":false,"iawp_total_views":1},"product_brand":[],"product_cat":[26,43,663],"product_tag":[],"class_list":{"0":"post-1018","1":"product","2":"type-product","3":"status-publish","4":"has-post-thumbnail","6":"product_cat-kolekcijas","7":"product_cat-sandra","8":"product_cat-pakaramie","10":"first","11":"instock","12":"shipping-taxable","13":"product-type-simple"},"acf":[],"_links":{"self":[{"href":"https:\/\/heavens-furniture.com\/lv\/wp-json\/wp\/v2\/product\/1018\/"}],"collection":[{"href":"https:\/\/heavens-furniture.com\/lv\/wp-json\/wp\/v2\/product\/"}],"about":[{"href":"https:\/\/heavens-furniture.com\/lv\/wp-json\/wp\/v2\/types\/product\/"}],"wp:featuredmedia":[{"embeddable":true,"href":"https:\/\/heavens-furniture.com\/lv\/wp-json\/wp\/v2\/media\/15971\/"}],"wp:attachment":[{"href":"https:\/\/heavens-furniture.com\/lv\/wp-json\/wp\/v2\/media\/?parent=1018"}],"wp:term":[{"taxonomy":"product_brand","embeddable":true,"href":"https:\/\/heavens-furniture.com\/lv\/wp-json\/wp\/v2\/product_brand\/?post=1018"},{"taxonomy":"product_cat","embeddable":true,"href":"https:\/\/heavens-furniture.com\/lv\/wp-json\/wp\/v2\/product_cat\/?post=1018"},{"taxonomy":"product_tag","embeddable":true,"href":"https:\/\/heavens-furniture.com\/lv\/wp-json\/wp\/v2\/product_tag\/?post=1018"}],"curies":[{"name":"wp","href":"https:\/\/api.w.org\/{rel}","templated":true}]}}