{"id":1019,"date":"2019-08-15T08:16:35","date_gmt":"2019-08-15T08:16:35","guid":{"rendered":"https:\/\/heavens-furniture.com\/produkti\/linda-gridas-spogulis\/"},"modified":"2023-11-29T13:39:46","modified_gmt":"2023-11-29T13:39:46","slug":"linda-gridas-spogulis","status":"publish","type":"product","link":"https:\/\/heavens-furniture.com\/lv\/produkti\/linda-gridas-spogulis\/","title":{"rendered":"Linda spogulis"},"content":{"rendered":"<p>&nbsp;<\/p>\n<p>&nbsp;<\/p>\n<p><img decoding=\"async\" src=\"\/upload\/Kolekcijas\/Linda\/linda_spogulis.png\" alt=\"\" \/><\/p>\n","protected":false},"excerpt":{"rendered":"<p>Iespaid\u012bg\u0101 izm\u0113ra &#8220;Linda&#8221; spogulis, iesp\u0113jams, b\u016bs pats galvenais elements jebkur\u0101 telp\u0101.<\/p>\n","protected":false},"featured_media":15518,"template":"","meta":{"_acf_changed":false,"iawp_total_views":0},"product_brand":[],"product_cat":[26,47,78],"product_tag":[],"class_list":{"0":"post-1019","1":"product","2":"type-product","3":"status-publish","4":"has-post-thumbnail","6":"product_cat-kolekcijas","7":"product_cat-linda","8":"product_cat-spoguli","10":"first","11":"instock","12":"shipping-taxable","13":"product-type-simple"},"acf":[],"_links":{"self":[{"href":"https:\/\/heavens-furniture.com\/lv\/wp-json\/wp\/v2\/product\/1019\/"}],"collection":[{"href":"https:\/\/heavens-furniture.com\/lv\/wp-json\/wp\/v2\/product\/"}],"about":[{"href":"https:\/\/heavens-furniture.com\/lv\/wp-json\/wp\/v2\/types\/product\/"}],"wp:featuredmedia":[{"embeddable":true,"href":"https:\/\/heavens-furniture.com\/lv\/wp-json\/wp\/v2\/media\/15518\/"}],"wp:attachment":[{"href":"https:\/\/heavens-furniture.com\/lv\/wp-json\/wp\/v2\/media\/?parent=1019"}],"wp:term":[{"taxonomy":"product_brand","embeddable":true,"href":"https:\/\/heavens-furniture.com\/lv\/wp-json\/wp\/v2\/product_brand\/?post=1019"},{"taxonomy":"product_cat","embeddable":true,"href":"https:\/\/heavens-furniture.com\/lv\/wp-json\/wp\/v2\/product_cat\/?post=1019"},{"taxonomy":"product_tag","embeddable":true,"href":"https:\/\/heavens-furniture.com\/lv\/wp-json\/wp\/v2\/product_tag\/?post=1019"}],"curies":[{"name":"wp","href":"https:\/\/api.w.org\/{rel}","templated":true}]}}