{"id":1020,"date":"2019-08-15T08:16:35","date_gmt":"2019-08-15T08:16:35","guid":{"rendered":"https:\/\/heavens-furniture.com\/produkti\/jensen-solins\/"},"modified":"2023-11-29T13:39:37","modified_gmt":"2023-11-29T13:39:37","slug":"jensen-solins","status":"publish","type":"product","link":"https:\/\/heavens-furniture.com\/lv\/produkti\/jensen-solins\/","title":{"rendered":"Jensen soli\u0146\u0161"},"content":{"rendered":"<p>&nbsp;<\/p>\n<p>&nbsp;<\/p>\n<p><img decoding=\"async\" src=\"\/upload\/Kolekcijas\/soli_un_pufi\/jensen_sols.png\" alt=\"\" \/><\/p>\n","protected":false},"excerpt":{"rendered":"<p>&#8220;Jensen&#8221; soli\u0146\u0161 ar div\u0101m uzglab\u0101\u0161anas atvilktn\u0113m b\u016bs praktisks un komfortabls papildin\u0101jums gan koridor\u012b, gan priek\u0161nam\u0101.<\/p>\n","protected":false},"featured_media":15701,"template":"","meta":{"_acf_changed":false,"iawp_total_views":4},"product_brand":[],"product_cat":[26,36,51],"product_tag":[727],"class_list":{"0":"post-1020","1":"product","2":"type-product","3":"status-publish","4":"has-post-thumbnail","6":"product_cat-kolekcijas","7":"product_cat-riga","8":"product_cat-pufi","9":"product_tag-koks-un-audums","11":"first","12":"instock","13":"shipping-taxable","14":"product-type-simple"},"acf":[],"_links":{"self":[{"href":"https:\/\/heavens-furniture.com\/lv\/wp-json\/wp\/v2\/product\/1020\/"}],"collection":[{"href":"https:\/\/heavens-furniture.com\/lv\/wp-json\/wp\/v2\/product\/"}],"about":[{"href":"https:\/\/heavens-furniture.com\/lv\/wp-json\/wp\/v2\/types\/product\/"}],"wp:featuredmedia":[{"embeddable":true,"href":"https:\/\/heavens-furniture.com\/lv\/wp-json\/wp\/v2\/media\/15701\/"}],"wp:attachment":[{"href":"https:\/\/heavens-furniture.com\/lv\/wp-json\/wp\/v2\/media\/?parent=1020"}],"wp:term":[{"taxonomy":"product_brand","embeddable":true,"href":"https:\/\/heavens-furniture.com\/lv\/wp-json\/wp\/v2\/product_brand\/?post=1020"},{"taxonomy":"product_cat","embeddable":true,"href":"https:\/\/heavens-furniture.com\/lv\/wp-json\/wp\/v2\/product_cat\/?post=1020"},{"taxonomy":"product_tag","embeddable":true,"href":"https:\/\/heavens-furniture.com\/lv\/wp-json\/wp\/v2\/product_tag\/?post=1020"}],"curies":[{"name":"wp","href":"https:\/\/api.w.org\/{rel}","templated":true}]}}