{"id":1021,"date":"2019-08-15T08:16:35","date_gmt":"2019-08-15T08:16:35","guid":{"rendered":"https:\/\/heavens-furniture.com\/produkti\/jekabs-pufs\/"},"modified":"2023-11-29T13:39:25","modified_gmt":"2023-11-29T13:39:25","slug":"jekabs-pufs","status":"publish","type":"product","link":"https:\/\/heavens-furniture.com\/lv\/produkti\/jekabs-pufs\/","title":{"rendered":"J\u0113kabs pufs"},"content":{"rendered":"<p>&nbsp;<\/p>\n<p>&nbsp;<\/p>\n<p><img decoding=\"async\" src=\"\/upload\/Kolekcijas\/soli_un_pufi\/jekabs_pufs.png\" alt=\"\" \/><\/p>\n","protected":false},"excerpt":{"rendered":"<p>Pufa asimetrisk\u0101 forma \u013caus atdz\u012bvin\u0101t jebkuru interjeru.<\/p>\n","protected":false},"featured_media":15698,"template":"","meta":{"_acf_changed":false,"iawp_total_views":1},"product_brand":[],"product_cat":[51],"product_tag":[726],"class_list":{"0":"post-1021","1":"product","2":"type-product","3":"status-publish","4":"has-post-thumbnail","6":"product_cat-pufi","7":"product_tag-audums","9":"first","10":"instock","11":"shipping-taxable","12":"product-type-simple"},"acf":[],"_links":{"self":[{"href":"https:\/\/heavens-furniture.com\/lv\/wp-json\/wp\/v2\/product\/1021\/"}],"collection":[{"href":"https:\/\/heavens-furniture.com\/lv\/wp-json\/wp\/v2\/product\/"}],"about":[{"href":"https:\/\/heavens-furniture.com\/lv\/wp-json\/wp\/v2\/types\/product\/"}],"wp:featuredmedia":[{"embeddable":true,"href":"https:\/\/heavens-furniture.com\/lv\/wp-json\/wp\/v2\/media\/15698\/"}],"wp:attachment":[{"href":"https:\/\/heavens-furniture.com\/lv\/wp-json\/wp\/v2\/media\/?parent=1021"}],"wp:term":[{"taxonomy":"product_brand","embeddable":true,"href":"https:\/\/heavens-furniture.com\/lv\/wp-json\/wp\/v2\/product_brand\/?post=1021"},{"taxonomy":"product_cat","embeddable":true,"href":"https:\/\/heavens-furniture.com\/lv\/wp-json\/wp\/v2\/product_cat\/?post=1021"},{"taxonomy":"product_tag","embeddable":true,"href":"https:\/\/heavens-furniture.com\/lv\/wp-json\/wp\/v2\/product_tag\/?post=1021"}],"curies":[{"name":"wp","href":"https:\/\/api.w.org\/{rel}","templated":true}]}}