{"id":1024,"date":"2019-08-15T08:16:36","date_gmt":"2019-08-15T08:16:36","guid":{"rendered":"https:\/\/heavens-furniture.com\/produkti\/britney-gulta\/"},"modified":"2023-11-29T13:38:21","modified_gmt":"2023-11-29T13:38:21","slug":"britney-gulta","status":"publish","type":"product","link":"https:\/\/heavens-furniture.com\/lv\/produkti\/britney-gulta\/","title":{"rendered":"Britney gulta"},"content":{"rendered":"","protected":false},"excerpt":{"rendered":"<p>Gulta &#8220;Britney&#8221; t\u0101 ir uzdr\u012bkst\u0113\u0161an\u0101s, kas pie\u0161\u0137irs individualit\u0101ti un pacels komforta lati\u0146u jaun\u0101 l\u012bmen\u012b.<\/p>\n","protected":false},"featured_media":15110,"template":"","meta":{"_acf_changed":false,"iawp_total_views":4},"product_brand":[],"product_cat":[20,229,26,41],"product_tag":[726],"class_list":{"0":"post-1024","1":"product","2":"type-product","3":"status-publish","4":"has-post-thumbnail","6":"product_cat-gultas","7":"product_cat-auduma-gultas","8":"product_cat-kolekcijas","9":"product_cat-britney","10":"product_tag-audums","12":"first","13":"instock","14":"shipping-taxable","15":"product-type-simple"},"acf":[],"_links":{"self":[{"href":"https:\/\/heavens-furniture.com\/lv\/wp-json\/wp\/v2\/product\/1024\/"}],"collection":[{"href":"https:\/\/heavens-furniture.com\/lv\/wp-json\/wp\/v2\/product\/"}],"about":[{"href":"https:\/\/heavens-furniture.com\/lv\/wp-json\/wp\/v2\/types\/product\/"}],"wp:featuredmedia":[{"embeddable":true,"href":"https:\/\/heavens-furniture.com\/lv\/wp-json\/wp\/v2\/media\/15110\/"}],"wp:attachment":[{"href":"https:\/\/heavens-furniture.com\/lv\/wp-json\/wp\/v2\/media\/?parent=1024"}],"wp:term":[{"taxonomy":"product_brand","embeddable":true,"href":"https:\/\/heavens-furniture.com\/lv\/wp-json\/wp\/v2\/product_brand\/?post=1024"},{"taxonomy":"product_cat","embeddable":true,"href":"https:\/\/heavens-furniture.com\/lv\/wp-json\/wp\/v2\/product_cat\/?post=1024"},{"taxonomy":"product_tag","embeddable":true,"href":"https:\/\/heavens-furniture.com\/lv\/wp-json\/wp\/v2\/product_tag\/?post=1024"}],"curies":[{"name":"wp","href":"https:\/\/api.w.org\/{rel}","templated":true}]}}