{"id":1025,"date":"2019-08-15T08:16:36","date_gmt":"2019-08-15T08:16:36","guid":{"rendered":"https:\/\/heavens-furniture.com\/produkti\/harry-pufs\/"},"modified":"2023-11-29T13:38:41","modified_gmt":"2023-11-29T13:38:41","slug":"harry-pufs","status":"publish","type":"product","link":"https:\/\/heavens-furniture.com\/lv\/produkti\/harry-pufs\/","title":{"rendered":"Harry pufs"},"content":{"rendered":"<p>&nbsp;<\/p>\n<p>&nbsp;<\/p>\n<p>&nbsp;<\/p>\n<p>&nbsp;<\/p>\n<p><img decoding=\"async\" src=\"\/upload\/Kolekcijas\/Harry\/harry_spolins_web.png\" alt=\"\" \/><\/p>\n","protected":false},"excerpt":{"rendered":"<p>Daudzveid\u012bgie auduma to\u0146i \u013caus pufa apdari pieska\u0146ot j\u016bsu interjeram un padar\u012bt to par pilnv\u0113rt\u012bgu atp\u016btas vides sast\u0101vda\u013cu.<\/p>\n","protected":false},"featured_media":15692,"template":"","meta":{"_acf_changed":false,"iawp_total_views":1},"product_brand":[],"product_cat":[26,49,51],"product_tag":[726],"class_list":{"0":"post-1025","1":"product","2":"type-product","3":"status-publish","4":"has-post-thumbnail","6":"product_cat-kolekcijas","7":"product_cat-harry","8":"product_cat-pufi","9":"product_tag-audums","11":"first","12":"instock","13":"shipping-taxable","14":"product-type-simple"},"acf":[],"_links":{"self":[{"href":"https:\/\/heavens-furniture.com\/lv\/wp-json\/wp\/v2\/product\/1025\/"}],"collection":[{"href":"https:\/\/heavens-furniture.com\/lv\/wp-json\/wp\/v2\/product\/"}],"about":[{"href":"https:\/\/heavens-furniture.com\/lv\/wp-json\/wp\/v2\/types\/product\/"}],"wp:featuredmedia":[{"embeddable":true,"href":"https:\/\/heavens-furniture.com\/lv\/wp-json\/wp\/v2\/media\/15692\/"}],"wp:attachment":[{"href":"https:\/\/heavens-furniture.com\/lv\/wp-json\/wp\/v2\/media\/?parent=1025"}],"wp:term":[{"taxonomy":"product_brand","embeddable":true,"href":"https:\/\/heavens-furniture.com\/lv\/wp-json\/wp\/v2\/product_brand\/?post=1025"},{"taxonomy":"product_cat","embeddable":true,"href":"https:\/\/heavens-furniture.com\/lv\/wp-json\/wp\/v2\/product_cat\/?post=1025"},{"taxonomy":"product_tag","embeddable":true,"href":"https:\/\/heavens-furniture.com\/lv\/wp-json\/wp\/v2\/product_tag\/?post=1025"}],"curies":[{"name":"wp","href":"https:\/\/api.w.org\/{rel}","templated":true}]}}