{"id":1026,"date":"2019-08-15T08:16:36","date_gmt":"2019-08-15T08:16:36","guid":{"rendered":"https:\/\/heavens-furniture.com\/produkti\/mitau-divans\/"},"modified":"2023-11-29T13:38:51","modified_gmt":"2023-11-29T13:38:51","slug":"mitau-divans","status":"publish","type":"product","link":"https:\/\/heavens-furniture.com\/lv\/produkti\/mitau-divans\/","title":{"rendered":"Mitau d\u012bv\u0101ns"},"content":{"rendered":"<p>&nbsp;<\/p>\n<p>&nbsp;<\/p>\n<p><img decoding=\"async\" src=\"\/upload\/Kolekcijas\/Mitau\/mitau_divans_labots.png\" alt=\"\" \/><\/p>\n","protected":false},"excerpt":{"rendered":"<p>\u201cMitau\u201d kolekcija sev\u012b ietver visu gaum\u012bgas viesistabas noform\u0113\u0161anai<\/p>\n","protected":false},"featured_media":15650,"template":"","meta":{"_acf_changed":false,"iawp_total_views":15},"product_brand":[],"product_cat":[26,32,89],"product_tag":[726],"class_list":{"0":"post-1026","1":"product","2":"type-product","3":"status-publish","4":"has-post-thumbnail","6":"product_cat-kolekcijas","7":"product_cat-mitau","8":"product_cat-kresli-un-divani","9":"product_tag-audums","11":"first","12":"instock","13":"shipping-taxable","14":"product-type-simple"},"acf":[],"_links":{"self":[{"href":"https:\/\/heavens-furniture.com\/lv\/wp-json\/wp\/v2\/product\/1026\/"}],"collection":[{"href":"https:\/\/heavens-furniture.com\/lv\/wp-json\/wp\/v2\/product\/"}],"about":[{"href":"https:\/\/heavens-furniture.com\/lv\/wp-json\/wp\/v2\/types\/product\/"}],"wp:featuredmedia":[{"embeddable":true,"href":"https:\/\/heavens-furniture.com\/lv\/wp-json\/wp\/v2\/media\/15650\/"}],"wp:attachment":[{"href":"https:\/\/heavens-furniture.com\/lv\/wp-json\/wp\/v2\/media\/?parent=1026"}],"wp:term":[{"taxonomy":"product_brand","embeddable":true,"href":"https:\/\/heavens-furniture.com\/lv\/wp-json\/wp\/v2\/product_brand\/?post=1026"},{"taxonomy":"product_cat","embeddable":true,"href":"https:\/\/heavens-furniture.com\/lv\/wp-json\/wp\/v2\/product_cat\/?post=1026"},{"taxonomy":"product_tag","embeddable":true,"href":"https:\/\/heavens-furniture.com\/lv\/wp-json\/wp\/v2\/product_tag\/?post=1026"}],"curies":[{"name":"wp","href":"https:\/\/api.w.org\/{rel}","templated":true}]}}