{"id":1031,"date":"2019-08-15T08:16:37","date_gmt":"2019-08-15T08:16:37","guid":{"rendered":"https:\/\/heavens-furniture.com\/produkti\/eden-gridas-spogulis\/"},"modified":"2023-11-29T13:38:11","modified_gmt":"2023-11-29T13:38:11","slug":"eden-gridas-spogulis","status":"publish","type":"product","link":"https:\/\/heavens-furniture.com\/lv\/produkti\/eden-gridas-spogulis\/","title":{"rendered":"Eden spogulis"},"content":{"rendered":"<p>&nbsp;<\/p>\n<p>&nbsp;<\/p>\n<p><img decoding=\"async\" style=\"width: 225px; height: 262px;\" src=\"\/upload\/Kolekcijas\/Eden\/eden_gridas_spogulis_kaja_jauna.png\" alt=\"\" \/><\/p>\n<p>&nbsp;<\/p>\n<p>&nbsp;<\/p>\n","protected":false},"excerpt":{"rendered":"<p><span style=\"line-height: 20.8px;\">Smalkas l\u012bnijas, vieglums, dabiskums un elegance \u2013 \u0161\u012bs visas ir gu\u013camistabas kolekcijas \u201cEden\u201d galven\u0101s rakstur\u012bpa\u0161\u012bbas. <\/span><\/p>\n","protected":false},"featured_media":15515,"template":"","meta":{"_acf_changed":false,"iawp_total_views":0},"product_brand":[],"product_cat":[359,26,31,78],"product_tag":[],"class_list":{"0":"post-1031","1":"product","2":"type-product","3":"status-publish","4":"has-post-thumbnail","6":"product_cat-eden-ru","7":"product_cat-kolekcijas","8":"product_cat-eden","9":"product_cat-spoguli","11":"first","12":"instock","13":"shipping-taxable","14":"product-type-simple"},"acf":[],"_links":{"self":[{"href":"https:\/\/heavens-furniture.com\/lv\/wp-json\/wp\/v2\/product\/1031\/"}],"collection":[{"href":"https:\/\/heavens-furniture.com\/lv\/wp-json\/wp\/v2\/product\/"}],"about":[{"href":"https:\/\/heavens-furniture.com\/lv\/wp-json\/wp\/v2\/types\/product\/"}],"wp:featuredmedia":[{"embeddable":true,"href":"https:\/\/heavens-furniture.com\/lv\/wp-json\/wp\/v2\/media\/15515\/"}],"wp:attachment":[{"href":"https:\/\/heavens-furniture.com\/lv\/wp-json\/wp\/v2\/media\/?parent=1031"}],"wp:term":[{"taxonomy":"product_brand","embeddable":true,"href":"https:\/\/heavens-furniture.com\/lv\/wp-json\/wp\/v2\/product_brand\/?post=1031"},{"taxonomy":"product_cat","embeddable":true,"href":"https:\/\/heavens-furniture.com\/lv\/wp-json\/wp\/v2\/product_cat\/?post=1031"},{"taxonomy":"product_tag","embeddable":true,"href":"https:\/\/heavens-furniture.com\/lv\/wp-json\/wp\/v2\/product_tag\/?post=1031"}],"curies":[{"name":"wp","href":"https:\/\/api.w.org\/{rel}","templated":true}]}}