{"id":1036,"date":"2019-08-15T08:16:38","date_gmt":"2019-08-15T08:16:38","guid":{"rendered":"https:\/\/heavens-furniture.com\/produkti\/petra-naktsskapitis\/"},"modified":"2023-11-29T13:37:24","modified_gmt":"2023-11-29T13:37:24","slug":"petra-naktsskapitis","status":"publish","type":"product","link":"https:\/\/heavens-furniture.com\/lv\/produkti\/petra-naktsskapitis\/","title":{"rendered":"Petra naktsskap\u012btis"},"content":{"rendered":"<p>&nbsp;<\/p>\n<p>&nbsp;<\/p>\n<p><img decoding=\"async\" src=\"\/upload\/Kolekcijas\/Petra\/petra_n_sk.png\" alt=\"\" \/><\/p>\n","protected":false},"excerpt":{"rendered":"<p>Naktsskap\u012b\u0161a mas\u012bvkoka deta\u013cas ir rad\u012btas ar m\u0113r\u0137i izcelt dab\u012bg\u0101 koka c\u0113lumu un eleganci, veidojot to smalk\u0101s un pl\u016bsto\u0161\u0101s l\u012bnij\u0101s.<\/p>\n<div id=\"gtx-trans\" style=\"position: absolute; left: 29px; top: -9.33333px;\">\n<div class=\"gtx-trans-icon\"><\/div>\n<\/div>\n","protected":false},"featured_media":16248,"template":"","meta":{"_acf_changed":false,"iawp_total_views":18},"product_brand":[],"product_cat":[26,30,23],"product_tag":[],"class_list":{"0":"post-1036","1":"product","2":"type-product","3":"status-publish","4":"has-post-thumbnail","6":"product_cat-kolekcijas","7":"product_cat-petra","8":"product_cat-naktsskapisi","10":"first","11":"instock","12":"shipping-taxable","13":"product-type-simple"},"acf":[],"_links":{"self":[{"href":"https:\/\/heavens-furniture.com\/lv\/wp-json\/wp\/v2\/product\/1036\/"}],"collection":[{"href":"https:\/\/heavens-furniture.com\/lv\/wp-json\/wp\/v2\/product\/"}],"about":[{"href":"https:\/\/heavens-furniture.com\/lv\/wp-json\/wp\/v2\/types\/product\/"}],"wp:featuredmedia":[{"embeddable":true,"href":"https:\/\/heavens-furniture.com\/lv\/wp-json\/wp\/v2\/media\/16248\/"}],"wp:attachment":[{"href":"https:\/\/heavens-furniture.com\/lv\/wp-json\/wp\/v2\/media\/?parent=1036"}],"wp:term":[{"taxonomy":"product_brand","embeddable":true,"href":"https:\/\/heavens-furniture.com\/lv\/wp-json\/wp\/v2\/product_brand\/?post=1036"},{"taxonomy":"product_cat","embeddable":true,"href":"https:\/\/heavens-furniture.com\/lv\/wp-json\/wp\/v2\/product_cat\/?post=1036"},{"taxonomy":"product_tag","embeddable":true,"href":"https:\/\/heavens-furniture.com\/lv\/wp-json\/wp\/v2\/product_tag\/?post=1036"}],"curies":[{"name":"wp","href":"https:\/\/api.w.org\/{rel}","templated":true}]}}