{"id":1037,"date":"2019-08-15T08:16:38","date_gmt":"2019-08-15T08:16:38","guid":{"rendered":"https:\/\/heavens-furniture.com\/produkti\/petra-k2-kumode\/"},"modified":"2023-11-29T13:37:33","modified_gmt":"2023-11-29T13:37:33","slug":"petra-k2-kumode","status":"publish","type":"product","link":"https:\/\/heavens-furniture.com\/lv\/produkti\/petra-k2-kumode\/","title":{"rendered":"Petra K2 kumode"},"content":{"rendered":"<p>&nbsp;<\/p>\n<p>&nbsp;<\/p>\n<p><img decoding=\"async\" src=\"\/upload\/Kolekcijas\/Petra\/petrak2.png\" alt=\"\" \/><\/p>\n","protected":false},"excerpt":{"rendered":"<p>Kumodes mas\u012bvkoka deta\u013cas ir rad\u012btas ar m\u0113r\u0137i izcelt dab\u012bg\u0101 koka c\u0113lumu un eleganci, veidojot to smalk\u0101s un pl\u016bsto\u0161\u0101s l\u012bnij\u0101s.<\/p>\n<div id=\"gtx-trans\" style=\"position: absolute; left: 599px; top: -9.33333px;\">\n<div class=\"gtx-trans-icon\"><\/div>\n<\/div>\n","protected":false},"featured_media":15371,"template":"","meta":{"_acf_changed":false,"iawp_total_views":14},"product_brand":[],"product_cat":[26,30,24],"product_tag":[],"class_list":{"0":"post-1037","1":"product","2":"type-product","3":"status-publish","4":"has-post-thumbnail","6":"product_cat-kolekcijas","7":"product_cat-petra","8":"product_cat-kumodes","10":"first","11":"instock","12":"shipping-taxable","13":"product-type-simple"},"acf":[],"_links":{"self":[{"href":"https:\/\/heavens-furniture.com\/lv\/wp-json\/wp\/v2\/product\/1037\/"}],"collection":[{"href":"https:\/\/heavens-furniture.com\/lv\/wp-json\/wp\/v2\/product\/"}],"about":[{"href":"https:\/\/heavens-furniture.com\/lv\/wp-json\/wp\/v2\/types\/product\/"}],"wp:featuredmedia":[{"embeddable":true,"href":"https:\/\/heavens-furniture.com\/lv\/wp-json\/wp\/v2\/media\/15371\/"}],"wp:attachment":[{"href":"https:\/\/heavens-furniture.com\/lv\/wp-json\/wp\/v2\/media\/?parent=1037"}],"wp:term":[{"taxonomy":"product_brand","embeddable":true,"href":"https:\/\/heavens-furniture.com\/lv\/wp-json\/wp\/v2\/product_brand\/?post=1037"},{"taxonomy":"product_cat","embeddable":true,"href":"https:\/\/heavens-furniture.com\/lv\/wp-json\/wp\/v2\/product_cat\/?post=1037"},{"taxonomy":"product_tag","embeddable":true,"href":"https:\/\/heavens-furniture.com\/lv\/wp-json\/wp\/v2\/product_tag\/?post=1037"}],"curies":[{"name":"wp","href":"https:\/\/api.w.org\/{rel}","templated":true}]}}