{"id":1040,"date":"2019-08-15T08:16:38","date_gmt":"2019-08-15T08:16:38","guid":{"rendered":"https:\/\/heavens-furniture.com\/produkti\/petra-gridas-spogulis\/"},"modified":"2023-11-29T13:37:14","modified_gmt":"2023-11-29T13:37:14","slug":"petra-gridas-spogulis","status":"publish","type":"product","link":"https:\/\/heavens-furniture.com\/lv\/produkti\/petra-gridas-spogulis\/","title":{"rendered":"Petra spogulis"},"content":{"rendered":"<p>&nbsp;<\/p>\n<p>&nbsp;<\/p>\n<p><img decoding=\"async\" src=\"\/upload\/Kolekcijas\/Petra\/petra_gridas_spogulis.png\" alt=\"\" \/><\/p>\n","protected":false},"excerpt":{"rendered":"<p>Br\u012bvi st\u0101vo\u0161ais piln\u0101 auguma &#8220;Petra&#8221; kolekcijas spogulis lieliski ieder\u0113sies un papla\u0161in\u0101s telpu gan gu\u013camistab\u0101, gan koridor\u012b.<\/p>\n<div id=\"gtx-trans\" style=\"position: absolute; left: 180px; top: 14.6667px;\">\n<div class=\"gtx-trans-icon\"><\/div>\n<\/div>\n","protected":false},"featured_media":15524,"template":"","meta":{"_acf_changed":false,"iawp_total_views":3},"product_brand":[],"product_cat":[26,30,78],"product_tag":[],"class_list":{"0":"post-1040","1":"product","2":"type-product","3":"status-publish","4":"has-post-thumbnail","6":"product_cat-kolekcijas","7":"product_cat-petra","8":"product_cat-spoguli","10":"first","11":"instock","12":"shipping-taxable","13":"product-type-simple"},"acf":[],"_links":{"self":[{"href":"https:\/\/heavens-furniture.com\/lv\/wp-json\/wp\/v2\/product\/1040\/"}],"collection":[{"href":"https:\/\/heavens-furniture.com\/lv\/wp-json\/wp\/v2\/product\/"}],"about":[{"href":"https:\/\/heavens-furniture.com\/lv\/wp-json\/wp\/v2\/types\/product\/"}],"wp:featuredmedia":[{"embeddable":true,"href":"https:\/\/heavens-furniture.com\/lv\/wp-json\/wp\/v2\/media\/15524\/"}],"wp:attachment":[{"href":"https:\/\/heavens-furniture.com\/lv\/wp-json\/wp\/v2\/media\/?parent=1040"}],"wp:term":[{"taxonomy":"product_brand","embeddable":true,"href":"https:\/\/heavens-furniture.com\/lv\/wp-json\/wp\/v2\/product_brand\/?post=1040"},{"taxonomy":"product_cat","embeddable":true,"href":"https:\/\/heavens-furniture.com\/lv\/wp-json\/wp\/v2\/product_cat\/?post=1040"},{"taxonomy":"product_tag","embeddable":true,"href":"https:\/\/heavens-furniture.com\/lv\/wp-json\/wp\/v2\/product_tag\/?post=1040"}],"curies":[{"name":"wp","href":"https:\/\/api.w.org\/{rel}","templated":true}]}}