{"id":1041,"date":"2019-08-15T08:16:38","date_gmt":"2019-08-15T08:16:38","guid":{"rendered":"https:\/\/heavens-furniture.com\/produkti\/petra-sienas-spogulis\/"},"modified":"2023-11-29T13:38:00","modified_gmt":"2023-11-29T13:38:00","slug":"petra-sienas-spogulis","status":"publish","type":"product","link":"https:\/\/heavens-furniture.com\/lv\/produkti\/petra-sienas-spogulis\/","title":{"rendered":"Petra spogulis"},"content":{"rendered":"<p>&nbsp;<\/p>\n<p>&nbsp;<\/p>\n<p><img decoding=\"async\" src=\"\/upload\/Kolekcijas\/Petra\/petra_apalais_spogulis.png\" alt=\"\" \/><\/p>\n","protected":false},"excerpt":{"rendered":"<p>Apa\u013cais &#8220;Petra&#8221; kolekcijas spogulis akcent\u0113s sienu ar savu minim\u0101lismu un eleganci.<\/p>\n","protected":false},"featured_media":2204,"template":"","meta":{"_acf_changed":false,"iawp_total_views":0},"product_brand":[],"product_cat":[26,30,78],"product_tag":[],"class_list":{"0":"post-1041","1":"product","2":"type-product","3":"status-publish","4":"has-post-thumbnail","6":"product_cat-kolekcijas","7":"product_cat-petra","8":"product_cat-spoguli","10":"first","11":"instock","12":"shipping-taxable","13":"product-type-simple"},"acf":[],"_links":{"self":[{"href":"https:\/\/heavens-furniture.com\/lv\/wp-json\/wp\/v2\/product\/1041\/"}],"collection":[{"href":"https:\/\/heavens-furniture.com\/lv\/wp-json\/wp\/v2\/product\/"}],"about":[{"href":"https:\/\/heavens-furniture.com\/lv\/wp-json\/wp\/v2\/types\/product\/"}],"wp:featuredmedia":[{"embeddable":true,"href":"https:\/\/heavens-furniture.com\/lv\/wp-json\/wp\/v2\/media\/2204\/"}],"wp:attachment":[{"href":"https:\/\/heavens-furniture.com\/lv\/wp-json\/wp\/v2\/media\/?parent=1041"}],"wp:term":[{"taxonomy":"product_brand","embeddable":true,"href":"https:\/\/heavens-furniture.com\/lv\/wp-json\/wp\/v2\/product_brand\/?post=1041"},{"taxonomy":"product_cat","embeddable":true,"href":"https:\/\/heavens-furniture.com\/lv\/wp-json\/wp\/v2\/product_cat\/?post=1041"},{"taxonomy":"product_tag","embeddable":true,"href":"https:\/\/heavens-furniture.com\/lv\/wp-json\/wp\/v2\/product_tag\/?post=1041"}],"curies":[{"name":"wp","href":"https:\/\/api.w.org\/{rel}","templated":true}]}}