{"id":1044,"date":"2019-08-15T08:16:39","date_gmt":"2019-08-15T08:16:39","guid":{"rendered":"https:\/\/heavens-furniture.com\/produkti\/melanie-continental-gulta\/"},"modified":"2023-11-29T13:37:03","modified_gmt":"2023-11-29T13:37:03","slug":"melanie-continental-gulta","status":"publish","type":"product","link":"https:\/\/heavens-furniture.com\/lv\/produkti\/melanie-continental-gulta\/","title":{"rendered":"Melanie Continental"},"content":{"rendered":"<p>&nbsp;<\/p>\n<p>&nbsp;<\/p>\n<p><img decoding=\"async\" src=\"\/upload\/Kolekcijas\/Melanie\/melanie_gulta_web.png\" alt=\"\" \/><\/p>\n","protected":false},"excerpt":{"rendered":"<p>Pateicoties neitr\u0101l\u0101 dizaina galvgalim ar akcenta pog\u0101m, Melanie Continental gulta lieliski ieder\u0113sies gan moderna, gan klaiska stila interjer\u0101.<\/p>\n","protected":false},"featured_media":15162,"template":"","meta":{"_acf_changed":false,"iawp_total_views":3},"product_brand":[],"product_cat":[771,20,229,26,33],"product_tag":[726,724],"class_list":{"0":"post-1044","1":"product","2":"type-product","3":"status-publish","4":"has-post-thumbnail","6":"product_cat-continental-gultas","7":"product_cat-gultas","8":"product_cat-auduma-gultas","9":"product_cat-kolekcijas","10":"product_cat-melanie","11":"product_tag-audums","12":"product_tag-velas-kaste","14":"first","15":"instock","16":"shipping-taxable","17":"product-type-simple"},"acf":[],"_links":{"self":[{"href":"https:\/\/heavens-furniture.com\/lv\/wp-json\/wp\/v2\/product\/1044\/"}],"collection":[{"href":"https:\/\/heavens-furniture.com\/lv\/wp-json\/wp\/v2\/product\/"}],"about":[{"href":"https:\/\/heavens-furniture.com\/lv\/wp-json\/wp\/v2\/types\/product\/"}],"wp:featuredmedia":[{"embeddable":true,"href":"https:\/\/heavens-furniture.com\/lv\/wp-json\/wp\/v2\/media\/15162\/"}],"wp:attachment":[{"href":"https:\/\/heavens-furniture.com\/lv\/wp-json\/wp\/v2\/media\/?parent=1044"}],"wp:term":[{"taxonomy":"product_brand","embeddable":true,"href":"https:\/\/heavens-furniture.com\/lv\/wp-json\/wp\/v2\/product_brand\/?post=1044"},{"taxonomy":"product_cat","embeddable":true,"href":"https:\/\/heavens-furniture.com\/lv\/wp-json\/wp\/v2\/product_cat\/?post=1044"},{"taxonomy":"product_tag","embeddable":true,"href":"https:\/\/heavens-furniture.com\/lv\/wp-json\/wp\/v2\/product_tag\/?post=1044"}],"curies":[{"name":"wp","href":"https:\/\/api.w.org\/{rel}","templated":true}]}}