{"id":1045,"date":"2019-08-15T08:16:39","date_gmt":"2019-08-15T08:16:39","guid":{"rendered":"https:\/\/heavens-furniture.com\/produkti\/rebecca-garais-solins\/"},"modified":"2023-11-29T13:36:53","modified_gmt":"2023-11-29T13:36:53","slug":"rebecca-garais-solins","status":"publish","type":"product","link":"https:\/\/heavens-furniture.com\/lv\/produkti\/rebecca-garais-solins\/","title":{"rendered":"Rebecca soli\u0146\u0161"},"content":{"rendered":"<p>&nbsp;<\/p>\n<p>&nbsp;<\/p>\n<p><img decoding=\"async\" src=\"\/upload\/Kolekcijas\/Rebecca\/rebecca_garais_solins_web.png\" alt=\"\" \/><\/p>\n","protected":false},"excerpt":{"rendered":"<p>&#8220;Rebecca&#8221; kolekcijas klasisk\u0101 stila soli\u0146\u0161 ar mas\u012bvkoka k\u0101j\u0101m.<\/p>\n","protected":false},"featured_media":15720,"template":"","meta":{"_acf_changed":false,"iawp_total_views":3},"product_brand":[],"product_cat":[26,44,33,40,51],"product_tag":[727],"class_list":{"0":"post-1045","1":"product","2":"type-product","3":"status-publish","4":"has-post-thumbnail","6":"product_cat-kolekcijas","7":"product_cat-angela","8":"product_cat-melanie","9":"product_cat-rebecca-continental","10":"product_cat-pufi","11":"product_tag-koks-un-audums","13":"first","14":"instock","15":"shipping-taxable","16":"product-type-simple"},"acf":[],"_links":{"self":[{"href":"https:\/\/heavens-furniture.com\/lv\/wp-json\/wp\/v2\/product\/1045\/"}],"collection":[{"href":"https:\/\/heavens-furniture.com\/lv\/wp-json\/wp\/v2\/product\/"}],"about":[{"href":"https:\/\/heavens-furniture.com\/lv\/wp-json\/wp\/v2\/types\/product\/"}],"wp:featuredmedia":[{"embeddable":true,"href":"https:\/\/heavens-furniture.com\/lv\/wp-json\/wp\/v2\/media\/15720\/"}],"wp:attachment":[{"href":"https:\/\/heavens-furniture.com\/lv\/wp-json\/wp\/v2\/media\/?parent=1045"}],"wp:term":[{"taxonomy":"product_brand","embeddable":true,"href":"https:\/\/heavens-furniture.com\/lv\/wp-json\/wp\/v2\/product_brand\/?post=1045"},{"taxonomy":"product_cat","embeddable":true,"href":"https:\/\/heavens-furniture.com\/lv\/wp-json\/wp\/v2\/product_cat\/?post=1045"},{"taxonomy":"product_tag","embeddable":true,"href":"https:\/\/heavens-furniture.com\/lv\/wp-json\/wp\/v2\/product_tag\/?post=1045"}],"curies":[{"name":"wp","href":"https:\/\/api.w.org\/{rel}","templated":true}]}}