{"id":1049,"date":"2019-08-15T08:16:40","date_gmt":"2019-08-15T08:16:40","guid":{"rendered":"https:\/\/heavens-furniture.com\/produkti\/leila-gulta\/"},"modified":"2023-11-29T13:35:59","modified_gmt":"2023-11-29T13:35:59","slug":"leila-gulta","status":"publish","type":"product","link":"https:\/\/heavens-furniture.com\/lv\/produkti\/leila-gulta\/","title":{"rendered":"Leila"},"content":{"rendered":"","protected":false},"excerpt":{"rendered":"<p>Gulta, kas rad\u012bta tiecoties p\u0113c vienk\u0101r\u0161\u012bbas, taj\u0101 pa\u0161\u0101 laik\u0101 izstr\u0101d\u0101jot nians\u0113tas deta\u013cas.<\/p>\n","protected":false},"featured_media":17214,"template":"","meta":{"_acf_changed":false,"iawp_total_views":6},"product_brand":[],"product_cat":[20,229,26,29],"product_tag":[726,724],"class_list":{"0":"post-1049","1":"product","2":"type-product","3":"status-publish","4":"has-post-thumbnail","6":"product_cat-gultas","7":"product_cat-auduma-gultas","8":"product_cat-kolekcijas","9":"product_cat-leila","10":"product_tag-audums","11":"product_tag-velas-kaste","13":"first","14":"instock","15":"shipping-taxable","16":"product-type-simple"},"acf":[],"_links":{"self":[{"href":"https:\/\/heavens-furniture.com\/lv\/wp-json\/wp\/v2\/product\/1049\/"}],"collection":[{"href":"https:\/\/heavens-furniture.com\/lv\/wp-json\/wp\/v2\/product\/"}],"about":[{"href":"https:\/\/heavens-furniture.com\/lv\/wp-json\/wp\/v2\/types\/product\/"}],"wp:featuredmedia":[{"embeddable":true,"href":"https:\/\/heavens-furniture.com\/lv\/wp-json\/wp\/v2\/media\/17214\/"}],"wp:attachment":[{"href":"https:\/\/heavens-furniture.com\/lv\/wp-json\/wp\/v2\/media\/?parent=1049"}],"wp:term":[{"taxonomy":"product_brand","embeddable":true,"href":"https:\/\/heavens-furniture.com\/lv\/wp-json\/wp\/v2\/product_brand\/?post=1049"},{"taxonomy":"product_cat","embeddable":true,"href":"https:\/\/heavens-furniture.com\/lv\/wp-json\/wp\/v2\/product_cat\/?post=1049"},{"taxonomy":"product_tag","embeddable":true,"href":"https:\/\/heavens-furniture.com\/lv\/wp-json\/wp\/v2\/product_tag\/?post=1049"}],"curies":[{"name":"wp","href":"https:\/\/api.w.org\/{rel}","templated":true}]}}