{"id":1050,"date":"2019-08-15T08:16:40","date_gmt":"2019-08-15T08:16:40","guid":{"rendered":"https:\/\/heavens-furniture.com\/produkti\/leila-k1-kumode\/"},"modified":"2023-11-29T13:35:49","modified_gmt":"2023-11-29T13:35:49","slug":"leila-k1-kumode","status":"publish","type":"product","link":"https:\/\/heavens-furniture.com\/lv\/produkti\/leila-k1-kumode\/","title":{"rendered":"Leila K1 kumode"},"content":{"rendered":"<p>&nbsp;<\/p>\n<p>&nbsp;<\/p>\n<p>&nbsp;<\/p>\n<p><img decoding=\"async\" style=\"width: 292px; height: 147px;\" src=\"\/upload\/Kolekcijas\/Leila\/leila_k1.png\" alt=\"\" \/><\/p>\n","protected":false},"excerpt":{"rendered":"<p>Kolekcija, kas rad\u012bta tiecoties p\u0113c vienk\u0101r\u0161\u012bbas, taj\u0101 pa\u0161\u0101 laik\u0101 izstr\u0101d\u0101jot nians\u0113tas deta\u013cas.<\/p>\n","protected":false},"featured_media":1886,"template":"","meta":{"_acf_changed":false,"iawp_total_views":2},"product_brand":[],"product_cat":[26,29,24],"product_tag":[],"class_list":{"0":"post-1050","1":"product","2":"type-product","3":"status-publish","4":"has-post-thumbnail","6":"product_cat-kolekcijas","7":"product_cat-leila","8":"product_cat-kumodes","10":"first","11":"instock","12":"shipping-taxable","13":"product-type-simple"},"acf":[],"_links":{"self":[{"href":"https:\/\/heavens-furniture.com\/lv\/wp-json\/wp\/v2\/product\/1050\/"}],"collection":[{"href":"https:\/\/heavens-furniture.com\/lv\/wp-json\/wp\/v2\/product\/"}],"about":[{"href":"https:\/\/heavens-furniture.com\/lv\/wp-json\/wp\/v2\/types\/product\/"}],"wp:featuredmedia":[{"embeddable":true,"href":"https:\/\/heavens-furniture.com\/lv\/wp-json\/wp\/v2\/media\/1886\/"}],"wp:attachment":[{"href":"https:\/\/heavens-furniture.com\/lv\/wp-json\/wp\/v2\/media\/?parent=1050"}],"wp:term":[{"taxonomy":"product_brand","embeddable":true,"href":"https:\/\/heavens-furniture.com\/lv\/wp-json\/wp\/v2\/product_brand\/?post=1050"},{"taxonomy":"product_cat","embeddable":true,"href":"https:\/\/heavens-furniture.com\/lv\/wp-json\/wp\/v2\/product_cat\/?post=1050"},{"taxonomy":"product_tag","embeddable":true,"href":"https:\/\/heavens-furniture.com\/lv\/wp-json\/wp\/v2\/product_tag\/?post=1050"}],"curies":[{"name":"wp","href":"https:\/\/api.w.org\/{rel}","templated":true}]}}