{"id":1051,"date":"2019-08-15T08:16:40","date_gmt":"2019-08-15T08:16:40","guid":{"rendered":"https:\/\/heavens-furniture.com\/produkti\/leila-k2-kumode\/"},"modified":"2023-11-29T13:35:38","modified_gmt":"2023-11-29T13:35:38","slug":"leila-k2-kumode","status":"publish","type":"product","link":"https:\/\/heavens-furniture.com\/lv\/produkti\/leila-k2-kumode\/","title":{"rendered":"Leila K2 kumode"},"content":{"rendered":"<div><\/div>\n<div><\/div>\n<p>&nbsp;<\/p>\n<p><img decoding=\"async\" style=\"width: 368px; height: 122px;\" src=\"\/upload\/Kolekcijas\/Leila\/leila_k2.png\" alt=\"\" \/><\/p>\n","protected":false},"excerpt":{"rendered":"<p>Kolekcija, kas rad\u012bta tiecoties p\u0113c vienk\u0101r\u0161\u012bbas, taj\u0101 pa\u0161\u0101 laik\u0101 izstr\u0101d\u0101jot nians\u0113tas deta\u013cas.<\/p>\n","protected":false},"featured_media":1890,"template":"","meta":{"_acf_changed":false,"iawp_total_views":2},"product_brand":[],"product_cat":[26,29,24],"product_tag":[],"class_list":{"0":"post-1051","1":"product","2":"type-product","3":"status-publish","4":"has-post-thumbnail","6":"product_cat-kolekcijas","7":"product_cat-leila","8":"product_cat-kumodes","10":"first","11":"instock","12":"shipping-taxable","13":"product-type-simple"},"acf":[],"_links":{"self":[{"href":"https:\/\/heavens-furniture.com\/lv\/wp-json\/wp\/v2\/product\/1051\/"}],"collection":[{"href":"https:\/\/heavens-furniture.com\/lv\/wp-json\/wp\/v2\/product\/"}],"about":[{"href":"https:\/\/heavens-furniture.com\/lv\/wp-json\/wp\/v2\/types\/product\/"}],"wp:featuredmedia":[{"embeddable":true,"href":"https:\/\/heavens-furniture.com\/lv\/wp-json\/wp\/v2\/media\/1890\/"}],"wp:attachment":[{"href":"https:\/\/heavens-furniture.com\/lv\/wp-json\/wp\/v2\/media\/?parent=1051"}],"wp:term":[{"taxonomy":"product_brand","embeddable":true,"href":"https:\/\/heavens-furniture.com\/lv\/wp-json\/wp\/v2\/product_brand\/?post=1051"},{"taxonomy":"product_cat","embeddable":true,"href":"https:\/\/heavens-furniture.com\/lv\/wp-json\/wp\/v2\/product_cat\/?post=1051"},{"taxonomy":"product_tag","embeddable":true,"href":"https:\/\/heavens-furniture.com\/lv\/wp-json\/wp\/v2\/product_tag\/?post=1051"}],"curies":[{"name":"wp","href":"https:\/\/api.w.org\/{rel}","templated":true}]}}