{"id":1054,"date":"2019-08-15T08:16:42","date_gmt":"2019-08-15T08:16:42","guid":{"rendered":"https:\/\/heavens-furniture.com\/produkti\/eden-pufs-garais\/"},"modified":"2023-11-29T13:35:06","modified_gmt":"2023-11-29T13:35:06","slug":"eden-pufs-garais","status":"publish","type":"product","link":"https:\/\/heavens-furniture.com\/lv\/produkti\/eden-pufs-garais\/","title":{"rendered":"Eden pufs"},"content":{"rendered":"<p>&nbsp;<\/p>\n<p>&nbsp;<\/p>\n<p><img decoding=\"async\" src=\"\/upload\/Kolekcijas\/Eden\/eden_garais_pufs.png\" alt=\"\" \/><\/p>\n","protected":false},"excerpt":{"rendered":"<p>Smalkas l\u012bnijas, vieglums, dabiskums un elegance \u2013 \u0161\u012bs visas ir gu\u013camistabas m\u0113be\u013cu kolekcijas \u201cEden\u201d galven\u0101s rakstur\u012bpa\u0161\u012bbas.<\/p>\n","protected":false},"featured_media":15687,"template":"","meta":{"_acf_changed":false,"iawp_total_views":2},"product_brand":[],"product_cat":[359,26,31,51],"product_tag":[726],"class_list":{"0":"post-1054","1":"product","2":"type-product","3":"status-publish","4":"has-post-thumbnail","6":"product_cat-eden-ru","7":"product_cat-kolekcijas","8":"product_cat-eden","9":"product_cat-pufi","10":"product_tag-audums","12":"first","13":"instock","14":"shipping-taxable","15":"product-type-simple"},"acf":[],"_links":{"self":[{"href":"https:\/\/heavens-furniture.com\/lv\/wp-json\/wp\/v2\/product\/1054\/"}],"collection":[{"href":"https:\/\/heavens-furniture.com\/lv\/wp-json\/wp\/v2\/product\/"}],"about":[{"href":"https:\/\/heavens-furniture.com\/lv\/wp-json\/wp\/v2\/types\/product\/"}],"wp:featuredmedia":[{"embeddable":true,"href":"https:\/\/heavens-furniture.com\/lv\/wp-json\/wp\/v2\/media\/15687\/"}],"wp:attachment":[{"href":"https:\/\/heavens-furniture.com\/lv\/wp-json\/wp\/v2\/media\/?parent=1054"}],"wp:term":[{"taxonomy":"product_brand","embeddable":true,"href":"https:\/\/heavens-furniture.com\/lv\/wp-json\/wp\/v2\/product_brand\/?post=1054"},{"taxonomy":"product_cat","embeddable":true,"href":"https:\/\/heavens-furniture.com\/lv\/wp-json\/wp\/v2\/product_cat\/?post=1054"},{"taxonomy":"product_tag","embeddable":true,"href":"https:\/\/heavens-furniture.com\/lv\/wp-json\/wp\/v2\/product_tag\/?post=1054"}],"curies":[{"name":"wp","href":"https:\/\/api.w.org\/{rel}","templated":true}]}}