{"id":1056,"date":"2019-08-15T08:16:42","date_gmt":"2019-08-15T08:16:42","guid":{"rendered":"https:\/\/heavens-furniture.com\/produkti\/petra-garderobe\/"},"modified":"2023-11-29T13:34:44","modified_gmt":"2023-11-29T13:34:44","slug":"petra-garderobe","status":"publish","type":"product","link":"https:\/\/heavens-furniture.com\/lv\/produkti\/petra-garderobe\/","title":{"rendered":"Petra garderobe"},"content":{"rendered":"<p>&nbsp;<\/p>\n<p><img decoding=\"async\" style=\"width: 219px; height: 253px;\" src=\"\/upload\/Kolekcijas\/Petra\/petra_g_grafiskais3.png\" alt=\"\" \/><\/p>\n","protected":false},"excerpt":{"rendered":"<p>Garderobe ar piln\u0101 auguma spoguli lieliski ieder\u0113sies gan koridor\u012b, gan pla\u0161\u0101 gu\u013camistab\u0101.<\/p>\n<div id=\"gtx-trans\" style=\"position: absolute; left: -7px; top: 37.6667px;\">\n<div class=\"gtx-trans-icon\"><\/div>\n<\/div>\n","protected":false},"featured_media":15530,"template":"","meta":{"_acf_changed":false,"iawp_total_views":7},"product_brand":[],"product_cat":[26,30,663,25,78],"product_tag":[],"class_list":{"0":"post-1056","1":"product","2":"type-product","3":"status-publish","4":"has-post-thumbnail","6":"product_cat-kolekcijas","7":"product_cat-petra","8":"product_cat-pakaramie","9":"product_cat-skapji","10":"product_cat-spoguli","12":"first","13":"instock","14":"shipping-taxable","15":"product-type-simple"},"acf":[],"_links":{"self":[{"href":"https:\/\/heavens-furniture.com\/lv\/wp-json\/wp\/v2\/product\/1056\/"}],"collection":[{"href":"https:\/\/heavens-furniture.com\/lv\/wp-json\/wp\/v2\/product\/"}],"about":[{"href":"https:\/\/heavens-furniture.com\/lv\/wp-json\/wp\/v2\/types\/product\/"}],"wp:featuredmedia":[{"embeddable":true,"href":"https:\/\/heavens-furniture.com\/lv\/wp-json\/wp\/v2\/media\/15530\/"}],"wp:attachment":[{"href":"https:\/\/heavens-furniture.com\/lv\/wp-json\/wp\/v2\/media\/?parent=1056"}],"wp:term":[{"taxonomy":"product_brand","embeddable":true,"href":"https:\/\/heavens-furniture.com\/lv\/wp-json\/wp\/v2\/product_brand\/?post=1056"},{"taxonomy":"product_cat","embeddable":true,"href":"https:\/\/heavens-furniture.com\/lv\/wp-json\/wp\/v2\/product_cat\/?post=1056"},{"taxonomy":"product_tag","embeddable":true,"href":"https:\/\/heavens-furniture.com\/lv\/wp-json\/wp\/v2\/product_tag\/?post=1056"}],"curies":[{"name":"wp","href":"https:\/\/api.w.org\/{rel}","templated":true}]}}