{"id":1058,"date":"2019-08-15T08:16:42","date_gmt":"2019-08-15T08:16:42","guid":{"rendered":"https:\/\/heavens-furniture.com\/produkti\/otto-divans-divvietigs\/"},"modified":"2023-11-29T13:33:55","modified_gmt":"2023-11-29T13:33:55","slug":"otto-divans-divvietigs","status":"publish","type":"product","link":"https:\/\/heavens-furniture.com\/lv\/produkti\/otto-divans-divvietigs\/","title":{"rendered":"Otto d\u012bv\u0101ns"},"content":{"rendered":"<p>&nbsp;<\/p>\n<p><img decoding=\"async\" style=\"width: 489px; height: 151px;\" src=\"\/upload\/Kolekcijas\/Otto\/otto_2.png\" alt=\"\" \/><\/p>\n","protected":false},"excerpt":{"rendered":"<p>Gais\u012bgi, puf\u012bgi un debe\u0161\u0137\u012bgi \u0113rti<\/p>\n","protected":false},"featured_media":15659,"template":"","meta":{"_acf_changed":false,"iawp_total_views":3},"product_brand":[],"product_cat":[26,50,89],"product_tag":[726],"class_list":{"0":"post-1058","1":"product","2":"type-product","3":"status-publish","4":"has-post-thumbnail","6":"product_cat-kolekcijas","7":"product_cat-otto","8":"product_cat-kresli-un-divani","9":"product_tag-audums","11":"first","12":"instock","13":"shipping-taxable","14":"product-type-simple"},"acf":[],"_links":{"self":[{"href":"https:\/\/heavens-furniture.com\/lv\/wp-json\/wp\/v2\/product\/1058\/"}],"collection":[{"href":"https:\/\/heavens-furniture.com\/lv\/wp-json\/wp\/v2\/product\/"}],"about":[{"href":"https:\/\/heavens-furniture.com\/lv\/wp-json\/wp\/v2\/types\/product\/"}],"wp:featuredmedia":[{"embeddable":true,"href":"https:\/\/heavens-furniture.com\/lv\/wp-json\/wp\/v2\/media\/15659\/"}],"wp:attachment":[{"href":"https:\/\/heavens-furniture.com\/lv\/wp-json\/wp\/v2\/media\/?parent=1058"}],"wp:term":[{"taxonomy":"product_brand","embeddable":true,"href":"https:\/\/heavens-furniture.com\/lv\/wp-json\/wp\/v2\/product_brand\/?post=1058"},{"taxonomy":"product_cat","embeddable":true,"href":"https:\/\/heavens-furniture.com\/lv\/wp-json\/wp\/v2\/product_cat\/?post=1058"},{"taxonomy":"product_tag","embeddable":true,"href":"https:\/\/heavens-furniture.com\/lv\/wp-json\/wp\/v2\/product_tag\/?post=1058"}],"curies":[{"name":"wp","href":"https:\/\/api.w.org\/{rel}","templated":true}]}}