{"id":1059,"date":"2019-08-15T08:16:42","date_gmt":"2019-08-15T08:16:42","guid":{"rendered":"https:\/\/heavens-furniture.com\/produkti\/teo-pakaramais\/"},"modified":"2023-11-29T13:34:56","modified_gmt":"2023-11-29T13:34:56","slug":"teo-pakaramais","status":"publish","type":"product","link":"https:\/\/heavens-furniture.com\/lv\/produkti\/teo-pakaramais\/","title":{"rendered":"Teo pakaramais"},"content":{"rendered":"<p>&nbsp;<\/p>\n<p><img decoding=\"async\" style=\"width: 161px; height: 269px;\" src=\"\/upload\/Kolekcijas\/teo\/teo_trepes.png\" alt=\"\" \/><\/p>\n","protected":false},"excerpt":{"rendered":"<p>Viegls pakaramais trepju form\u0101 b\u016bs gan k\u0101 efekt\u012bvs dizaina akcents, gan k\u0101 paroc\u012bgs pakaramais ikdien\u0101.<\/p>\n<div id=\"gtx-trans\" style=\"position: absolute; left: -37px; top: -9.33333px;\">\n<div class=\"gtx-trans-icon\"><\/div>\n<\/div>\n","protected":false},"featured_media":15968,"template":"","meta":{"_acf_changed":false,"iawp_total_views":8},"product_brand":[],"product_cat":[26,28,663],"product_tag":[],"class_list":{"0":"post-1059","1":"product","2":"type-product","3":"status-publish","4":"has-post-thumbnail","6":"product_cat-kolekcijas","7":"product_cat-teo","8":"product_cat-pakaramie","10":"first","11":"instock","12":"shipping-taxable","13":"product-type-simple"},"acf":[],"_links":{"self":[{"href":"https:\/\/heavens-furniture.com\/lv\/wp-json\/wp\/v2\/product\/1059\/"}],"collection":[{"href":"https:\/\/heavens-furniture.com\/lv\/wp-json\/wp\/v2\/product\/"}],"about":[{"href":"https:\/\/heavens-furniture.com\/lv\/wp-json\/wp\/v2\/types\/product\/"}],"wp:featuredmedia":[{"embeddable":true,"href":"https:\/\/heavens-furniture.com\/lv\/wp-json\/wp\/v2\/media\/15968\/"}],"wp:attachment":[{"href":"https:\/\/heavens-furniture.com\/lv\/wp-json\/wp\/v2\/media\/?parent=1059"}],"wp:term":[{"taxonomy":"product_brand","embeddable":true,"href":"https:\/\/heavens-furniture.com\/lv\/wp-json\/wp\/v2\/product_brand\/?post=1059"},{"taxonomy":"product_cat","embeddable":true,"href":"https:\/\/heavens-furniture.com\/lv\/wp-json\/wp\/v2\/product_cat\/?post=1059"},{"taxonomy":"product_tag","embeddable":true,"href":"https:\/\/heavens-furniture.com\/lv\/wp-json\/wp\/v2\/product_tag\/?post=1059"}],"curies":[{"name":"wp","href":"https:\/\/api.w.org\/{rel}","templated":true}]}}