{"id":1060,"date":"2019-08-15T08:16:42","date_gmt":"2019-08-15T08:16:42","guid":{"rendered":"https:\/\/heavens-furniture.com\/produkti\/scarlett-solins\/"},"modified":"2023-11-29T13:34:33","modified_gmt":"2023-11-29T13:34:33","slug":"scarlett-solins","status":"publish","type":"product","link":"https:\/\/heavens-furniture.com\/lv\/produkti\/scarlett-solins\/","title":{"rendered":"Scarlett soli\u0146\u0161"},"content":{"rendered":"<p>&nbsp;<\/p>\n<p><img decoding=\"async\" style=\"width: 488px; height: 89px;\" src=\"\/upload\/Kolekcijas\/Scarlett\/scarlett_spolins_isais_garais.png\" alt=\"\" \/><\/p>\n","protected":false},"excerpt":{"rendered":"<p>Eleganto &#8220;Scarlett&#8221; kolekcijas soli\u0146u iesp\u0113jams pas\u016bt\u012bt gan gar\u0101, gan \u012bs\u0101 tipa, izv\u0113loties atbilsto\u0161\u0101ko auduma un koka apdares veidu.<\/p>\n","protected":false},"featured_media":15751,"template":"","meta":{"_acf_changed":false,"iawp_total_views":2},"product_brand":[],"product_cat":[26,35,51],"product_tag":[727],"class_list":{"0":"post-1060","1":"product","2":"type-product","3":"status-publish","4":"has-post-thumbnail","6":"product_cat-kolekcijas","7":"product_cat-scarlett","8":"product_cat-pufi","9":"product_tag-koks-un-audums","11":"first","12":"instock","13":"shipping-taxable","14":"product-type-simple"},"acf":[],"_links":{"self":[{"href":"https:\/\/heavens-furniture.com\/lv\/wp-json\/wp\/v2\/product\/1060\/"}],"collection":[{"href":"https:\/\/heavens-furniture.com\/lv\/wp-json\/wp\/v2\/product\/"}],"about":[{"href":"https:\/\/heavens-furniture.com\/lv\/wp-json\/wp\/v2\/types\/product\/"}],"wp:featuredmedia":[{"embeddable":true,"href":"https:\/\/heavens-furniture.com\/lv\/wp-json\/wp\/v2\/media\/15751\/"}],"wp:attachment":[{"href":"https:\/\/heavens-furniture.com\/lv\/wp-json\/wp\/v2\/media\/?parent=1060"}],"wp:term":[{"taxonomy":"product_brand","embeddable":true,"href":"https:\/\/heavens-furniture.com\/lv\/wp-json\/wp\/v2\/product_brand\/?post=1060"},{"taxonomy":"product_cat","embeddable":true,"href":"https:\/\/heavens-furniture.com\/lv\/wp-json\/wp\/v2\/product_cat\/?post=1060"},{"taxonomy":"product_tag","embeddable":true,"href":"https:\/\/heavens-furniture.com\/lv\/wp-json\/wp\/v2\/product_tag\/?post=1060"}],"curies":[{"name":"wp","href":"https:\/\/api.w.org\/{rel}","templated":true}]}}