{"id":1061,"date":"2019-08-15T08:16:42","date_gmt":"2019-08-15T08:16:42","guid":{"rendered":"https:\/\/heavens-furniture.com\/produkti\/teo-galds\/"},"modified":"2023-11-29T13:34:18","modified_gmt":"2023-11-29T13:34:18","slug":"teo-galds","status":"publish","type":"product","link":"https:\/\/heavens-furniture.com\/lv\/produkti\/teo-galds\/","title":{"rendered":"Teo rakst\u0101mgalds"},"content":{"rendered":"<p>&nbsp;<\/p>\n<p><img decoding=\"async\" style=\"width: 384px; height: 150px;\" src=\"\/upload\/Kolekcijas\/teo\/galds.png\" alt=\"\" \/><\/p>\n","protected":false},"excerpt":{"rendered":"<p>Ar \u0123eometriskajiem dizaina akcentiem veidotais rakst\u0101mgalds viegli iekompon\u0113sies jebkur\u0101 modern\u0101 stila telp\u0101.<\/p>\n<div id=\"gtx-trans\" style=\"position: absolute; left: 115px; top: 61.6667px;\">\n<div class=\"gtx-trans-icon\"><\/div>\n<\/div>\n","protected":false},"featured_media":15917,"template":"","meta":{"_acf_changed":false,"iawp_total_views":5},"product_brand":[],"product_cat":[52,26,28],"product_tag":[],"class_list":{"0":"post-1061","1":"product","2":"type-product","3":"status-publish","4":"has-post-thumbnail","6":"product_cat-galdi","7":"product_cat-kolekcijas","8":"product_cat-teo","10":"first","11":"instock","12":"shipping-taxable","13":"product-type-simple"},"acf":[],"_links":{"self":[{"href":"https:\/\/heavens-furniture.com\/lv\/wp-json\/wp\/v2\/product\/1061\/"}],"collection":[{"href":"https:\/\/heavens-furniture.com\/lv\/wp-json\/wp\/v2\/product\/"}],"about":[{"href":"https:\/\/heavens-furniture.com\/lv\/wp-json\/wp\/v2\/types\/product\/"}],"wp:featuredmedia":[{"embeddable":true,"href":"https:\/\/heavens-furniture.com\/lv\/wp-json\/wp\/v2\/media\/15917\/"}],"wp:attachment":[{"href":"https:\/\/heavens-furniture.com\/lv\/wp-json\/wp\/v2\/media\/?parent=1061"}],"wp:term":[{"taxonomy":"product_brand","embeddable":true,"href":"https:\/\/heavens-furniture.com\/lv\/wp-json\/wp\/v2\/product_brand\/?post=1061"},{"taxonomy":"product_cat","embeddable":true,"href":"https:\/\/heavens-furniture.com\/lv\/wp-json\/wp\/v2\/product_cat\/?post=1061"},{"taxonomy":"product_tag","embeddable":true,"href":"https:\/\/heavens-furniture.com\/lv\/wp-json\/wp\/v2\/product_tag\/?post=1061"}],"curies":[{"name":"wp","href":"https:\/\/api.w.org\/{rel}","templated":true}]}}