{"id":1063,"date":"2019-08-15T08:16:43","date_gmt":"2019-08-15T08:16:43","guid":{"rendered":"https:\/\/heavens-furniture.com\/produkti\/leila-continental-gulta\/"},"modified":"2023-11-29T13:33:20","modified_gmt":"2023-11-29T13:33:20","slug":"leila-continental-gulta","status":"publish","type":"product","link":"https:\/\/heavens-furniture.com\/lv\/produkti\/leila-continental-gulta\/","title":{"rendered":"Leila Continental"},"content":{"rendered":"<p>&nbsp;<\/p>\n<p>&nbsp;<\/p>\n<p>&nbsp;<\/p>\n<p><img decoding=\"async\" style=\"width: 650px;height: 231px\" src=\"\/upload\/Kolekcijas\/Leila\/leila_grafiskais_izmers.png\" alt=\"\" \/><\/p>\n","protected":false},"excerpt":{"rendered":"<p>Gulta, kas rad\u012bta tiecoties p\u0113c vienk\u0101r\u0161\u012bbas, taj\u0101 pa\u0161\u0101 laik\u0101 izstr\u0101d\u0101jot nians\u0113tas deta\u013cas.<\/p>\n","protected":false},"featured_media":17334,"template":"","meta":{"_acf_changed":false,"iawp_total_views":8},"product_brand":[],"product_cat":[771,20,229,26,29],"product_tag":[726,724],"class_list":{"0":"post-1063","1":"product","2":"type-product","3":"status-publish","4":"has-post-thumbnail","6":"product_cat-continental-gultas","7":"product_cat-gultas","8":"product_cat-auduma-gultas","9":"product_cat-kolekcijas","10":"product_cat-leila","11":"product_tag-audums","12":"product_tag-velas-kaste","13":"pa_tips-auduma-gultas","15":"first","16":"instock","17":"shipping-taxable","18":"product-type-simple"},"acf":[],"_links":{"self":[{"href":"https:\/\/heavens-furniture.com\/lv\/wp-json\/wp\/v2\/product\/1063\/"}],"collection":[{"href":"https:\/\/heavens-furniture.com\/lv\/wp-json\/wp\/v2\/product\/"}],"about":[{"href":"https:\/\/heavens-furniture.com\/lv\/wp-json\/wp\/v2\/types\/product\/"}],"wp:featuredmedia":[{"embeddable":true,"href":"https:\/\/heavens-furniture.com\/lv\/wp-json\/wp\/v2\/media\/17334\/"}],"wp:attachment":[{"href":"https:\/\/heavens-furniture.com\/lv\/wp-json\/wp\/v2\/media\/?parent=1063"}],"wp:term":[{"taxonomy":"product_brand","embeddable":true,"href":"https:\/\/heavens-furniture.com\/lv\/wp-json\/wp\/v2\/product_brand\/?post=1063"},{"taxonomy":"product_cat","embeddable":true,"href":"https:\/\/heavens-furniture.com\/lv\/wp-json\/wp\/v2\/product_cat\/?post=1063"},{"taxonomy":"product_tag","embeddable":true,"href":"https:\/\/heavens-furniture.com\/lv\/wp-json\/wp\/v2\/product_tag\/?post=1063"}],"curies":[{"name":"wp","href":"https:\/\/api.w.org\/{rel}","templated":true}]}}