{"id":1064,"date":"2019-08-15T08:16:43","date_gmt":"2019-08-15T08:16:43","guid":{"rendered":"https:\/\/heavens-furniture.com\/produkti\/angela-pufs-kaste\/"},"modified":"2023-11-29T13:33:43","modified_gmt":"2023-11-29T13:33:43","slug":"angela-pufs-kaste","status":"publish","type":"product","link":"https:\/\/heavens-furniture.com\/lv\/produkti\/angela-pufs-kaste\/","title":{"rendered":"Angela pufs"},"content":{"rendered":"<p>&nbsp;<\/p>\n<p><img decoding=\"async\" style=\"width: 283px; height: 164px;\" src=\"\/upload\/Kolekcijas\/Angela\/angela_pufs_grafiskie_izmeri.png\" alt=\"\" \/><\/p>\n","protected":false},"excerpt":{"rendered":"<p>&#8220;Angela&#8221; kolekcijas pufs ar ietilp\u012bgo glab\u0101\u0161anas kasti b\u016bs elegants un praktisks papildin\u0101jums jebkurai telpai.<\/p>\n","protected":false},"featured_media":15675,"template":"","meta":{"_acf_changed":false,"iawp_total_views":13},"product_brand":[],"product_cat":[26,44,51],"product_tag":[726],"class_list":{"0":"post-1064","1":"product","2":"type-product","3":"status-publish","4":"has-post-thumbnail","6":"product_cat-kolekcijas","7":"product_cat-angela","8":"product_cat-pufi","9":"product_tag-audums","11":"first","12":"instock","13":"shipping-taxable","14":"product-type-simple"},"acf":[],"_links":{"self":[{"href":"https:\/\/heavens-furniture.com\/lv\/wp-json\/wp\/v2\/product\/1064\/"}],"collection":[{"href":"https:\/\/heavens-furniture.com\/lv\/wp-json\/wp\/v2\/product\/"}],"about":[{"href":"https:\/\/heavens-furniture.com\/lv\/wp-json\/wp\/v2\/types\/product\/"}],"wp:featuredmedia":[{"embeddable":true,"href":"https:\/\/heavens-furniture.com\/lv\/wp-json\/wp\/v2\/media\/15675\/"}],"wp:attachment":[{"href":"https:\/\/heavens-furniture.com\/lv\/wp-json\/wp\/v2\/media\/?parent=1064"}],"wp:term":[{"taxonomy":"product_brand","embeddable":true,"href":"https:\/\/heavens-furniture.com\/lv\/wp-json\/wp\/v2\/product_brand\/?post=1064"},{"taxonomy":"product_cat","embeddable":true,"href":"https:\/\/heavens-furniture.com\/lv\/wp-json\/wp\/v2\/product_cat\/?post=1064"},{"taxonomy":"product_tag","embeddable":true,"href":"https:\/\/heavens-furniture.com\/lv\/wp-json\/wp\/v2\/product_tag\/?post=1064"}],"curies":[{"name":"wp","href":"https:\/\/api.w.org\/{rel}","templated":true}]}}