{"id":1065,"date":"2019-08-15T08:16:43","date_gmt":"2019-08-15T08:16:43","guid":{"rendered":"https:\/\/heavens-furniture.com\/produkti\/teo-plaukts\/"},"modified":"2023-11-29T13:33:09","modified_gmt":"2023-11-29T13:33:09","slug":"teo-plaukts","status":"publish","type":"product","link":"https:\/\/heavens-furniture.com\/lv\/produkti\/teo-plaukts\/","title":{"rendered":"Teo plaukts"},"content":{"rendered":"<p>&nbsp;<\/p>\n<p><img decoding=\"async\" style=\"width: 169px; height: 112px;\" src=\"\/upload\/Kolekcijas\/teo\/teo_plaukts.png\" alt=\"\" \/><\/p>\n","protected":false},"excerpt":{"rendered":"<p>Heksagona formas \u201cTeo\u201d kolekcijas plaukts b\u016bs efekt\u012bvs akcents v\u0113l neaizpild\u012btajos sienu laukumos.<\/p>\n","protected":false},"featured_media":2256,"template":"","meta":{"_acf_changed":false,"iawp_total_views":3},"product_brand":[],"product_cat":[26,28,663,79],"product_tag":[],"class_list":{"0":"post-1065","1":"product","2":"type-product","3":"status-publish","4":"has-post-thumbnail","6":"product_cat-kolekcijas","7":"product_cat-teo","8":"product_cat-pakaramie","9":"product_cat-plaukti","11":"first","12":"instock","13":"shipping-taxable","14":"product-type-simple"},"acf":[],"_links":{"self":[{"href":"https:\/\/heavens-furniture.com\/lv\/wp-json\/wp\/v2\/product\/1065\/"}],"collection":[{"href":"https:\/\/heavens-furniture.com\/lv\/wp-json\/wp\/v2\/product\/"}],"about":[{"href":"https:\/\/heavens-furniture.com\/lv\/wp-json\/wp\/v2\/types\/product\/"}],"wp:featuredmedia":[{"embeddable":true,"href":"https:\/\/heavens-furniture.com\/lv\/wp-json\/wp\/v2\/media\/2256\/"}],"wp:attachment":[{"href":"https:\/\/heavens-furniture.com\/lv\/wp-json\/wp\/v2\/media\/?parent=1065"}],"wp:term":[{"taxonomy":"product_brand","embeddable":true,"href":"https:\/\/heavens-furniture.com\/lv\/wp-json\/wp\/v2\/product_brand\/?post=1065"},{"taxonomy":"product_cat","embeddable":true,"href":"https:\/\/heavens-furniture.com\/lv\/wp-json\/wp\/v2\/product_cat\/?post=1065"},{"taxonomy":"product_tag","embeddable":true,"href":"https:\/\/heavens-furniture.com\/lv\/wp-json\/wp\/v2\/product_tag\/?post=1065"}],"curies":[{"name":"wp","href":"https:\/\/api.w.org\/{rel}","templated":true}]}}