{"id":1066,"date":"2019-08-15T08:16:43","date_gmt":"2019-08-15T08:16:43","guid":{"rendered":"https:\/\/heavens-furniture.com\/produkti\/teo-plaukts-spogulis\/"},"modified":"2023-11-29T13:33:32","modified_gmt":"2023-11-29T13:33:32","slug":"teo-plaukts-spogulis","status":"publish","type":"product","link":"https:\/\/heavens-furniture.com\/lv\/produkti\/teo-plaukts-spogulis\/","title":{"rendered":"Teo plaukts"},"content":{"rendered":"<p>&nbsp;<\/p>\n<p><img decoding=\"async\" style=\"width: 169px; height: 112px;\" src=\"\/upload\/Kolekcijas\/teo\/teo_plaukts.png\" alt=\"\" \/><\/p>\n","protected":false},"excerpt":{"rendered":"<p>Heksagona formas &#8220;Teo&#8221; kolekcijas plaukts b\u016bs efekt\u012bvs akcents v\u0113l neaizpild\u012btajos sienu laukumos.<\/p>\n","protected":false},"featured_media":2261,"template":"","meta":{"_acf_changed":false,"iawp_total_views":0},"product_brand":[],"product_cat":[26,28,663,79,78],"product_tag":[],"class_list":{"0":"post-1066","1":"product","2":"type-product","3":"status-publish","4":"has-post-thumbnail","6":"product_cat-kolekcijas","7":"product_cat-teo","8":"product_cat-pakaramie","9":"product_cat-plaukti","10":"product_cat-spoguli","12":"first","13":"instock","14":"shipping-taxable","15":"product-type-simple"},"acf":[],"_links":{"self":[{"href":"https:\/\/heavens-furniture.com\/lv\/wp-json\/wp\/v2\/product\/1066\/"}],"collection":[{"href":"https:\/\/heavens-furniture.com\/lv\/wp-json\/wp\/v2\/product\/"}],"about":[{"href":"https:\/\/heavens-furniture.com\/lv\/wp-json\/wp\/v2\/types\/product\/"}],"wp:featuredmedia":[{"embeddable":true,"href":"https:\/\/heavens-furniture.com\/lv\/wp-json\/wp\/v2\/media\/2261\/"}],"wp:attachment":[{"href":"https:\/\/heavens-furniture.com\/lv\/wp-json\/wp\/v2\/media\/?parent=1066"}],"wp:term":[{"taxonomy":"product_brand","embeddable":true,"href":"https:\/\/heavens-furniture.com\/lv\/wp-json\/wp\/v2\/product_brand\/?post=1066"},{"taxonomy":"product_cat","embeddable":true,"href":"https:\/\/heavens-furniture.com\/lv\/wp-json\/wp\/v2\/product_cat\/?post=1066"},{"taxonomy":"product_tag","embeddable":true,"href":"https:\/\/heavens-furniture.com\/lv\/wp-json\/wp\/v2\/product_tag\/?post=1066"}],"curies":[{"name":"wp","href":"https:\/\/api.w.org\/{rel}","templated":true}]}}