{"id":1091,"date":"2019-08-15T08:16:47","date_gmt":"2019-08-15T08:16:47","guid":{"rendered":"https:\/\/heavens-furniture.com\/produkti\/teo-gulta\/"},"modified":"2023-11-29T13:29:21","modified_gmt":"2023-11-29T13:29:21","slug":"teo-gulta","status":"publish","type":"product","link":"https:\/\/heavens-furniture.com\/lv\/produkti\/teo-gulta\/","title":{"rendered":"Teo gulta"},"content":{"rendered":"","protected":false},"excerpt":{"rendered":"<p>Teo gultas dizain\u0101 lieliski tiek atspogu\u013cota da\u017e\u0101du materi\u0101lun un formu harmoniska mijiedarb\u012bba.<\/p>\n","protected":false},"featured_media":15041,"template":"","meta":{"_acf_changed":false,"iawp_total_views":7},"product_brand":[],"product_cat":[20,229,228,26,28],"product_tag":[723,727],"class_list":{"0":"post-1091","1":"product","2":"type-product","3":"status-publish","4":"has-post-thumbnail","6":"product_cat-gultas","7":"product_cat-auduma-gultas","8":"product_cat-koka-gultas","9":"product_cat-kolekcijas","10":"product_cat-teo","11":"product_tag-atsperlistes","12":"product_tag-koks-un-audums","14":"first","15":"instock","16":"shipping-taxable","17":"product-type-simple"},"acf":[],"_links":{"self":[{"href":"https:\/\/heavens-furniture.com\/lv\/wp-json\/wp\/v2\/product\/1091\/"}],"collection":[{"href":"https:\/\/heavens-furniture.com\/lv\/wp-json\/wp\/v2\/product\/"}],"about":[{"href":"https:\/\/heavens-furniture.com\/lv\/wp-json\/wp\/v2\/types\/product\/"}],"wp:featuredmedia":[{"embeddable":true,"href":"https:\/\/heavens-furniture.com\/lv\/wp-json\/wp\/v2\/media\/15041\/"}],"wp:attachment":[{"href":"https:\/\/heavens-furniture.com\/lv\/wp-json\/wp\/v2\/media\/?parent=1091"}],"wp:term":[{"taxonomy":"product_brand","embeddable":true,"href":"https:\/\/heavens-furniture.com\/lv\/wp-json\/wp\/v2\/product_brand\/?post=1091"},{"taxonomy":"product_cat","embeddable":true,"href":"https:\/\/heavens-furniture.com\/lv\/wp-json\/wp\/v2\/product_cat\/?post=1091"},{"taxonomy":"product_tag","embeddable":true,"href":"https:\/\/heavens-furniture.com\/lv\/wp-json\/wp\/v2\/product_tag\/?post=1091"}],"curies":[{"name":"wp","href":"https:\/\/api.w.org\/{rel}","templated":true}]}}