{"id":1093,"date":"2019-08-15T08:16:48","date_gmt":"2019-08-15T08:16:48","guid":{"rendered":"https:\/\/heavens-furniture.com\/produkti\/enzo-gulta\/"},"modified":"2023-11-29T13:28:10","modified_gmt":"2023-11-29T13:28:10","slug":"enzo-gulta","status":"publish","type":"product","link":"https:\/\/heavens-furniture.com\/lv\/produkti\/enzo-gulta\/","title":{"rendered":"Enzo gulta"},"content":{"rendered":"<p>&nbsp;<\/p>\n<p>&nbsp;<\/p>\n<p><img decoding=\"async\" src=\"\/upload\/Kolekcijas\/Enzo\/enzo_platforma.png\" alt=\"\" \/><\/p>\n","protected":false},"excerpt":{"rendered":"<p>Gu\u013camistaba ir j\u0101veido t\u0101, lai t\u0101 rad\u012btu r\u0101mu un mierpilnu saj\u016btu.<\/p>\n","protected":false},"featured_media":1734,"template":"","meta":{"_acf_changed":false,"iawp_total_views":8},"product_brand":[],"product_cat":[364,20,228,26,27],"product_tag":[723,727],"class_list":{"0":"post-1093","1":"product","2":"type-product","3":"status-publish","4":"has-post-thumbnail","6":"product_cat-enzo-ru","7":"product_cat-gultas","8":"product_cat-koka-gultas","9":"product_cat-kolekcijas","10":"product_cat-enzo","11":"product_tag-atsperlistes","12":"product_tag-koks-un-audums","13":"pa_tips-koka-gultas","15":"first","16":"instock","17":"shipping-taxable","18":"product-type-simple"},"acf":[],"_links":{"self":[{"href":"https:\/\/heavens-furniture.com\/lv\/wp-json\/wp\/v2\/product\/1093\/"}],"collection":[{"href":"https:\/\/heavens-furniture.com\/lv\/wp-json\/wp\/v2\/product\/"}],"about":[{"href":"https:\/\/heavens-furniture.com\/lv\/wp-json\/wp\/v2\/types\/product\/"}],"wp:featuredmedia":[{"embeddable":true,"href":"https:\/\/heavens-furniture.com\/lv\/wp-json\/wp\/v2\/media\/1734\/"}],"wp:attachment":[{"href":"https:\/\/heavens-furniture.com\/lv\/wp-json\/wp\/v2\/media\/?parent=1093"}],"wp:term":[{"taxonomy":"product_brand","embeddable":true,"href":"https:\/\/heavens-furniture.com\/lv\/wp-json\/wp\/v2\/product_brand\/?post=1093"},{"taxonomy":"product_cat","embeddable":true,"href":"https:\/\/heavens-furniture.com\/lv\/wp-json\/wp\/v2\/product_cat\/?post=1093"},{"taxonomy":"product_tag","embeddable":true,"href":"https:\/\/heavens-furniture.com\/lv\/wp-json\/wp\/v2\/product_tag\/?post=1093"}],"curies":[{"name":"wp","href":"https:\/\/api.w.org\/{rel}","templated":true}]}}