{"id":1097,"date":"2019-08-15T08:16:48","date_gmt":"2019-08-15T08:16:48","guid":{"rendered":"https:\/\/heavens-furniture.com\/produkti\/latty-virsmatracis\/"},"modified":"2023-11-29T13:28:32","modified_gmt":"2023-11-29T13:28:32","slug":"latty-virsmatracis","status":"publish","type":"product","link":"https:\/\/heavens-furniture.com\/lv\/produkti\/latty-virsmatracis\/","title":{"rendered":"Latty virsmatracis"},"content":{"rendered":"<p>&nbsp;<\/p>\n<p>&nbsp;<\/p>\n","protected":false},"excerpt":{"rendered":"<p>Pils Matra\u010di kolekcijas virsmatracis &#8220;Latty&#8221; pasarg\u0101s ieg\u0101d\u0101to matraci pret sasm\u0113r\u0113\u0161anos un nev\u0113lamiem traipiem un pie\u0161\u0137irs papildus komfortu.<\/p>\n","protected":false},"featured_media":2122,"template":"","meta":{"_acf_changed":false,"iawp_total_views":4},"product_brand":[],"product_cat":[88],"product_tag":[],"class_list":{"0":"post-1097","1":"product","2":"type-product","3":"status-publish","4":"has-post-thumbnail","6":"product_cat-virsmatraci-un-protektori","8":"first","9":"instock","10":"shipping-taxable","11":"product-type-simple"},"acf":[],"_links":{"self":[{"href":"https:\/\/heavens-furniture.com\/lv\/wp-json\/wp\/v2\/product\/1097\/"}],"collection":[{"href":"https:\/\/heavens-furniture.com\/lv\/wp-json\/wp\/v2\/product\/"}],"about":[{"href":"https:\/\/heavens-furniture.com\/lv\/wp-json\/wp\/v2\/types\/product\/"}],"wp:featuredmedia":[{"embeddable":true,"href":"https:\/\/heavens-furniture.com\/lv\/wp-json\/wp\/v2\/media\/2122\/"}],"wp:attachment":[{"href":"https:\/\/heavens-furniture.com\/lv\/wp-json\/wp\/v2\/media\/?parent=1097"}],"wp:term":[{"taxonomy":"product_brand","embeddable":true,"href":"https:\/\/heavens-furniture.com\/lv\/wp-json\/wp\/v2\/product_brand\/?post=1097"},{"taxonomy":"product_cat","embeddable":true,"href":"https:\/\/heavens-furniture.com\/lv\/wp-json\/wp\/v2\/product_cat\/?post=1097"},{"taxonomy":"product_tag","embeddable":true,"href":"https:\/\/heavens-furniture.com\/lv\/wp-json\/wp\/v2\/product_tag\/?post=1097"}],"curies":[{"name":"wp","href":"https:\/\/api.w.org\/{rel}","templated":true}]}}