{"id":1099,"date":"2019-08-15T08:16:48","date_gmt":"2019-08-15T08:16:48","guid":{"rendered":"https:\/\/heavens-furniture.com\/produkti\/ulas-matraca-protektors\/"},"modified":"2023-11-29T13:28:50","modified_gmt":"2023-11-29T13:28:50","slug":"ulas-matraca-protektors","status":"publish","type":"product","link":"https:\/\/heavens-furniture.com\/lv\/produkti\/ulas-matraca-protektors\/","title":{"rendered":"Ulas protektors"},"content":{"rendered":"<p>&nbsp;<\/p>\n<p>&nbsp;<\/p>\n","protected":false},"excerpt":{"rendered":"<p>Gaisu caurlaid\u012bgais protektors &#8220;Ulas&#8221; pasarg\u0101s matraci no ikdienas traipiem, kas rodas lieto\u0161anas laik\u0101, k\u0101 ar\u012b aiztur\u0113s jebk\u0101du mitrumu, kas ir izlijis gult\u0101, jo protektors ir \u016bdens necaurlaid\u012bgs.<\/p>\n<div id=\"gtx-trans\" style=\"position: absolute; left: -11px; top: -9.33333px;\">\n<div class=\"gtx-trans-icon\"><\/div>\n<\/div>\n","protected":false},"featured_media":2128,"template":"","meta":{"_acf_changed":false,"iawp_total_views":5},"product_brand":[],"product_cat":[88],"product_tag":[],"class_list":{"0":"post-1099","1":"product","2":"type-product","3":"status-publish","4":"has-post-thumbnail","6":"product_cat-virsmatraci-un-protektori","8":"first","9":"instock","10":"shipping-taxable","11":"product-type-simple"},"acf":[],"_links":{"self":[{"href":"https:\/\/heavens-furniture.com\/lv\/wp-json\/wp\/v2\/product\/1099\/"}],"collection":[{"href":"https:\/\/heavens-furniture.com\/lv\/wp-json\/wp\/v2\/product\/"}],"about":[{"href":"https:\/\/heavens-furniture.com\/lv\/wp-json\/wp\/v2\/types\/product\/"}],"wp:featuredmedia":[{"embeddable":true,"href":"https:\/\/heavens-furniture.com\/lv\/wp-json\/wp\/v2\/media\/2128\/"}],"wp:attachment":[{"href":"https:\/\/heavens-furniture.com\/lv\/wp-json\/wp\/v2\/media\/?parent=1099"}],"wp:term":[{"taxonomy":"product_brand","embeddable":true,"href":"https:\/\/heavens-furniture.com\/lv\/wp-json\/wp\/v2\/product_brand\/?post=1099"},{"taxonomy":"product_cat","embeddable":true,"href":"https:\/\/heavens-furniture.com\/lv\/wp-json\/wp\/v2\/product_cat\/?post=1099"},{"taxonomy":"product_tag","embeddable":true,"href":"https:\/\/heavens-furniture.com\/lv\/wp-json\/wp\/v2\/product_tag\/?post=1099"}],"curies":[{"name":"wp","href":"https:\/\/api.w.org\/{rel}","templated":true}]}}