{"id":1102,"date":"2019-08-15T08:16:49","date_gmt":"2019-08-15T08:16:49","guid":{"rendered":"https:\/\/heavens-furniture.com\/produkti\/enzo-naktsgaldins\/"},"modified":"2023-11-29T13:27:49","modified_gmt":"2023-11-29T13:27:49","slug":"enzo-naktsgaldins","status":"publish","type":"product","link":"https:\/\/heavens-furniture.com\/lv\/produkti\/enzo-naktsgaldins\/","title":{"rendered":"Enzo naktsgaldi\u0146\u0161"},"content":{"rendered":"<p>&nbsp;<\/p>\n<p><img decoding=\"async\" style=\"width: 112px; height: 202px;\" src=\"\/upload\/Kolekcijas\/Enzo\/enzo_galdins.png\" alt=\"\" \/><\/p>\n","protected":false},"excerpt":{"rendered":"<p>&#8220;Enzo&#8221; kolekcijas galdi\u0146\u0161 b\u016bs k\u0101 smalks akcents jebkur\u0101 telp\u0101.<\/p>\n","protected":false},"featured_media":1979,"template":"","meta":{"_acf_changed":false,"iawp_total_views":0},"product_brand":[],"product_cat":[26,27,23],"product_tag":[],"class_list":{"0":"post-1102","1":"product","2":"type-product","3":"status-publish","4":"has-post-thumbnail","6":"product_cat-kolekcijas","7":"product_cat-enzo","8":"product_cat-naktsskapisi","10":"first","11":"instock","12":"shipping-taxable","13":"product-type-simple"},"acf":[],"_links":{"self":[{"href":"https:\/\/heavens-furniture.com\/lv\/wp-json\/wp\/v2\/product\/1102\/"}],"collection":[{"href":"https:\/\/heavens-furniture.com\/lv\/wp-json\/wp\/v2\/product\/"}],"about":[{"href":"https:\/\/heavens-furniture.com\/lv\/wp-json\/wp\/v2\/types\/product\/"}],"wp:featuredmedia":[{"embeddable":true,"href":"https:\/\/heavens-furniture.com\/lv\/wp-json\/wp\/v2\/media\/1979\/"}],"wp:attachment":[{"href":"https:\/\/heavens-furniture.com\/lv\/wp-json\/wp\/v2\/media\/?parent=1102"}],"wp:term":[{"taxonomy":"product_brand","embeddable":true,"href":"https:\/\/heavens-furniture.com\/lv\/wp-json\/wp\/v2\/product_brand\/?post=1102"},{"taxonomy":"product_cat","embeddable":true,"href":"https:\/\/heavens-furniture.com\/lv\/wp-json\/wp\/v2\/product_cat\/?post=1102"},{"taxonomy":"product_tag","embeddable":true,"href":"https:\/\/heavens-furniture.com\/lv\/wp-json\/wp\/v2\/product_tag\/?post=1102"}],"curies":[{"name":"wp","href":"https:\/\/api.w.org\/{rel}","templated":true}]}}