{"id":1104,"date":"2019-08-15T08:16:50","date_gmt":"2019-08-15T08:16:50","guid":{"rendered":"https:\/\/heavens-furniture.com\/produkti\/otto-divans-trisvietigs\/"},"modified":"2023-11-29T13:27:37","modified_gmt":"2023-11-29T13:27:37","slug":"otto-divans-trisvietigs","status":"publish","type":"product","link":"https:\/\/heavens-furniture.com\/lv\/produkti\/otto-divans-trisvietigs\/","title":{"rendered":"Otto d\u012bv\u0101ns"},"content":{"rendered":"<p>&nbsp;<\/p>\n<p><img decoding=\"async\" style=\"width: 584px; height: 149px;\" src=\"\/upload\/Kolekcijas\/Otto\/otto_3vietigs.png\" alt=\"\" \/><\/p>\n","protected":false},"excerpt":{"rendered":"<p>Gais\u012bgi, puf\u012bgi un debe\u0161\u0137\u012bgi \u0113rti!<\/p>\n<div id=\"gtx-trans\" style=\"position: absolute; left: -33px; top: 37.6667px;\">\n<div class=\"gtx-trans-icon\"><\/div>\n<\/div>\n","protected":false},"featured_media":15665,"template":"","meta":{"_acf_changed":false,"iawp_total_views":8},"product_brand":[],"product_cat":[26,50,89],"product_tag":[726],"class_list":{"0":"post-1104","1":"product","2":"type-product","3":"status-publish","4":"has-post-thumbnail","6":"product_cat-kolekcijas","7":"product_cat-otto","8":"product_cat-kresli-un-divani","9":"product_tag-audums","11":"first","12":"instock","13":"shipping-taxable","14":"product-type-simple"},"acf":[],"_links":{"self":[{"href":"https:\/\/heavens-furniture.com\/lv\/wp-json\/wp\/v2\/product\/1104\/"}],"collection":[{"href":"https:\/\/heavens-furniture.com\/lv\/wp-json\/wp\/v2\/product\/"}],"about":[{"href":"https:\/\/heavens-furniture.com\/lv\/wp-json\/wp\/v2\/types\/product\/"}],"wp:featuredmedia":[{"embeddable":true,"href":"https:\/\/heavens-furniture.com\/lv\/wp-json\/wp\/v2\/media\/15665\/"}],"wp:attachment":[{"href":"https:\/\/heavens-furniture.com\/lv\/wp-json\/wp\/v2\/media\/?parent=1104"}],"wp:term":[{"taxonomy":"product_brand","embeddable":true,"href":"https:\/\/heavens-furniture.com\/lv\/wp-json\/wp\/v2\/product_brand\/?post=1104"},{"taxonomy":"product_cat","embeddable":true,"href":"https:\/\/heavens-furniture.com\/lv\/wp-json\/wp\/v2\/product_cat\/?post=1104"},{"taxonomy":"product_tag","embeddable":true,"href":"https:\/\/heavens-furniture.com\/lv\/wp-json\/wp\/v2\/product_tag\/?post=1104"}],"curies":[{"name":"wp","href":"https:\/\/api.w.org\/{rel}","templated":true}]}}