{"id":11346,"date":"2019-10-16T09:04:18","date_gmt":"2019-10-16T09:04:18","guid":{"rendered":"https:\/\/heavens-furniture.com\/?post_type=product&#038;p=11346"},"modified":"2023-11-29T13:27:27","modified_gmt":"2023-11-29T13:27:27","slug":"sofija-gulta","status":"publish","type":"product","link":"https:\/\/heavens-furniture.com\/lv\/produkti\/sofija-gulta\/","title":{"rendered":"Sofija gulta"},"content":{"rendered":"","protected":false},"excerpt":{"rendered":"<p>Vieglas met\u0101la k\u0101jas, paplatin\u0101tais galvga\u013ca no\u0161uvums un akcent\u0113t\u0101s bant\u012btes &#8211; \u0161\u012bs visas deta\u013cas atdz\u012bvin\u0101s jebkuru gu\u013camistabu.<\/p>\n","protected":false},"featured_media":17538,"template":"","meta":{"_acf_changed":false,"iawp_total_views":8},"product_brand":[],"product_cat":[20,229,26,751],"product_tag":[723,726],"class_list":{"0":"post-11346","1":"product","2":"type-product","3":"status-publish","4":"has-post-thumbnail","6":"product_cat-gultas","7":"product_cat-auduma-gultas","8":"product_cat-kolekcijas","9":"product_cat-sofija-lv","10":"product_tag-atsperlistes","11":"product_tag-audums","13":"first","14":"instock","15":"shipping-taxable","16":"product-type-simple"},"acf":[],"_links":{"self":[{"href":"https:\/\/heavens-furniture.com\/lv\/wp-json\/wp\/v2\/product\/11346\/"}],"collection":[{"href":"https:\/\/heavens-furniture.com\/lv\/wp-json\/wp\/v2\/product\/"}],"about":[{"href":"https:\/\/heavens-furniture.com\/lv\/wp-json\/wp\/v2\/types\/product\/"}],"wp:featuredmedia":[{"embeddable":true,"href":"https:\/\/heavens-furniture.com\/lv\/wp-json\/wp\/v2\/media\/17538\/"}],"wp:attachment":[{"href":"https:\/\/heavens-furniture.com\/lv\/wp-json\/wp\/v2\/media\/?parent=11346"}],"wp:term":[{"taxonomy":"product_brand","embeddable":true,"href":"https:\/\/heavens-furniture.com\/lv\/wp-json\/wp\/v2\/product_brand\/?post=11346"},{"taxonomy":"product_cat","embeddable":true,"href":"https:\/\/heavens-furniture.com\/lv\/wp-json\/wp\/v2\/product_cat\/?post=11346"},{"taxonomy":"product_tag","embeddable":true,"href":"https:\/\/heavens-furniture.com\/lv\/wp-json\/wp\/v2\/product_tag\/?post=11346"}],"curies":[{"name":"wp","href":"https:\/\/api.w.org\/{rel}","templated":true}]}}