{"id":11429,"date":"2019-10-16T19:45:34","date_gmt":"2019-10-16T19:45:34","guid":{"rendered":"https:\/\/heavens-furniture.com\/?post_type=product&#038;p=11429"},"modified":"2023-11-29T13:27:04","modified_gmt":"2023-11-29T13:27:04","slug":"sofija-k1-kumode","status":"publish","type":"product","link":"https:\/\/heavens-furniture.com\/lv\/produkti\/sofija-k1-kumode\/","title":{"rendered":"Sofija K1 kumode"},"content":{"rendered":"","protected":false},"excerpt":{"rendered":"<p>Gu\u013camistabas kolekcijas &#8220;Sofija&#8221; kumodes izce\u013cas ar savu vieglo l\u012bniju smalkumu un minim\u0101l\u0101 stila met\u0101la k\u0101j\u0101m.<\/p>\n<div id=\"gtx-trans\" style=\"position: absolute; left: 105px; top: 14.6667px;\">\n<div class=\"gtx-trans-icon\"><\/div>\n<\/div>\n","protected":false},"featured_media":11383,"template":"","meta":{"_acf_changed":false,"iawp_total_views":6},"product_brand":[],"product_cat":[26,751,24],"product_tag":[],"class_list":{"0":"post-11429","1":"product","2":"type-product","3":"status-publish","4":"has-post-thumbnail","6":"product_cat-kolekcijas","7":"product_cat-sofija-lv","8":"product_cat-kumodes","10":"first","11":"instock","12":"shipping-taxable","13":"product-type-simple"},"acf":[],"_links":{"self":[{"href":"https:\/\/heavens-furniture.com\/lv\/wp-json\/wp\/v2\/product\/11429\/"}],"collection":[{"href":"https:\/\/heavens-furniture.com\/lv\/wp-json\/wp\/v2\/product\/"}],"about":[{"href":"https:\/\/heavens-furniture.com\/lv\/wp-json\/wp\/v2\/types\/product\/"}],"wp:featuredmedia":[{"embeddable":true,"href":"https:\/\/heavens-furniture.com\/lv\/wp-json\/wp\/v2\/media\/11383\/"}],"wp:attachment":[{"href":"https:\/\/heavens-furniture.com\/lv\/wp-json\/wp\/v2\/media\/?parent=11429"}],"wp:term":[{"taxonomy":"product_brand","embeddable":true,"href":"https:\/\/heavens-furniture.com\/lv\/wp-json\/wp\/v2\/product_brand\/?post=11429"},{"taxonomy":"product_cat","embeddable":true,"href":"https:\/\/heavens-furniture.com\/lv\/wp-json\/wp\/v2\/product_cat\/?post=11429"},{"taxonomy":"product_tag","embeddable":true,"href":"https:\/\/heavens-furniture.com\/lv\/wp-json\/wp\/v2\/product_tag\/?post=11429"}],"curies":[{"name":"wp","href":"https:\/\/api.w.org\/{rel}","templated":true}]}}